{"id":15897,"date":"2025-10-29T15:05:11","date_gmt":"2025-10-29T07:05:11","guid":{"rendered":"https:\/\/ulpmat.com\/product\/oxido-de-bario-y-estano\/"},"modified":"2025-10-29T15:05:11","modified_gmt":"2025-10-29T07:05:11","slug":"oxido-de-bario-y-estano","status":"publish","type":"product","link":"https:\/\/ulpmat.com\/es\/producto\/oxido-de-bario-y-estano\/","title":{"rendered":"\u00d3xido de bario y esta\u00f1o"},"content":{"rendered":"<h2><span style=\"font-family: georgia, palatino, serif; font-size: 14pt;\">C\u00e1todos para sputtering de \u00f3xido de bario y esta\u00f1o Descripci\u00f3n general<\/span><\/h2>\n<p><span style=\"font-family: georgia, palatino, serif;\"><span style=\"color: #0000ff;\"><a style=\"color: #0000ff;\" href=\"https:\/\/ulpmat.com\/es\/buscar\/?type=name&#038;keyword=Barium+tin+oxide\">Los c\u00e1todos para sputtering<\/a> <\/span>est\u00e1n dise\u00f1ados espec\u00edficamente para procesos avanzados de deposici\u00f3n de pel\u00edculas finas. Ofrecen una excelente estabilidad qu\u00edmica y estructura cristalina, garantizando pel\u00edculas depositadas uniformes y de alta calidad. Con una pureza del 99,9%, su densa densidad mejora significativamente las propiedades el\u00e9ctricas y \u00f3pticas de las pel\u00edculas, haci\u00e9ndolos adecuados para la deposici\u00f3n de una amplia gama de pel\u00edculas finas funcionales.<\/span><\/p>\n<p><span style=\"font-family: georgia, palatino, serif;\">Ofrecemos c\u00e1todos para sputtering de \u00f3xido de bario y esta\u00f1o en una gran variedad de formas y tama\u00f1os, incluidas formas redondas y rectangulares, y pueden personalizarse para satisfacer las necesidades del cliente. Tambi\u00e9n ofrecemos un completo <span style=\"color: #0000ff;\"><a style=\"color: #0000ff;\" href=\"https:\/\/ulpmat.com\/es\/servicio\/servicio-posventa\/\">asistencia postventa<\/a><\/span> para garantizar un uso sin preocupaciones.<\/span><\/p>\n<h2><span style=\"font-family: georgia, palatino, serif; font-size: 14pt;\">Caracter\u00edsticas del producto<\/span><\/h2>\n<p><span style=\"font-family: georgia, palatino, serif;\">Pureza: 99,9<\/span><br \/>\n<span style=\"font-family: georgia, palatino, serif;\">La estructura densa y de alta densidad garantiza una deposici\u00f3n uniforme de la pel\u00edcula fina<\/span><br \/>\n<span style=\"font-family: georgia, palatino, serif;\">Tama\u00f1os y formas personalizados<\/span><br \/>\n<span style=\"font-family: georgia, palatino, serif;\"><span style=\"color: #0000ff;\"><a style=\"color: #0000ff;\" href=\"https:\/\/ulpmat.com\/es\/servicio\/vinculacion-al-objetivo\/\">Adhesi\u00f3n al objetivo<\/a> <\/span>disponible<\/span><br \/>\n<span style=\"font-family: georgia, palatino, serif;\">Excelente estabilidad qu\u00edmica y estructura cristalina<\/span><br \/>\n<span style=\"font-family: georgia, palatino, serif;\">Adecuado para dispositivos electr\u00f3nicos, pel\u00edculas conductoras transparentes y \u00f3xidos funcionales<\/span><\/p>\n<h2><span style=\"font-size: 14pt;\"><span style=\"font-family: georgia, palatino, serif;\">Aplicaciones del c\u00e1todo para sputtering de \u00f3xido de bario y esta\u00f1o<\/span><\/span><\/h2>\n<p><span style=\"font-family: georgia, palatino, serif;\">Pel\u00edculas conductoras transparentes: materiales de \u00f3xido conductor transparente (TCO) de alto rendimiento utilizados en pantallas t\u00e1ctiles, OLED y c\u00e9lulas solares.<\/span><br \/>\n<span style=\"font-family: georgia, palatino, serif;\">Dispositivos de \u00f3xido funcional: Utilizados en la producci\u00f3n de capas de pel\u00edcula fina para dispositivos avanzados como dispositivos electr\u00f3nicos de alta movilidad y sensores de gas.<\/span><br \/>\n<span style=\"font-family: georgia, palatino, serif;\">Materiales para transistores: Utilizados como materiales de capa activa en transistores semiconductores de \u00f3xido. C\u00e9lulas solares: Utilizados como electrodos o capas tamp\u00f3n, mejoran la eficiencia y la estabilidad del dispositivo.<\/span><\/p>\n<h2><span style=\"font-family: georgia, palatino, serif; font-size: 14pt;\">Informes<\/span><\/h2>\n<p><span style=\"font-family: georgia, palatino, serif;\">Cada lote de c\u00e1todos para sputtering de BaSnO\u2083 se suministra con un detallado <span style=\"color: #0000ff;\"><a style=\"color: #0000ff;\" href=\"https:\/\/ulpmat.com\/es\/servicio\/analisis-quimico\/\">Certificado de an\u00e1lisis (COA),<\/a><\/span> Hoja de datos de seguridad del material (MSDS) y otros informes de pruebas relevantes. Se admiten pruebas de calidad de terceros para garantizar el cumplimiento de las normas del cliente y del sector.<\/span><\/p>\n","protected":false},"excerpt":{"rendered":"<p>C\u00e1todos para sputtering de \u00f3xido de bario y esta\u00f1o Descripci\u00f3n general Los c\u00e1todos para sputtering est\u00e1n dise\u00f1ados espec\u00edficamente para procesos avanzados de deposici\u00f3n de pel\u00edculas finas. Ofrecen una excelente estabilidad qu\u00edmica y estructura cristalina, garantizando pel\u00edculas depositadas uniformes y de alta calidad. Con una pureza del 99,9%, su densa densidad mejora significativamente las propiedades el\u00e9ctricas [&hellip;]<\/p>\n","protected":false},"featured_media":15898,"template":"","meta":{"_acf_changed":false},"product_brand":[132],"product_cat":[457],"product_tag":[],"class_list":{"0":"post-15897","1":"product","2":"type-product","3":"status-publish","4":"has-post-thumbnail","6":"product_brand-ulpmat","7":"product_cat-blanco-ceramico-para-sputtering","9":"first","10":"instock","11":"shipping-taxable","12":"product-type-variable"},"acf":[],"_links":{"self":[{"href":"https:\/\/ulpmat.com\/es\/wp-json\/wp\/v2\/product\/15897","targetHints":{"allow":["GET"]}}],"collection":[{"href":"https:\/\/ulpmat.com\/es\/wp-json\/wp\/v2\/product"}],"about":[{"href":"https:\/\/ulpmat.com\/es\/wp-json\/wp\/v2\/types\/product"}],"wp:featuredmedia":[{"embeddable":true,"href":"https:\/\/ulpmat.com\/es\/wp-json\/wp\/v2\/media\/15898"}],"wp:attachment":[{"href":"https:\/\/ulpmat.com\/es\/wp-json\/wp\/v2\/media?parent=15897"}],"wp:term":[{"taxonomy":"product_brand","embeddable":true,"href":"https:\/\/ulpmat.com\/es\/wp-json\/wp\/v2\/product_brand?post=15897"},{"taxonomy":"product_cat","embeddable":true,"href":"https:\/\/ulpmat.com\/es\/wp-json\/wp\/v2\/product_cat?post=15897"},{"taxonomy":"product_tag","embeddable":true,"href":"https:\/\/ulpmat.com\/es\/wp-json\/wp\/v2\/product_tag?post=15897"}],"curies":[{"name":"wp","href":"https:\/\/api.w.org\/{rel}","templated":true}]}}