{"id":15782,"date":"2025-10-29T15:05:13","date_gmt":"2025-10-29T07:05:13","guid":{"rendered":"https:\/\/ulpmat.com\/product\/titanato-de-bario-oxido-de-bario-y-titanio-2\/"},"modified":"2025-10-29T15:05:13","modified_gmt":"2025-10-29T07:05:13","slug":"titanato-de-bario-oxido-de-bario-y-titanio-2","status":"publish","type":"product","link":"https:\/\/ulpmat.com\/es\/producto\/titanato-de-bario-oxido-de-bario-y-titanio-2\/","title":{"rendered":"Titanato de bario (\u00f3xido de bario y titanio)"},"content":{"rendered":"<h2><span style=\"font-family: georgia, palatino, serif; font-size: 14pt;\">Titanato de bario en polvo Overview<\/span><\/h2>\n<p><span style=\"font-family: georgia, palatino, serif;\"><span style=\"color: #0000ff;\"><a style=\"color: #0000ff;\" href=\"https:\/\/ulpmat.com\/es\/buscar\/?type=name&#038;keyword=Barium+Titanate\">Titanato de bario<\/a> <\/span>en polvo es un material cer\u00e1mico funcional de gran pureza dise\u00f1ado para la fabricaci\u00f3n de cer\u00e1micas electr\u00f3nicas y pel\u00edculas finas. Con una pureza de hasta el 99,99%, part\u00edculas finas y uniformes y una excelente estabilidad t\u00e9rmica y qu\u00edmica, garantiza un rendimiento estable y fiable de las cer\u00e1micas y pel\u00edculas finas resultantes.<\/span><\/p>\n<p><span style=\"font-family: georgia, palatino, serif;\">Ofrecemos una gran variedad de especificaciones de polvo de titanato de bario, personalizables para satisfacer sus necesidades. Tambi\u00e9n proporcionamos un amplio soporte t\u00e9cnico y servicio posventa. No dude en ponerse en contacto con nosotros si tiene alguna pregunta.<\/span><\/p>\n<h2><span style=\"font-family: georgia, palatino, serif; font-size: 14pt;\">Caracter\u00edsticas del producto<\/span><\/h2>\n<p><span style=\"font-family: georgia, palatino, serif;\">Pureza: 99% a 99,99<\/span><br \/>\n<span style=\"font-family: georgia, palatino, serif;\">Part\u00edculas finas y uniformes, adecuadas para la sinterizaci\u00f3n de cer\u00e1mica y la deposici\u00f3n de pel\u00edculas finas<\/span><br \/>\n<span style=\"font-family: georgia, palatino, serif;\">Alta estabilidad t\u00e9rmica y qu\u00edmica<\/span><br \/>\n<span style=\"font-family: georgia, palatino, serif;\"><span style=\"color: #0000ff;\"><a style=\"color: #0000ff;\" href=\"https:\/\/ulpmat.com\/es\/servicio\/personalizacion\/\">Personalizable<\/a> <\/span>envasado<\/span><br \/>\n<span style=\"font-family: georgia, palatino, serif;\">Adecuado para cer\u00e1mica electr\u00f3nica, materiales piezoel\u00e9ctricos y dispositivos de pel\u00edcula fina<\/span><\/p>\n<h2><span style=\"font-family: georgia, palatino, serif; font-size: 14pt;\">Aplicaciones del polvo de titanato de bario<\/span><\/h2>\n<p><span style=\"font-family: georgia, palatino, serif;\">Cer\u00e1mica funcional: Utilizado en la fabricaci\u00f3n de componentes cer\u00e1micos ferroel\u00e9ctricos y piezoel\u00e9ctricos como condensadores y sensores.<\/span><br \/>\n<span style=\"font-family: georgia, palatino, serif;\">Fabricaci\u00f3n de pel\u00edculas finas: Se utiliza como polvo objetivo o materia prima en procesos de deposici\u00f3n de pel\u00edculas finas para mejorar el rendimiento de las mismas.<\/span><br \/>\n<span style=\"font-family: georgia, palatino, serif;\">Dispositivos electr\u00f3nicos: Ampliamente utilizado en la fabricaci\u00f3n de materiales diel\u00e9ctricos y dispositivos microelectr\u00f3nicos.<\/span><\/p>\n<h2><span style=\"font-family: georgia, palatino, serif; font-size: 14pt;\">Informes<\/span><\/h2>\n<p><span style=\"font-family: georgia, palatino, serif;\">Proporcionamos un <span style=\"color: #0000ff;\"><a style=\"color: #0000ff;\" href=\"https:\/\/ulpmat.com\/es\/servicio\/analisis-quimico\/\">Certificado de an\u00e1lisis (COA)<\/a><\/span>hoja de datos de seguridad del material (MSDS) y otros informes de calidad relevantes para cada lote de polvo de BaTiO\u2083. Tambi\u00e9n apoyamos las pruebas de terceros para garantizar que la calidad del producto cumple los requisitos del cliente.<\/span><\/p>\n","protected":false},"excerpt":{"rendered":"<p>Titanato de bario en polvo Overview Titanato de bario en polvo es un material cer\u00e1mico funcional de gran pureza dise\u00f1ado para la fabricaci\u00f3n de cer\u00e1micas electr\u00f3nicas y pel\u00edculas finas. Con una pureza de hasta el 99,99%, part\u00edculas finas y uniformes y una excelente estabilidad t\u00e9rmica y qu\u00edmica, garantiza un rendimiento estable y fiable de las [&hellip;]<\/p>\n","protected":false},"featured_media":15783,"template":"","meta":{"_acf_changed":false},"product_brand":[132],"product_cat":[1189],"product_tag":[],"class_list":{"0":"post-15782","1":"product","2":"type-product","3":"status-publish","4":"has-post-thumbnail","6":"product_brand-ulpmat","7":"product_cat-otros-acidos","9":"first","10":"instock","11":"shipping-taxable","12":"product-type-variable"},"acf":[],"_links":{"self":[{"href":"https:\/\/ulpmat.com\/es\/wp-json\/wp\/v2\/product\/15782","targetHints":{"allow":["GET"]}}],"collection":[{"href":"https:\/\/ulpmat.com\/es\/wp-json\/wp\/v2\/product"}],"about":[{"href":"https:\/\/ulpmat.com\/es\/wp-json\/wp\/v2\/types\/product"}],"wp:featuredmedia":[{"embeddable":true,"href":"https:\/\/ulpmat.com\/es\/wp-json\/wp\/v2\/media\/15783"}],"wp:attachment":[{"href":"https:\/\/ulpmat.com\/es\/wp-json\/wp\/v2\/media?parent=15782"}],"wp:term":[{"taxonomy":"product_brand","embeddable":true,"href":"https:\/\/ulpmat.com\/es\/wp-json\/wp\/v2\/product_brand?post=15782"},{"taxonomy":"product_cat","embeddable":true,"href":"https:\/\/ulpmat.com\/es\/wp-json\/wp\/v2\/product_cat?post=15782"},{"taxonomy":"product_tag","embeddable":true,"href":"https:\/\/ulpmat.com\/es\/wp-json\/wp\/v2\/product_tag?post=15782"}],"curies":[{"name":"wp","href":"https:\/\/api.w.org\/{rel}","templated":true}]}}