{"id":15737,"date":"2025-10-29T15:05:13","date_gmt":"2025-10-29T07:05:13","guid":{"rendered":"https:\/\/ulpmat.com\/product\/titanato-de-bario-oxido-de-bario-y-titanio\/"},"modified":"2025-10-29T15:05:13","modified_gmt":"2025-10-29T07:05:13","slug":"titanato-de-bario-oxido-de-bario-y-titanio","status":"publish","type":"product","link":"https:\/\/ulpmat.com\/es\/producto\/titanato-de-bario-oxido-de-bario-y-titanio\/","title":{"rendered":"Titanato de bario (\u00f3xido de bario y titanio)"},"content":{"rendered":"<h2><span style=\"font-family: georgia, palatino, serif; font-size: 14pt;\">C\u00e1todos de titanato de bario para sputtering Overview<\/span><\/h2>\n<p><span style=\"font-family: georgia, palatino, serif;\"><span style=\"color: #0000ff;\"><a style=\"color: #0000ff;\" href=\"https:\/\/ulpmat.com\/es\/buscar\/?type=name&#038;keyword=Barium+Strontium+Titanate\">Los c\u00e1todos para sputtering de titanato de bario<\/a><\/span>han sido dise\u00f1ados espec\u00edficamente para la deposici\u00f3n de pel\u00edculas finas cer\u00e1micas funcionales. Se caracterizan por su alta pureza y excelente densidad, lo que garantiza una deposici\u00f3n uniforme de la pel\u00edcula y un rendimiento estable. Con una pureza del 99,9% y niveles de impurezas extremadamente bajos, se utilizan ampliamente en la fabricaci\u00f3n de dispositivos ferroel\u00e9ctricos, piezoel\u00e9ctricos y capacitivos.<\/span><\/p>\n<p><span style=\"font-family: georgia, palatino, serif;\">Ofrecemos c\u00e1todos de titanato de bario para sputtering de diversas formas y tama\u00f1os, incluidas formas redondas y rectangulares, que pueden personalizarse para satisfacer las necesidades del cliente. Tambi\u00e9n ofrecemos un completo servicio postventa; no dude en <span style=\"color: #0000ff;\"><a style=\"color: #0000ff;\" href=\"https:\/\/ulpmat.com\/es\/contactanos\/\">ponerse en contacto con nosotros<\/a><\/span> con cualquier pregunta.<\/span><\/p>\n<h2><span style=\"font-family: georgia, palatino, serif; font-size: 14pt;\">Caracter\u00edsticas del producto<\/span><\/h2>\n<p><span style=\"font-family: georgia, palatino, serif;\">Pureza: 99,9<\/span><br \/>\n<span style=\"font-family: georgia, palatino, serif;\">La alta densidad garantiza una deposici\u00f3n de pel\u00edcula fina uniforme y de alta calidad<\/span><br \/>\n<span style=\"font-family: georgia, palatino, serif;\">Tama\u00f1os y formas personalizables<\/span><br \/>\n<span style=\"font-family: georgia, palatino, serif;\"><span style=\"color: #0000ff;\"><a style=\"color: #0000ff;\" href=\"https:\/\/ulpmat.com\/es\/servicio\/vinculacion-al-objetivo\/\">Adhesi\u00f3n al objetivo<\/a><\/span> disponible en<\/span><br \/>\n<span style=\"font-family: georgia, palatino, serif;\">Excelentes propiedades ferroel\u00e9ctricas y estabilidad t\u00e9rmica<\/span><\/p>\n<h2><span style=\"font-family: georgia, palatino, serif; font-size: 14pt;\">Aplicaciones del c\u00e1todo para sputtering de titanato de bario<\/span><\/h2>\n<p><span style=\"font-family: georgia, palatino, serif;\">Pel\u00edculas finas cer\u00e1micas funcionales: Ampliamente utilizados en la preparaci\u00f3n de materiales ferroel\u00e9ctricos y piezoel\u00e9ctricos, adecuados para la fabricaci\u00f3n de sensores, condensadores y memorias no vol\u00e1tiles.<\/span><br \/>\n<span style=\"font-family: georgia, palatino, serif;\">Dispositivos electr\u00f3nicos: Utilizados como materiales diel\u00e9ctricos de alto rendimiento en transistores de pel\u00edcula fina y componentes microelectr\u00f3nicos.<\/span><br \/>\n<span style=\"font-family: georgia, palatino, serif;\">Materiales optoelectr\u00f3nicos: Utilizados en la preparaci\u00f3n de pel\u00edculas finas para dispositivos optoelectr\u00f3nicos multifuncionales, mejorando el rendimiento y la fiabilidad de los dispositivos.<\/span><\/p>\n<h2><span style=\"font-family: georgia, palatino, serif; font-size: 14pt;\">Informes<\/span><\/h2>\n<p><span style=\"font-family: georgia, palatino, serif;\">Proporcionamos un<span style=\"color: #0000ff;\"><a style=\"color: #0000ff;\" href=\"https:\/\/ulpmat.com\/es\/servicio\/analisis-quimico\/\"> Certificado de an\u00e1lisis (COA),<\/a><\/span> Hoja de datos de seguridad del material (MSDS) y otros informes relevantes para cada lote de c\u00e1todos para sputtering de BaTiO\u2083. Tambi\u00e9n apoyamos las pruebas de terceros para garantizar que la calidad del producto cumple los requisitos del cliente.<\/span><\/p>\n","protected":false},"excerpt":{"rendered":"<p>C\u00e1todos de titanato de bario para sputtering Overview Los c\u00e1todos para sputtering de titanato de bariohan sido dise\u00f1ados espec\u00edficamente para la deposici\u00f3n de pel\u00edculas finas cer\u00e1micas funcionales. Se caracterizan por su alta pureza y excelente densidad, lo que garantiza una deposici\u00f3n uniforme de la pel\u00edcula y un rendimiento estable. Con una pureza del 99,9% y [&hellip;]<\/p>\n","protected":false},"featured_media":15738,"template":"","meta":{"_acf_changed":false},"product_brand":[132],"product_cat":[438],"product_tag":[],"class_list":{"0":"post-15737","1":"product","2":"type-product","3":"status-publish","4":"has-post-thumbnail","6":"product_brand-ulpmat","7":"product_cat-oxidos","9":"first","10":"instock","11":"shipping-taxable","12":"product-type-variable"},"acf":[],"_links":{"self":[{"href":"https:\/\/ulpmat.com\/es\/wp-json\/wp\/v2\/product\/15737","targetHints":{"allow":["GET"]}}],"collection":[{"href":"https:\/\/ulpmat.com\/es\/wp-json\/wp\/v2\/product"}],"about":[{"href":"https:\/\/ulpmat.com\/es\/wp-json\/wp\/v2\/types\/product"}],"wp:featuredmedia":[{"embeddable":true,"href":"https:\/\/ulpmat.com\/es\/wp-json\/wp\/v2\/media\/15738"}],"wp:attachment":[{"href":"https:\/\/ulpmat.com\/es\/wp-json\/wp\/v2\/media?parent=15737"}],"wp:term":[{"taxonomy":"product_brand","embeddable":true,"href":"https:\/\/ulpmat.com\/es\/wp-json\/wp\/v2\/product_brand?post=15737"},{"taxonomy":"product_cat","embeddable":true,"href":"https:\/\/ulpmat.com\/es\/wp-json\/wp\/v2\/product_cat?post=15737"},{"taxonomy":"product_tag","embeddable":true,"href":"https:\/\/ulpmat.com\/es\/wp-json\/wp\/v2\/product_tag?post=15737"}],"curies":[{"name":"wp","href":"https:\/\/api.w.org\/{rel}","templated":true}]}}