{"id":15660,"date":"2025-10-29T15:05:14","date_gmt":"2025-10-29T07:05:14","guid":{"rendered":"https:\/\/ulpmat.com\/product\/oxido-de-bario-y-vanadio\/"},"modified":"2025-10-29T15:05:14","modified_gmt":"2025-10-29T07:05:14","slug":"oxido-de-bario-y-vanadio","status":"publish","type":"product","link":"https:\/\/ulpmat.com\/es\/producto\/oxido-de-bario-y-vanadio\/","title":{"rendered":"\u00d3xido de bario y vanadio"},"content":{"rendered":"<h2><span style=\"font-family: georgia, palatino, serif; font-size: 14pt;\">C\u00e1todos para sputtering de \u00d3xido de Bario Vanadio Visi\u00f3n general<\/span><\/h2>\n<p><span style=\"font-family: georgia, palatino, serif;\"><span style=\"color: #0000ff;\"><a style=\"color: #0000ff;\" href=\"https:\/\/ulpmat.com\/es\/buscar\/?type=name&#038;keyword=Barium+Vanadium+Oxide\">Los c\u00e1todos para sputtering<\/a><\/span> est\u00e1n espec\u00edficamente dise\u00f1ados para procesos de deposici\u00f3n de pel\u00edculas finas. Se caracterizan por su alta pureza y excelente densidad, garantizando una formaci\u00f3n de pel\u00edcula uniforme y una calidad de pel\u00edcula consistente. Con una pureza de hasta el 99,99% y niveles de impurezas extremadamente bajos, destacan en la fabricaci\u00f3n de pel\u00edculas finas cer\u00e1micas funcionales y dispositivos electr\u00f3nicos.<\/span><\/p>\n<p><span style=\"font-family: georgia, palatino, serif;\">Ofrecemos c\u00e1todos para sputtering de \u00f3xido de bario y vanadio en una gran variedad de formas y tama\u00f1os, incluidas formas redondas y rectangulares, que pueden personalizarse para satisfacer las necesidades del cliente. Tambi\u00e9n ofrecemos un completo servicio postventa; no dude en <span style=\"color: #0000ff;\"><a style=\"color: #0000ff;\" href=\"https:\/\/ulpmat.com\/es\/contactanos\/\">ponerse en contacto con nosotros<\/a> <\/span>con cualquier pregunta.<\/span><\/p>\n<h2><span style=\"font-family: georgia, palatino, serif; font-size: 14pt;\">Caracter\u00edsticas del producto<\/span><\/h2>\n<p><span style=\"font-family: georgia, palatino, serif;\">Pureza: del 99,9% al 99,99<\/span><br \/>\n<span style=\"font-family: georgia, palatino, serif;\">La alta densidad garantiza un crecimiento uniforme de la pel\u00edcula fina<\/span><br \/>\n<span style=\"font-family: georgia, palatino, serif;\">Tama\u00f1o y forma personalizables<\/span><br \/>\n<span style=\"font-family: georgia, palatino, serif;\"><span style=\"color: #0000ff;\"><a style=\"color: #0000ff;\" href=\"https:\/\/ulpmat.com\/es\/servicio\/vinculacion-al-objetivo\/\">Servicio de<\/a> <\/span>servicio disponible<\/span><br \/>\n<span style=\"font-family: georgia, palatino, serif;\">Excelente estabilidad qu\u00edmica y propiedades mec\u00e1nicas<\/span><\/p>\n<h2><span style=\"font-family: georgia, palatino, serif; font-size: 14pt;\">Aplicaciones del c\u00e1todo para sputtering de \u00d3xido de Bario Vanadio<\/span><\/h2>\n<p><span style=\"font-family: georgia, palatino, serif;\">Pel\u00edculas finas cer\u00e1micas funcionales: Utilizado para la producci\u00f3n de pel\u00edculas finas de \u00f3xido de perovskita de alto rendimiento para sensores, dispositivos ferroel\u00e9ctricos, etc.<\/span><br \/>\n<span style=\"font-family: georgia, palatino, serif;\">Dispositivos electr\u00f3nicos: Excelente rendimiento en aplicaciones semiconductoras y electrocatal\u00edticas, adecuado para la fabricaci\u00f3n de transistores y electrodos de pel\u00edcula fina de alto rendimiento.<\/span><br \/>\n<span style=\"font-family: georgia, palatino, serif;\">Materiales optoelectr\u00f3nicos multifuncionales: Utilizados en pel\u00edculas finas fotovoltaicas y \u00f3pticas para mejorar la eficiencia y estabilidad de los dispositivos.<\/span><\/p>\n<h2><span style=\"font-family: georgia, palatino, serif; font-size: 14pt;\">Informes<\/span><\/h2>\n<p><span style=\"font-family: georgia, palatino, serif;\">Cada lote de c\u00e1todos para sputtering de BaVO\u2083 se suministra con un <span style=\"color: #0000ff;\"><a style=\"color: #0000ff;\" href=\"https:\/\/ulpmat.com\/es\/servicio\/analisis-quimico\/\">Certificado de an\u00e1lisis (COA)<\/a><\/span>ficha de datos de seguridad del material (MSDS) e informes de calidad pertinentes. Tambi\u00e9n ofrecemos servicios de pruebas de terceros para garantizar que la calidad del producto cumple los est\u00e1ndares del cliente.<\/span><\/p>\n","protected":false},"excerpt":{"rendered":"<p>C\u00e1todos para sputtering de \u00d3xido de Bario Vanadio Visi\u00f3n general Los c\u00e1todos para sputtering est\u00e1n espec\u00edficamente dise\u00f1ados para procesos de deposici\u00f3n de pel\u00edculas finas. Se caracterizan por su alta pureza y excelente densidad, garantizando una formaci\u00f3n de pel\u00edcula uniforme y una calidad de pel\u00edcula consistente. Con una pureza de hasta el 99,99% y niveles de [&hellip;]<\/p>\n","protected":false},"featured_media":15661,"template":"","meta":{"_acf_changed":false},"product_brand":[132],"product_cat":[457],"product_tag":[],"class_list":{"0":"post-15660","1":"product","2":"type-product","3":"status-publish","4":"has-post-thumbnail","6":"product_brand-ulpmat","7":"product_cat-blanco-ceramico-para-sputtering","9":"first","10":"instock","11":"shipping-taxable","12":"product-type-variable"},"acf":[],"_links":{"self":[{"href":"https:\/\/ulpmat.com\/es\/wp-json\/wp\/v2\/product\/15660","targetHints":{"allow":["GET"]}}],"collection":[{"href":"https:\/\/ulpmat.com\/es\/wp-json\/wp\/v2\/product"}],"about":[{"href":"https:\/\/ulpmat.com\/es\/wp-json\/wp\/v2\/types\/product"}],"wp:featuredmedia":[{"embeddable":true,"href":"https:\/\/ulpmat.com\/es\/wp-json\/wp\/v2\/media\/15661"}],"wp:attachment":[{"href":"https:\/\/ulpmat.com\/es\/wp-json\/wp\/v2\/media?parent=15660"}],"wp:term":[{"taxonomy":"product_brand","embeddable":true,"href":"https:\/\/ulpmat.com\/es\/wp-json\/wp\/v2\/product_brand?post=15660"},{"taxonomy":"product_cat","embeddable":true,"href":"https:\/\/ulpmat.com\/es\/wp-json\/wp\/v2\/product_cat?post=15660"},{"taxonomy":"product_tag","embeddable":true,"href":"https:\/\/ulpmat.com\/es\/wp-json\/wp\/v2\/product_tag?post=15660"}],"curies":[{"name":"wp","href":"https:\/\/api.w.org\/{rel}","templated":true}]}}