{"id":15568,"date":"2025-10-30T11:35:48","date_gmt":"2025-10-30T03:35:48","guid":{"rendered":"https:\/\/ulpmat.com\/product\/cesio-metalico\/"},"modified":"2025-10-30T11:35:48","modified_gmt":"2025-10-30T03:35:48","slug":"cesio-metalico","status":"publish","type":"product","link":"https:\/\/ulpmat.com\/es\/producto\/cesio-metalico\/","title":{"rendered":"Cesio met\u00e1lico"},"content":{"rendered":"<h2><span style=\"font-family: georgia, palatino, serif; font-size: 14pt;\">Protuberancia de cesio met\u00e1lico<\/span><\/h2>\n<p><span style=\"font-family: georgia, palatino, serif;\"><span style=\"color: #0000ff;\"><a style=\"color: #0000ff;\" href=\"https:\/\/ulpmat.com\/es\/buscar\/?type=name&#038;keyword=Cesium+meta\"> El cesio met\u00e1lico<\/a><\/span> es un metal alcalino extremadamente activo, de brillo blanco plateado y textura blanda. Se utiliza habitualmente en campos de vanguardia como la fabricaci\u00f3n de tubos de electrones, propulsores i\u00f3nicos, electr\u00f3nica de vac\u00edo, investigaci\u00f3n qu\u00edmica y materiales optoelectr\u00f3nicos. Su pureza puede superar el 99,985%, y se aplican estrictos requisitos de almacenamiento y transporte.<\/span><\/p>\n<p><span style=\"font-family: georgia, palatino, serif;\">Ofrecemos grumos met\u00e1licos de cesio de gran pureza, envases personalizados disponibles y un completo soporte t\u00e9cnico y de seguridad. Si tiene alguna pregunta sobre el env\u00edo o el uso, no dude en<span style=\"color: #0000ff;\"><a style=\"color: #0000ff;\" href=\"https:\/\/ulpmat.com\/es\/contactanos\/\"> ponerse en contacto con nosotros<\/a><\/span>.<\/span><\/p>\n<h2><span style=\"font-family: georgia, palatino, serif; font-size: 14pt;\">Caracter\u00edsticas del producto<\/span><\/h2>\n<p><span style=\"font-family: georgia, palatino, serif;\">Pureza: 99,9% a 99,985%<\/span><br \/>\n<span style=\"font-family: georgia, palatino, serif;\">Metal muy reactivo, muy reactivo con el aire y el agua<\/span><br \/>\n<span style=\"font-family: georgia, palatino, serif;\">Envase de vidrio o sellado con aceite disponible<\/span><br \/>\n<span style=\"font-family: georgia, palatino, serif;\">Adecuado para electr\u00f3nica, aeroespacial, s\u00edntesis qu\u00edmica e investigaci\u00f3n de materiales<\/span><\/p>\n<h2><span style=\"font-family: georgia, palatino, serif; font-size: 14pt;\">Aplicaciones de los grumos met\u00e1licos de cesio<\/span><\/h2>\n<p><span style=\"font-family: georgia, palatino, serif;\">Dispositivos optoelectr\u00f3nicos: Se utiliza como fotoc\u00e1todo en c\u00e9lulas fotovoltaicas, detectores de infrarrojos y equipos de visi\u00f3n nocturna.<\/span><br \/>\n<span style=\"font-family: georgia, palatino, serif;\">Propulsores i\u00f3nicos: Utilizados como fuentes de iones en sistemas de propulsi\u00f3n por plasma.<\/span><br \/>\n<span style=\"font-family: georgia, palatino, serif;\">Formaci\u00f3n de aleaciones: Forma aleaciones especiales con metales como el oro, el sodio y el mercurio para experimentos f\u00edsicos a baja temperatura. Desarrollo de catalizadores: Utilizado como coagente o promotor b\u00e1sico en reacciones organocatal\u00edticas altamente selectivas.<\/span><br \/>\n<span style=\"font-family: georgia, palatino, serif;\">Investigaci\u00f3n y ense\u00f1anza: Utilizado para demostraciones de investigaci\u00f3n y ense\u00f1anza de mecanismos fundamentales de reacci\u00f3n de metales.<\/span><\/p>\n<h2><span style=\"font-family: georgia, palatino, serif; font-size: 14pt;\">Informe<\/span><\/h2>\n<p><span style=\"font-family: georgia, palatino, serif;\">Cada lote de producto se suministra con un <span style=\"color: #0000ff;\"><a style=\"color: #0000ff;\" href=\"https:\/\/ulpmat.com\/es\/servicio\/analisis-quimico\/\">Certificado de An\u00e1lisis (COA),<\/a><\/span> Hoja de datos de seguridad del material (MSDS) e instrucciones especiales de env\u00edo y almacenamiento. Apoyamos las pruebas de pureza de terceros requeridas por nuestros clientes para garantizar el rendimiento y la seguridad del producto.<\/span><\/p>\n","protected":false},"excerpt":{"rendered":"<p>Protuberancia de cesio met\u00e1lico El cesio met\u00e1lico es un metal alcalino extremadamente activo, de brillo blanco plateado y textura blanda. Se utiliza habitualmente en campos de vanguardia como la fabricaci\u00f3n de tubos de electrones, propulsores i\u00f3nicos, electr\u00f3nica de vac\u00edo, investigaci\u00f3n qu\u00edmica y materiales optoelectr\u00f3nicos. Su pureza puede superar el 99,985%, y se aplican estrictos requisitos [&hellip;]<\/p>\n","protected":false},"featured_media":15569,"template":"","meta":{"_acf_changed":false},"product_brand":[132],"product_cat":[408],"product_tag":[],"class_list":{"0":"post-15568","1":"product","2":"type-product","3":"status-publish","4":"has-post-thumbnail","6":"product_brand-ulpmat","7":"product_cat-otros-materiales","9":"first","10":"instock","11":"shipping-taxable","12":"product-type-variable"},"acf":[],"_links":{"self":[{"href":"https:\/\/ulpmat.com\/es\/wp-json\/wp\/v2\/product\/15568","targetHints":{"allow":["GET"]}}],"collection":[{"href":"https:\/\/ulpmat.com\/es\/wp-json\/wp\/v2\/product"}],"about":[{"href":"https:\/\/ulpmat.com\/es\/wp-json\/wp\/v2\/types\/product"}],"wp:featuredmedia":[{"embeddable":true,"href":"https:\/\/ulpmat.com\/es\/wp-json\/wp\/v2\/media\/15569"}],"wp:attachment":[{"href":"https:\/\/ulpmat.com\/es\/wp-json\/wp\/v2\/media?parent=15568"}],"wp:term":[{"taxonomy":"product_brand","embeddable":true,"href":"https:\/\/ulpmat.com\/es\/wp-json\/wp\/v2\/product_brand?post=15568"},{"taxonomy":"product_cat","embeddable":true,"href":"https:\/\/ulpmat.com\/es\/wp-json\/wp\/v2\/product_cat?post=15568"},{"taxonomy":"product_tag","embeddable":true,"href":"https:\/\/ulpmat.com\/es\/wp-json\/wp\/v2\/product_tag?post=15568"}],"curies":[{"name":"wp","href":"https:\/\/api.w.org\/{rel}","templated":true}]}}