{"id":15455,"date":"2025-10-30T11:35:50","date_gmt":"2025-10-30T03:35:50","guid":{"rendered":"https:\/\/ulpmat.com\/product\/fluoruro-de-cesio\/"},"modified":"2025-10-30T11:35:50","modified_gmt":"2025-10-30T03:35:50","slug":"fluoruro-de-cesio","status":"publish","type":"product","link":"https:\/\/ulpmat.com\/es\/producto\/fluoruro-de-cesio\/","title":{"rendered":"Fluoruro de cesio"},"content":{"rendered":"<h2><span style=\"font-family: georgia, palatino, serif; font-size: 14pt;\">Fluoruro de cesio en polvo Overview<\/span><\/h2>\n<p><span style=\"font-family: georgia, palatino, serif;\"><span style=\"color: #0000ff;\"><a style=\"color: #0000ff;\" href=\"https:\/\/ulpmat.com\/es\/buscar\/?type=name&#038;keyword=Cesium+fluoride\">El fluoruro de cesio<\/a><\/span> en polvo es un importante fluoruro inorg\u00e1nico de excelente conductividad i\u00f3nica, gran estabilidad t\u00e9rmica y excepcional pureza qu\u00edmica. Se utiliza ampliamente en optoelectr\u00f3nica, electr\u00f3nica, energ\u00eda nuclear y qu\u00edmica sint\u00e9tica.<\/span><\/p>\n<p><span style=\"font-family: georgia, palatino, serif;\">Ofrecemos polvo de fluoruro de cesio al 99% con impurezas extremadamente bajas. Podemos personalizar la distribuci\u00f3n del tama\u00f1o de las part\u00edculas para satisfacer las necesidades del cliente, garantizando un rendimiento \u00f3ptimo en diversas aplicaciones de gama alta. Tambi\u00e9n ofrecemos un completo <span style=\"color: #0000ff;\"><a style=\"color: #0000ff;\" href=\"https:\/\/ulpmat.com\/es\/servicio\/servicio-posventa\/\">servicio posventa<\/a> <\/span>postventa.<\/span><\/p>\n<h2><span style=\"font-family: georgia, palatino, serif; font-size: 14pt;\">Caracter\u00edsticas del producto<\/span><\/h2>\n<p><span style=\"font-family: georgia, palatino, serif;\">Pureza: 99<\/span><br \/>\n<span style=\"font-family: georgia, palatino, serif;\">Tama\u00f1o de las part\u00edculas: Personalizable<\/span><br \/>\n<span style=\"font-family: georgia, palatino, serif;\">Presentaci\u00f3n: Personalizable<\/span><br \/>\n<span style=\"font-family: georgia, palatino, serif;\">Excelente estabilidad<\/span><\/p>\n<h2><span style=\"font-family: georgia, palatino, serif; font-size: 14pt;\">Aplicaciones del fluoruro de cesio en polvo<\/span><\/h2>\n<p><span style=\"font-family: georgia, palatino, serif;\">Materiales electr\u00f3nicos\/optoelectr\u00f3nicos: Sirve como material funcional en conductores i\u00f3nicos, revestimientos \u00f3pticos y electr\u00f3nica de vac\u00edo.<\/span><br \/>\n<span style=\"font-family: georgia, palatino, serif;\">Qu\u00edmica sint\u00e9tica: Sirve como fuente de fl\u00faor en reacciones de fluoraci\u00f3n org\u00e1nica, como las reacciones de sustituci\u00f3n nucleof\u00edlica de compuestos arom\u00e1ticos.<\/span><br \/>\n<span style=\"font-family: georgia, palatino, serif;\">Industria nuclear: El CsF se utiliza como componente de la sal fundida en los reactores de sales fundidas, participando en la conducci\u00f3n del calor y el control de las reacciones neutr\u00f3nicas.<\/span><br \/>\n<span style=\"font-family: georgia, palatino, serif;\">Aplicaciones en investigaci\u00f3n: Se utiliza en el desarrollo de nuevos materiales, pel\u00edculas finas funcionales y sistemas de electrolitos para bater\u00edas.<\/span><\/p>\n<h2><span style=\"font-family: georgia, palatino, serif; font-size: 14pt;\">Informes<\/span><\/h2>\n<p><span style=\"font-family: georgia, palatino, serif;\">Proporcionamos un <span style=\"color: #0000ff;\"><a style=\"color: #0000ff;\" href=\"https:\/\/ulpmat.com\/es\/servicio\/analisis-quimico\/\">Certificado de an\u00e1lisis (COA),<\/a><\/span> Hoja de datos de seguridad del material (MSDS) y otros informes relevantes con cada env\u00edo. Tambi\u00e9n realizamos pruebas a terceros para mejorar la garant\u00eda de calidad.<\/span><\/p>\n","protected":false},"excerpt":{"rendered":"<p>Fluoruro de cesio en polvo Overview El fluoruro de cesio en polvo es un importante fluoruro inorg\u00e1nico de excelente conductividad i\u00f3nica, gran estabilidad t\u00e9rmica y excepcional pureza qu\u00edmica. Se utiliza ampliamente en optoelectr\u00f3nica, electr\u00f3nica, energ\u00eda nuclear y qu\u00edmica sint\u00e9tica. Ofrecemos polvo de fluoruro de cesio al 99% con impurezas extremadamente bajas. Podemos personalizar la distribuci\u00f3n [&hellip;]<\/p>\n","protected":false},"featured_media":15456,"template":"","meta":{"_acf_changed":false},"product_brand":[132],"product_cat":[330],"product_tag":[],"class_list":{"0":"post-15455","1":"product","2":"type-product","3":"status-publish","4":"has-post-thumbnail","6":"product_brand-ulpmat","7":"product_cat-materiales-halogenados","9":"first","10":"instock","11":"shipping-taxable","12":"product-type-variable"},"acf":[],"_links":{"self":[{"href":"https:\/\/ulpmat.com\/es\/wp-json\/wp\/v2\/product\/15455","targetHints":{"allow":["GET"]}}],"collection":[{"href":"https:\/\/ulpmat.com\/es\/wp-json\/wp\/v2\/product"}],"about":[{"href":"https:\/\/ulpmat.com\/es\/wp-json\/wp\/v2\/types\/product"}],"wp:featuredmedia":[{"embeddable":true,"href":"https:\/\/ulpmat.com\/es\/wp-json\/wp\/v2\/media\/15456"}],"wp:attachment":[{"href":"https:\/\/ulpmat.com\/es\/wp-json\/wp\/v2\/media?parent=15455"}],"wp:term":[{"taxonomy":"product_brand","embeddable":true,"href":"https:\/\/ulpmat.com\/es\/wp-json\/wp\/v2\/product_brand?post=15455"},{"taxonomy":"product_cat","embeddable":true,"href":"https:\/\/ulpmat.com\/es\/wp-json\/wp\/v2\/product_cat?post=15455"},{"taxonomy":"product_tag","embeddable":true,"href":"https:\/\/ulpmat.com\/es\/wp-json\/wp\/v2\/product_tag?post=15455"}],"curies":[{"name":"wp","href":"https:\/\/api.w.org\/{rel}","templated":true}]}}