{"id":15411,"date":"2025-10-30T11:35:51","date_gmt":"2025-10-30T03:35:51","guid":{"rendered":"https:\/\/ulpmat.com\/product\/yoduro-de-cesio\/"},"modified":"2025-10-30T11:35:51","modified_gmt":"2025-10-30T03:35:51","slug":"yoduro-de-cesio","status":"publish","type":"product","link":"https:\/\/ulpmat.com\/es\/producto\/yoduro-de-cesio\/","title":{"rendered":"Yoduro de cesio"},"content":{"rendered":"<h2><span style=\"font-family: georgia, palatino, serif; font-size: 14pt;\">C\u00e1todos para sputtering de yoduro de cesio Descripci\u00f3n general<\/span><\/h2>\n<p><span style=\"font-family: georgia, palatino, serif;\"><span style=\"color: #0000ff;\"><a style=\"color: #0000ff;\" href=\"https:\/\/ulpmat.com\/es\/buscar\/?type=name&#038;keyword=Cesium+Iodide\"> Los c\u00e1todos para sputtering de yoduro de cesio<\/a> <\/span>son materiales de alta pureza dise\u00f1ados espec\u00edficamente para la fabricaci\u00f3n de dispositivos optoelectr\u00f3nicos y pel\u00edculas finas \u00f3pticas de alto rendimiento, que ofrecen una excelente densidad y una formaci\u00f3n de pel\u00edcula uniforme. Con una pureza del 99,99%, estos c\u00e1todos garantizan que las pel\u00edculas depositadas posean excelentes propiedades \u00f3pticas y propiedades qu\u00edmicas estables. Se utilizan ampliamente en fotodetectores, centelleadores y revestimientos de protecci\u00f3n contra radiaciones.<\/span><\/p>\n<p><span style=\"font-family: georgia, palatino, serif;\">Ofrecemos c\u00e1todos para sputtering de yoduro de cesio en una variedad de tama\u00f1os y formas, incluidas formas redondas y rectangulares, y pueden personalizarse para satisfacer las necesidades del cliente. Amplio soporte t\u00e9cnico en<span style=\"color: #0000ff;\"><a style=\"color: #0000ff;\" href=\"https:\/\/ulpmat.com\/es\/servicio\/asistencia-tecnica\/\"> asistencia t\u00e9cnica <\/a><\/span>y el servicio posventa garantizan una producci\u00f3n e I+D sin problemas.<\/span><\/p>\n<h2><span style=\"font-family: georgia, palatino, serif; font-size: 14pt;\">Caracter\u00edsticas del producto<\/span><\/h2>\n<p><span style=\"font-family: georgia, palatino, serif;\">Pureza: 99,99<\/span><br \/>\n<span style=\"font-family: georgia, palatino, serif;\">La alta densidad garantiza una deposici\u00f3n uniforme de la pel\u00edcula fina<\/span><br \/>\n<span style=\"font-family: georgia, palatino, serif;\">Tama\u00f1os y formas personalizables para satisfacer diversos requisitos de proceso<\/span><br \/>\n<span style=\"font-family: georgia, palatino, serif;\"><span style=\"color: #0000ff;\"><a style=\"color: #0000ff;\" href=\"https:\/\/ulpmat.com\/es\/servicio\/vinculacion-al-objetivo\/\">Servicios de<\/a> <\/span>servicios disponibles<\/span><br \/>\n<span style=\"font-family: georgia, palatino, serif;\">Adecuado para dispositivos optoelectr\u00f3nicos, centelleadores y revestimientos \u00f3pticos de alto rendimiento<\/span><\/p>\n<h2><span style=\"font-family: georgia, palatino, serif; font-size: 14pt;\">Aplicaciones de los c\u00e1todos para sputtering de yoduro de cesio<\/span><\/h2>\n<p><span style=\"font-family: georgia, palatino, serif;\">Dispositivos optoelectr\u00f3nicos: Utilizados como materiales funcionales de pel\u00edcula fina en fotodetectores y dispositivos de formaci\u00f3n de im\u00e1genes.<\/span><br \/>\n<span style=\"font-family: georgia, palatino, serif;\">Materiales centelleadores: Muy utilizados en im\u00e1genes m\u00e9dicas y detectores de radiaci\u00f3n nuclear.<\/span><br \/>\n<span style=\"font-family: georgia, palatino, serif;\">Revestimientos de blindaje contra radiaciones: Utilizados en la fabricaci\u00f3n de blindaje contra rayos X y materiales de protecci\u00f3n para la industria nuclear. Pel\u00edculas \u00f3pticas finas: Crean capas altamente transparentes o reflectantes en espejos y sistemas l\u00e1ser.<\/span><\/p>\n<h2><span style=\"font-family: georgia, palatino, serif; font-size: 14pt;\">Informes<\/span><\/h2>\n<p><span style=\"font-family: georgia, palatino, serif;\">Proporcionamos un <span style=\"color: #0000ff;\"><a style=\"color: #0000ff;\" href=\"https:\/\/ulpmat.com\/es\/servicio\/analisis-quimico\/\">Certificado de an\u00e1lisis (COA),<\/a><\/span> Hoja de datos de seguridad del material (MSDS) e informes de pruebas de rendimiento relevantes para cada lote de c\u00e1todos para sputtering de CsI. Apoyamos las pruebas de terceros para garantizar una calidad de producto consistente y fiable.<\/span><\/p>\n","protected":false},"excerpt":{"rendered":"<p>C\u00e1todos para sputtering de yoduro de cesio Descripci\u00f3n general Los c\u00e1todos para sputtering de yoduro de cesio son materiales de alta pureza dise\u00f1ados espec\u00edficamente para la fabricaci\u00f3n de dispositivos optoelectr\u00f3nicos y pel\u00edculas finas \u00f3pticas de alto rendimiento, que ofrecen una excelente densidad y una formaci\u00f3n de pel\u00edcula uniforme. Con una pureza del 99,99%, estos c\u00e1todos [&hellip;]<\/p>\n","protected":false},"featured_media":15412,"template":"","meta":{"_acf_changed":false},"product_brand":[132],"product_cat":[457],"product_tag":[],"class_list":{"0":"post-15411","1":"product","2":"type-product","3":"status-publish","4":"has-post-thumbnail","6":"product_brand-ulpmat","7":"product_cat-blanco-ceramico-para-sputtering","9":"first","10":"instock","11":"shipping-taxable","12":"product-type-variable"},"acf":[],"_links":{"self":[{"href":"https:\/\/ulpmat.com\/es\/wp-json\/wp\/v2\/product\/15411","targetHints":{"allow":["GET"]}}],"collection":[{"href":"https:\/\/ulpmat.com\/es\/wp-json\/wp\/v2\/product"}],"about":[{"href":"https:\/\/ulpmat.com\/es\/wp-json\/wp\/v2\/types\/product"}],"wp:featuredmedia":[{"embeddable":true,"href":"https:\/\/ulpmat.com\/es\/wp-json\/wp\/v2\/media\/15412"}],"wp:attachment":[{"href":"https:\/\/ulpmat.com\/es\/wp-json\/wp\/v2\/media?parent=15411"}],"wp:term":[{"taxonomy":"product_brand","embeddable":true,"href":"https:\/\/ulpmat.com\/es\/wp-json\/wp\/v2\/product_brand?post=15411"},{"taxonomy":"product_cat","embeddable":true,"href":"https:\/\/ulpmat.com\/es\/wp-json\/wp\/v2\/product_cat?post=15411"},{"taxonomy":"product_tag","embeddable":true,"href":"https:\/\/ulpmat.com\/es\/wp-json\/wp\/v2\/product_tag?post=15411"}],"curies":[{"name":"wp","href":"https:\/\/api.w.org\/{rel}","templated":true}]}}