{"id":15387,"date":"2025-10-30T11:35:51","date_gmt":"2025-10-30T03:35:51","guid":{"rendered":"https:\/\/ulpmat.com\/product\/hidroxido-de-cesio-hidrato\/"},"modified":"2025-10-30T11:35:51","modified_gmt":"2025-10-30T03:35:51","slug":"hidroxido-de-cesio-hidrato","status":"publish","type":"product","link":"https:\/\/ulpmat.com\/es\/producto\/hidroxido-de-cesio-hidrato\/","title":{"rendered":"Hidr\u00f3xido de cesio hidrato"},"content":{"rendered":"<h2><span style=\"font-family: georgia, palatino, serif; font-size: 14pt;\">Hidr\u00f3xido de cesio en polvo Overview<\/span><\/h2>\n<p><span style=\"font-family: georgia, palatino, serif;\"><span style=\"color: #0000ff;\"><a style=\"color: #0000ff;\" href=\"https:\/\/ulpmat.com\/es\/buscar\/?type=name&#038;keyword=Cesium+hydroxide+hydrate\">El hidr\u00f3xido de cesio<\/a> <\/span>es un compuesto inorg\u00e1nico de gran pureza que se utiliza habitualmente en aplicaciones avanzadas como s\u00edntesis, cat\u00e1lisis e investigaci\u00f3n de electrolitos. Nuestro polvo de hidrato de hidr\u00f3xido de cesio presenta unos niveles de impurezas extremadamente bajos y una excelente estabilidad, por lo que satisface las necesidades de usuarios cient\u00edficos e industriales en una gran variedad de entornos extremos.<\/span><\/p>\n<p><span style=\"font-family: georgia, palatino, serif;\">Ofrecemos diferentes grados de polvo de CsOH-H\u2082O y podemos personalizar las especificaciones de envasado para satisfacer las necesidades del cliente. Todos los productos van acompa\u00f1ados de los correspondientes informes de inspecci\u00f3n de calidad para garantizar su trazabilidad y estabilidad.<\/span><\/p>\n<h2><span style=\"font-family: georgia, palatino, serif; font-size: 14pt;\">Caracter\u00edsticas del producto<\/span><\/h2>\n<p><span style=\"font-family: georgia, palatino, serif;\">Pureza: 99,9<\/span><br \/>\n<span style=\"font-family: georgia, palatino, serif;\">Hidr\u00f3xido de cesio que contiene un hidrato de cristalizaci\u00f3n<\/span><br \/>\n<span style=\"font-family: georgia, palatino, serif;\">Altamente higrosc\u00f3pico y altamente reactivo<\/span><br \/>\n<span style=\"font-family: georgia, palatino, serif;\">Envase personalizable<\/span><br \/>\n<span style=\"font-family: georgia, palatino, serif;\">Proporciona un producto estable y de baja pureza<\/span><\/p>\n<h2><span style=\"font-family: georgia, palatino, serif; font-size: 14pt;\">Aplicaciones del hidr\u00f3xido de cesio hidrato en polvo<\/span><\/h2>\n<p><span style=\"font-family: georgia, palatino, serif;\">S\u00edntesis inorg\u00e1nica y preparaci\u00f3n de catalizadores: Utilizado en la s\u00edntesis de compuestos a base de cesio y catalizadores de metales de transici\u00f3n.<\/span><br \/>\n<span style=\"font-family: georgia, palatino, serif;\">Electroqu\u00edmica y materiales de almacenamiento de energ\u00eda: Utilizados en el desarrollo de electrolitos para pilas alcalinas y nuevas pilas de iones de sodio\/cesio.<\/span><br \/>\n<span style=\"font-family: georgia, palatino, serif;\">Qu\u00edmica anal\u00edtica y reactivos de laboratorio: El CsOH-H\u2082O de gran pureza es muy eficaz en el an\u00e1lisis de oligoelementos y en la separaci\u00f3n y purificaci\u00f3n. Modificaci\u00f3n de materiales: Se utiliza para manipular las propiedades de determinados materiales cer\u00e1micos y de vidrio, mejorando sus caracter\u00edsticas t\u00e9rmicas y el\u00e9ctricas.<\/span><\/p>\n<h2><span style=\"font-family: georgia, palatino, serif; font-size: 14pt;\">Informes<\/span><\/h2>\n<p><span style=\"font-family: georgia, palatino, serif;\">Proporcionamos un <span style=\"color: #0000ff;\"><a style=\"color: #0000ff;\" href=\"https:\/\/ulpmat.com\/es\/servicio\/analisis-quimico\/\">Certificado de an\u00e1lisis (COA),<\/a><\/span> Hoja de datos de seguridad del material (MSDS) e informes pertinentes, como el tama\u00f1o de las part\u00edculas y los patrones de DRX para cada lote de polvo de CsOH-H\u2082O. Tambi\u00e9n apoyamos las solicitudes de pruebas de terceros encargadas por nuestros clientes para reforzar a\u00fan m\u00e1s el control de calidad del producto.<\/span><\/p>\n","protected":false},"excerpt":{"rendered":"<p>Hidr\u00f3xido de cesio en polvo Overview El hidr\u00f3xido de cesio es un compuesto inorg\u00e1nico de gran pureza que se utiliza habitualmente en aplicaciones avanzadas como s\u00edntesis, cat\u00e1lisis e investigaci\u00f3n de electrolitos. Nuestro polvo de hidrato de hidr\u00f3xido de cesio presenta unos niveles de impurezas extremadamente bajos y una excelente estabilidad, por lo que satisface las [&hellip;]<\/p>\n","protected":false},"featured_media":15388,"template":"","meta":{"_acf_changed":false},"product_brand":[132],"product_cat":[438],"product_tag":[],"class_list":{"0":"post-15387","1":"product","2":"type-product","3":"status-publish","4":"has-post-thumbnail","6":"product_brand-ulpmat","7":"product_cat-oxidos","9":"first","10":"instock","11":"shipping-taxable","12":"product-type-variable"},"acf":[],"_links":{"self":[{"href":"https:\/\/ulpmat.com\/es\/wp-json\/wp\/v2\/product\/15387","targetHints":{"allow":["GET"]}}],"collection":[{"href":"https:\/\/ulpmat.com\/es\/wp-json\/wp\/v2\/product"}],"about":[{"href":"https:\/\/ulpmat.com\/es\/wp-json\/wp\/v2\/types\/product"}],"wp:featuredmedia":[{"embeddable":true,"href":"https:\/\/ulpmat.com\/es\/wp-json\/wp\/v2\/media\/15388"}],"wp:attachment":[{"href":"https:\/\/ulpmat.com\/es\/wp-json\/wp\/v2\/media?parent=15387"}],"wp:term":[{"taxonomy":"product_brand","embeddable":true,"href":"https:\/\/ulpmat.com\/es\/wp-json\/wp\/v2\/product_brand?post=15387"},{"taxonomy":"product_cat","embeddable":true,"href":"https:\/\/ulpmat.com\/es\/wp-json\/wp\/v2\/product_cat?post=15387"},{"taxonomy":"product_tag","embeddable":true,"href":"https:\/\/ulpmat.com\/es\/wp-json\/wp\/v2\/product_tag?post=15387"}],"curies":[{"name":"wp","href":"https:\/\/api.w.org\/{rel}","templated":true}]}}