{"id":15369,"date":"2025-10-30T11:35:51","date_gmt":"2025-10-30T03:35:51","guid":{"rendered":"https:\/\/ulpmat.com\/product\/bromuro-de-cesio-y-plomo\/"},"modified":"2025-10-30T11:35:51","modified_gmt":"2025-10-30T03:35:51","slug":"bromuro-de-cesio-y-plomo","status":"publish","type":"product","link":"https:\/\/ulpmat.com\/es\/producto\/bromuro-de-cesio-y-plomo\/","title":{"rendered":"Bromuro de cesio y plomo"},"content":{"rendered":"<h2><span style=\"font-family: georgia, palatino, serif; font-size: 14pt;\">C\u00e1todos para sputtering de bromuro de cesio y plomo Descripci\u00f3n general<\/span><\/h2>\n<p><span style=\"font-family: georgia, palatino, serif;\"><span style=\"color: #0000ff;\"><a style=\"color: #0000ff;\" href=\"https:\/\/ulpmat.com\/es\/buscar\/?type=name&#038;keyword=Cesium+Lead+Bromide\"> Los c\u00e1todos para sputtering de bromuro de cesio y plomo<\/a> <\/span>son c\u00e1todos cer\u00e1micos de alto rendimiento desarrollados espec\u00edficamente para la fabricaci\u00f3n de pel\u00edculas delgadas fotovoltaicas de perovskita. Ofrecen una pureza, densidad y composici\u00f3n de fase controlada excepcionales. Estos c\u00e1todos demuestran un amplio potencial de aplicaci\u00f3n en c\u00e9lulas solares de perovskita, fotodetectores y dispositivos emisores de luz. Su formulaci\u00f3n precisa garantiza una formaci\u00f3n uniforme de la pel\u00edcula, lo que los hace adecuados para diversos procesos de PVD, incluido el sputtering de RF y CC.<\/span><\/p>\n<p><span style=\"font-family: georgia, palatino, serif;\">Ofrecemos una gran variedad de c\u00e1todos de bromuro de cesio y plomo para sputtering con formas redondas y rectangulares, personalizables para satisfacer los requisitos espec\u00edficos de su proceso. Tambi\u00e9n proporcionamos asesoramiento t\u00e9cnico profesional preventa y un completo<span style=\"color: #0000ff;\"><a style=\"color: #0000ff;\" href=\"https:\/\/ulpmat.com\/es\/servicio\/servicio-posventa\/\"> postventa.<\/a><\/span> No dude en <span style=\"color: #0000ff;\"><a style=\"color: #0000ff;\" href=\"https:\/\/ulpmat.com\/es\/servicio\/servicio-posventa\/\">ponerse en contacto con nosotros<\/a><\/span> para cualquier consulta.<\/span><\/p>\n<h2><span style=\"font-family: georgia, palatino, serif; font-size: 14pt;\">Caracter\u00edsticas del producto<\/span><\/h2>\n<p><span style=\"font-family: georgia, palatino, serif;\">Pureza: 99,99<\/span><br \/>\n<span style=\"font-family: georgia, palatino, serif;\">Alta densidad y excelente uniformidad de la pel\u00edcula<\/span><br \/>\n<span style=\"font-family: georgia, palatino, serif;\">Formas y tama\u00f1os personalizables<\/span><br \/>\n<span style=\"font-family: georgia, palatino, serif;\"><span style=\"color: #0000ff;\"><a style=\"color: #0000ff;\" href=\"https:\/\/ulpmat.com\/es\/servicio\/vinculacion-al-objetivo\/\">Servicios de<\/a><\/span> servicios disponibles<\/span><br \/>\n<span style=\"font-family: georgia, palatino, serif;\">Excelente estabilidad, adecuado para una gran variedad de aplicaciones, incluida la deposici\u00f3n a baja temperatura y la fabricaci\u00f3n de dispositivos flexibles.<\/span><\/p>\n<h2><span style=\"font-family: georgia, palatino, serif; font-size: 14pt;\">Aplicaciones del c\u00e1todo para sputtering de bromuro de cesio y plomo<\/span><\/h2>\n<p><span style=\"font-family: georgia, palatino, serif;\">C\u00e9lulas solares de perovskita: Se utiliza como capa absorbente de luz o material precursor de perovskita para mejorar la eficiencia y procesabilidad de los dispositivos. Fotodetectores: Ofrecen una alta sensibilidad en la gama de longitudes de onda UV-visible y son adecuados para la obtenci\u00f3n de im\u00e1genes y la detecci\u00f3n.<\/span><br \/>\n<span style=\"font-family: georgia, palatino, serif;\">Diodos emisores de luz (LED): Se utilizan en capas emisoras de luz de perovskita y ofrecen una gran pureza de color y una excelente eficiencia luminosa.<\/span><br \/>\n<span style=\"font-family: georgia, palatino, serif;\">Dispositivos optoelectr\u00f3nicos integrados: Pueden utilizarse en la fabricaci\u00f3n de pel\u00edculas finas funcionales para electr\u00f3nica flexible o micro-nanoestructuras.<\/span><\/p>\n<h2><span style=\"font-family: georgia, palatino, serif; font-size: 14pt;\">Informes<\/span><\/h2>\n<p><span style=\"font-family: georgia, palatino, serif;\">Proporcionamos un completo <span style=\"color: #0000ff;\"><a style=\"color: #0000ff;\" href=\"https:\/\/ulpmat.com\/es\/servicio\/analisis-quimico\/\">Certificado de an\u00e1lisis (COA),<\/a><\/span> Hoja de datos de seguridad del material (MSDS), e informes de ensayos XRD y EDS necesarios para cada lote de nuestros c\u00e1todos para sputtering de CsPbBr\u2083. Tambi\u00e9n ofrecemos servicios de pruebas de terceros para garantizar la estabilidad y consistencia en I+D o en la producci\u00f3n en masa.<\/span><\/p>\n","protected":false},"excerpt":{"rendered":"<p>C\u00e1todos para sputtering de bromuro de cesio y plomo Descripci\u00f3n general Los c\u00e1todos para sputtering de bromuro de cesio y plomo son c\u00e1todos cer\u00e1micos de alto rendimiento desarrollados espec\u00edficamente para la fabricaci\u00f3n de pel\u00edculas delgadas fotovoltaicas de perovskita. Ofrecen una pureza, densidad y composici\u00f3n de fase controlada excepcionales. Estos c\u00e1todos demuestran un amplio potencial de [&hellip;]<\/p>\n","protected":false},"featured_media":15370,"template":"","meta":{"_acf_changed":false},"product_brand":[132],"product_cat":[457],"product_tag":[],"class_list":{"0":"post-15369","1":"product","2":"type-product","3":"status-publish","4":"has-post-thumbnail","6":"product_brand-ulpmat","7":"product_cat-blanco-ceramico-para-sputtering","9":"first","10":"instock","11":"shipping-taxable","12":"product-type-variable"},"acf":[],"_links":{"self":[{"href":"https:\/\/ulpmat.com\/es\/wp-json\/wp\/v2\/product\/15369","targetHints":{"allow":["GET"]}}],"collection":[{"href":"https:\/\/ulpmat.com\/es\/wp-json\/wp\/v2\/product"}],"about":[{"href":"https:\/\/ulpmat.com\/es\/wp-json\/wp\/v2\/types\/product"}],"wp:featuredmedia":[{"embeddable":true,"href":"https:\/\/ulpmat.com\/es\/wp-json\/wp\/v2\/media\/15370"}],"wp:attachment":[{"href":"https:\/\/ulpmat.com\/es\/wp-json\/wp\/v2\/media?parent=15369"}],"wp:term":[{"taxonomy":"product_brand","embeddable":true,"href":"https:\/\/ulpmat.com\/es\/wp-json\/wp\/v2\/product_brand?post=15369"},{"taxonomy":"product_cat","embeddable":true,"href":"https:\/\/ulpmat.com\/es\/wp-json\/wp\/v2\/product_cat?post=15369"},{"taxonomy":"product_tag","embeddable":true,"href":"https:\/\/ulpmat.com\/es\/wp-json\/wp\/v2\/product_tag?post=15369"}],"curies":[{"name":"wp","href":"https:\/\/api.w.org\/{rel}","templated":true}]}}