{"id":15333,"date":"2025-10-30T11:35:52","date_gmt":"2025-10-30T03:35:52","guid":{"rendered":"https:\/\/ulpmat.com\/product\/yoduro-de-cesio-y-estano-2\/"},"modified":"2025-10-30T11:35:52","modified_gmt":"2025-10-30T03:35:52","slug":"yoduro-de-cesio-y-estano-2","status":"publish","type":"product","link":"https:\/\/ulpmat.com\/es\/producto\/yoduro-de-cesio-y-estano-2\/","title":{"rendered":"Yoduro de cesio y esta\u00f1o"},"content":{"rendered":"<h2><span style=\"font-family: georgia, palatino, serif; font-size: 14pt;\">Visi\u00f3n general de los gr\u00e1nulos de yoduro de cesio y esta\u00f1o<\/span><\/h2>\n<p><span style=\"font-family: georgia, palatino, serif;\"><span style=\"color: #0000ff;\"><a style=\"color: #0000ff;\" href=\"https:\/\/ulpmat.com\/es\/buscar\/?type=name&#038;keyword=Cesium+Tin+Iodide\"> Los gr\u00e1nulos de yoduro de cesio y esta\u00f1o<\/a><\/span> son materiales funcionales de gran pureza dise\u00f1ados espec\u00edficamente para la fabricaci\u00f3n de c\u00e9lulas solares de perovskita y dispositivos optoelectr\u00f3nicos. Con una pureza de hasta el 99,999%, estos gr\u00e1nulos son uniformes y presentan un rendimiento optoelectr\u00f3nico y una estabilidad excelentes, lo que garantiza una fabricaci\u00f3n de dispositivos eficaz y fiable.<\/span><\/p>\n<p><span style=\"font-family: georgia, palatino, serif;\">Ofrecemos una gran variedad de gr\u00e1nulos de yoduro de cesio y esta\u00f1o en varios tama\u00f1os, personalizables seg\u00fan sus necesidades espec\u00edficas. Tambi\u00e9n proporcionamos <span style=\"color: #0000ff;\"><a style=\"color: #0000ff;\" href=\"https:\/\/ulpmat.com\/es\/servicio\/asistencia-tecnica\/\">asistencia t\u00e9cnica<\/a> <\/span>y servicio postventa. No dude en <span style=\"color: #0000ff;\"><a style=\"color: #0000ff;\" href=\"https:\/\/ulpmat.com\/es\/contactanos\/\">ponerse en contacto con nosotros<\/a><\/span> si tiene alguna pregunta.<\/span><\/p>\n<h2><span style=\"font-family: georgia, palatino, serif; font-size: 14pt;\">Caracter\u00edsticas del producto<\/span><\/h2>\n<p><span style=\"font-family: georgia, palatino, serif;\">Pureza: 99,999<\/span><br \/>\n<span style=\"font-family: georgia, palatino, serif;\">Part\u00edculas uniformes, adecuadas para el procesamiento de soluciones y la fabricaci\u00f3n de pel\u00edculas finas<\/span><br \/>\n<span style=\"font-family: georgia, palatino, serif;\">Alto rendimiento optoelectr\u00f3nico, adecuado para una variedad de dispositivos optoelectr\u00f3nicos de perovskita<\/span><br \/>\n<span style=\"font-family: georgia, palatino, serif;\">Excelente estabilidad, que prolonga la vida \u00fatil y la eficiencia de los dispositivos<\/span><\/p>\n<h2><span style=\"font-family: georgia, palatino, serif; font-size: 14pt;\">Aplicaciones de los gr\u00e1nulos de yoduro de cesio y esta\u00f1o<\/span><\/h2>\n<p><span style=\"font-family: georgia, palatino, serif;\">C\u00e9lulas solares de perovskita: Sirve como material precursor para la capa absorbente de luz de perovskita, mejorando la eficiencia de conversi\u00f3n fotoel\u00e9ctrica.<\/span><br \/>\n<span style=\"font-family: georgia, palatino, serif;\"><span style=\"color: #0000ff;\"><a style=\"color: #0000ff;\" href=\"https:\/\/ulpmat.com\/es\/solicitud\/materiales-opticos\/\">Dispositivos optoelectr\u00f3nicos<\/a><\/span> optoelectr\u00f3nicos: Aplicaciones en fotodetectores, diodos emisores de luz (LED) y otras aplicaciones, presentando una excelente respuesta fotoel\u00e9ctrica.<\/span><br \/>\n<span style=\"font-family: georgia, palatino, serif;\">Investigaci\u00f3n de materiales: Utilizados en la s\u00edntesis y optimizaci\u00f3n del rendimiento de materiales de perovskita.<\/span><\/p>\n<h2><span style=\"font-family: georgia, palatino, serif; font-size: 14pt;\">Informes<\/span><\/h2>\n<p><span style=\"font-family: georgia, palatino, serif;\">Cada lote de gr\u00e1nulos de CsSnI\u2083 se suministra con un <span style=\"color: #0000ff;\"><a style=\"color: #0000ff;\" href=\"https:\/\/ulpmat.com\/es\/servicio\/analisis-quimico\/\">Certificado de an\u00e1lisis (COA)<\/a><\/span>ficha de datos de seguridad del material (MSDS) e informes t\u00e9cnicos pertinentes. Apoyamos las pruebas de terceros para garantizar una calidad constante y fiable del producto.<\/span><\/p>\n","protected":false},"excerpt":{"rendered":"<p>Visi\u00f3n general de los gr\u00e1nulos de yoduro de cesio y esta\u00f1o Los gr\u00e1nulos de yoduro de cesio y esta\u00f1o son materiales funcionales de gran pureza dise\u00f1ados espec\u00edficamente para la fabricaci\u00f3n de c\u00e9lulas solares de perovskita y dispositivos optoelectr\u00f3nicos. Con una pureza de hasta el 99,999%, estos gr\u00e1nulos son uniformes y presentan un rendimiento optoelectr\u00f3nico y [&hellip;]<\/p>\n","protected":false},"featured_media":15334,"template":"","meta":{"_acf_changed":false},"product_brand":[132],"product_cat":[340],"product_tag":[],"class_list":{"0":"post-15333","1":"product","2":"type-product","3":"status-publish","4":"has-post-thumbnail","6":"product_brand-ulpmat","7":"product_cat-materiales-de-evaporacion","9":"first","10":"instock","11":"shipping-taxable","12":"product-type-variable"},"acf":[],"_links":{"self":[{"href":"https:\/\/ulpmat.com\/es\/wp-json\/wp\/v2\/product\/15333","targetHints":{"allow":["GET"]}}],"collection":[{"href":"https:\/\/ulpmat.com\/es\/wp-json\/wp\/v2\/product"}],"about":[{"href":"https:\/\/ulpmat.com\/es\/wp-json\/wp\/v2\/types\/product"}],"wp:featuredmedia":[{"embeddable":true,"href":"https:\/\/ulpmat.com\/es\/wp-json\/wp\/v2\/media\/15334"}],"wp:attachment":[{"href":"https:\/\/ulpmat.com\/es\/wp-json\/wp\/v2\/media?parent=15333"}],"wp:term":[{"taxonomy":"product_brand","embeddable":true,"href":"https:\/\/ulpmat.com\/es\/wp-json\/wp\/v2\/product_brand?post=15333"},{"taxonomy":"product_cat","embeddable":true,"href":"https:\/\/ulpmat.com\/es\/wp-json\/wp\/v2\/product_cat?post=15333"},{"taxonomy":"product_tag","embeddable":true,"href":"https:\/\/ulpmat.com\/es\/wp-json\/wp\/v2\/product_tag?post=15333"}],"curies":[{"name":"wp","href":"https:\/\/api.w.org\/{rel}","templated":true}]}}