{"id":15315,"date":"2025-10-30T11:35:52","date_gmt":"2025-10-30T03:35:52","guid":{"rendered":"https:\/\/ulpmat.com\/product\/yoduro-de-cesio-y-estano\/"},"modified":"2025-10-30T11:35:52","modified_gmt":"2025-10-30T03:35:52","slug":"yoduro-de-cesio-y-estano","status":"publish","type":"product","link":"https:\/\/ulpmat.com\/es\/producto\/yoduro-de-cesio-y-estano\/","title":{"rendered":"Yoduro de cesio y esta\u00f1o"},"content":{"rendered":"<h2><span style=\"font-family: georgia, palatino, serif; font-size: 14pt;\">Yoduro de cesio y esta\u00f1o en polvo Overview<\/span><\/h2>\n<p><span style=\"font-family: georgia, palatino, serif;\"><span style=\"color: #3366ff;\"><a style=\"color: #3366ff;\" href=\"https:\/\/ulpmat.com\/es\/buscar\/?type=name&#038;keyword=Cesium+Tin+Iodide\">El polvo de yoduro de cesio y esta\u00f1o<\/a> <\/span>es un material funcional de gran pureza dise\u00f1ado espec\u00edficamente para c\u00e9lulas solares de perovskita y dispositivos optoelectr\u00f3nicos relacionados. Con una pureza de hasta el 99,99%, un tama\u00f1o de part\u00edcula uniforme y un rendimiento y una estabilidad optoelectr\u00f3nicos excelentes, garantiza la fabricaci\u00f3n eficaz y fiable de dispositivos.<\/span><\/p>\n<p><span style=\"font-family: georgia, palatino, serif;\">Ofrecemos polvo de yoduro de cesio y esta\u00f1o de alta calidad para satisfacer diversas necesidades de investigaci\u00f3n y aplicaciones industriales. Ofrecemos una amplia gama de especificaciones y podemos personalizar el polvo seg\u00fan sus especificaciones. Tambi\u00e9n proporcionamos asistencia t\u00e9cnica completa y servicio posventa. No dude en <span style=\"color: #3366ff;\"><a style=\"color: #3366ff;\" href=\"https:\/\/ulpmat.com\/es\/contactanos\/\">ponerse en contacto con nosotros.<\/a><\/span><\/span><\/p>\n<h2><span style=\"font-family: georgia, palatino, serif; font-size: 14pt;\">Caracter\u00edsticas del producto<\/span><\/h2>\n<p><span style=\"font-family: georgia, palatino, serif;\">Pureza: 99,99<\/span><br \/>\n<span style=\"font-family: georgia, palatino, serif;\">Tama\u00f1o de part\u00edcula uniforme, adecuado para el procesamiento de soluciones y la fabricaci\u00f3n de pel\u00edculas finas<\/span><br \/>\n<span style=\"font-family: georgia, palatino, serif;\">Excelentes propiedades \u00f3pticas y amplio rango de absorci\u00f3n<\/span><br \/>\n<span style=\"font-family: georgia, palatino, serif;\">Buena estabilidad, adecuado para c\u00e9lulas solares de perovskita y dispositivos optoelectr\u00f3nicos<\/span><\/p>\n<h2><span style=\"font-family: georgia, palatino, serif; font-size: 14pt;\">Aplicaciones del polvo de yoduro de cesio y esta\u00f1o<\/span><\/h2>\n<p><span style=\"font-family: georgia, palatino, serif;\">C\u00e9lulas solares de perovskita: Sirve como material precursor clave para la capa absorbente de luz de perovskita, mejorando la eficiencia de conversi\u00f3n fotoel\u00e9ctrica.<\/span><br \/>\n<span style=\"font-family: georgia, palatino, serif;\"><span style=\"color: #3366ff;\"><a style=\"color: #3366ff;\" href=\"https:\/\/ulpmat.com\/es\/solicitud\/materiales-opticos\/\">Dispositivos optoelectr\u00f3nicos<\/a> <\/span>optoelectr\u00f3nicos: Aplicaciones en dispositivos como fotodetectores y diodos emisores de luz (LED), demostrando una excelente respuesta fotoel\u00e9ctrica.<\/span><br \/>\n<span style=\"font-family: georgia, palatino, serif;\">Investigaci\u00f3n de materiales: Utilizados en la preparaci\u00f3n y optimizaci\u00f3n del rendimiento de materiales estructurales de perovskita.<\/span><\/p>\n<h2><span style=\"font-family: georgia, palatino, serif; font-size: 14pt;\">Informes<\/span><\/h2>\n<p><span style=\"font-family: georgia, palatino, serif;\">Cada lote de polvo de CsSnI\u2083 se suministra con un <span style=\"color: #3366ff;\"><a style=\"color: #3366ff;\" href=\"https:\/\/ulpmat.com\/es\/servicio\/analisis-quimico\/\">Certificado de an\u00e1lisis (COA)<\/a><\/span>ficha de datos de seguridad del material (MSDS) e informes t\u00e9cnicos pertinentes. Las pruebas realizadas por terceros est\u00e1n respaldadas para garantizar una calidad constante y fiable del material.<\/span><\/p>\n","protected":false},"excerpt":{"rendered":"<p>Yoduro de cesio y esta\u00f1o en polvo Overview El polvo de yoduro de cesio y esta\u00f1o es un material funcional de gran pureza dise\u00f1ado espec\u00edficamente para c\u00e9lulas solares de perovskita y dispositivos optoelectr\u00f3nicos relacionados. Con una pureza de hasta el 99,99%, un tama\u00f1o de part\u00edcula uniforme y un rendimiento y una estabilidad optoelectr\u00f3nicos excelentes, garantiza [&hellip;]<\/p>\n","protected":false},"featured_media":15316,"template":"","meta":{"_acf_changed":false},"product_brand":[132],"product_cat":[330],"product_tag":[],"class_list":{"0":"post-15315","1":"product","2":"type-product","3":"status-publish","4":"has-post-thumbnail","6":"product_brand-ulpmat","7":"product_cat-materiales-halogenados","9":"first","10":"instock","11":"shipping-taxable","12":"product-type-variable"},"acf":[],"_links":{"self":[{"href":"https:\/\/ulpmat.com\/es\/wp-json\/wp\/v2\/product\/15315","targetHints":{"allow":["GET"]}}],"collection":[{"href":"https:\/\/ulpmat.com\/es\/wp-json\/wp\/v2\/product"}],"about":[{"href":"https:\/\/ulpmat.com\/es\/wp-json\/wp\/v2\/types\/product"}],"wp:featuredmedia":[{"embeddable":true,"href":"https:\/\/ulpmat.com\/es\/wp-json\/wp\/v2\/media\/15316"}],"wp:attachment":[{"href":"https:\/\/ulpmat.com\/es\/wp-json\/wp\/v2\/media?parent=15315"}],"wp:term":[{"taxonomy":"product_brand","embeddable":true,"href":"https:\/\/ulpmat.com\/es\/wp-json\/wp\/v2\/product_brand?post=15315"},{"taxonomy":"product_cat","embeddable":true,"href":"https:\/\/ulpmat.com\/es\/wp-json\/wp\/v2\/product_cat?post=15315"},{"taxonomy":"product_tag","embeddable":true,"href":"https:\/\/ulpmat.com\/es\/wp-json\/wp\/v2\/product_tag?post=15315"}],"curies":[{"name":"wp","href":"https:\/\/api.w.org\/{rel}","templated":true}]}}