{"id":13015,"date":"2025-07-18T17:14:32","date_gmt":"2025-07-18T09:14:32","guid":{"rendered":"https:\/\/ulpmat.com\/product\/aluminio-metalico-9\/"},"modified":"2025-07-18T17:14:32","modified_gmt":"2025-07-18T09:14:32","slug":"aluminio-metalico-9","status":"publish","type":"product","link":"https:\/\/ulpmat.com\/es\/producto\/aluminio-metalico-9\/","title":{"rendered":"Aluminio met\u00e1lico"},"content":{"rendered":"<h2><span style=\"font-size: 14pt;\">Visi\u00f3n general de los c\u00e1todos para sputtering de aluminio<\/span><\/h2>\n<p><strong><span style=\"color: #3366ff;\"><a style=\"color: #3366ff;\" href=\"https:\/\/ulpmat.com\/es\/buscar\/?type=element&#038;keyword=al\">Los c\u00e1todos para sputtering de aluminio <\/a><\/span><\/strong>son materiales de alto rendimiento dise\u00f1ados para su uso en procesos de deposici\u00f3n de pel\u00edculas finas. Con una pureza de hasta el 99,99995% y una densidad excelente, garantizan una formaci\u00f3n uniforme de la pel\u00edcula, una fuerte adherencia y unas impurezas m\u00ednimas.<\/p>\n<p>Ofrecemos c\u00e1todos para sputtering de aluminio de alta pureza en una gran variedad de formas y tama\u00f1os, incluidas formas redondas y rectangulares, y podemos personalizarlos seg\u00fan sus requisitos espec\u00edficos. Tambi\u00e9n ofrecemos un completo servicio postventa <span style=\"color: #3366ff;\"><a style=\"color: #3366ff;\" href=\"https:\/\/ulpmat.com\/es\/contactanos\/\">ponerse en contacto con nosotros<\/a><\/span> si tiene alguna pregunta sobre su uso.<\/p>\n<h2><span style=\"font-size: 14pt;\">Productos destacados<\/span><\/h2>\n<p>Pureza: \u226599,99% a 99,99995%<br \/>\nAlta densidad para una deposici\u00f3n uniforme de la pel\u00edcula<br \/>\nTama\u00f1os y formas personalizables<br \/>\nIdeal para semiconductores, pantallas, c\u00e9lulas solares y revestimientos \u00f3pticos<\/p>\n<h2><span style=\"font-size: 14pt;\">Aplicaciones de los c\u00e1todos para sputtering de aluminio<\/span><\/h2>\n<p><strong>Semiconductores:<\/strong> Utilizados para interconexiones y capas de contacto en circuitos integrados y microchips, gracias a la excelente conductividad del aluminio, su baja resistividad y su compatibilidad con los procesos de fabricaci\u00f3n est\u00e1ndar.<\/p>\n<p><strong>Pantallas planas:<\/strong> Aplicado como capas reflectantes o de electrodos en paneles LCD y OLED, mejora el brillo, la conductividad y el rendimiento general de la pantalla.<\/p>\n<p><strong>Fotovoltaica:<\/strong> Sirve como electrodo posterior estable y reflectante en c\u00e9lulas solares de pel\u00edcula fina, mejorando la captaci\u00f3n de luz y la eficiencia a largo plazo.<\/p>\n<p><strong>Recubrimientos \u00f3pticos:<\/strong> C\u00e1todos para sputtering de aluminio utilizados para depositar revestimientos funcionales o de alta reflectividad en espejos, lentes y dispositivos \u00f3pticos para aplicaciones en \u00f3ptica, iluminaci\u00f3n e instrumentos de precisi\u00f3n.<\/p>\n<h2><span style=\"font-size: 14pt;\">Informes<\/span><\/h2>\n<p>Proporcionamos un Certificado de An\u00e1lisis (COA), una Hoja de Datos de Seguridad del Material (MSDS) y otros documentos t\u00e9cnicos relevantes con cada env\u00edo para garantizar una total transparencia y trazabilidad. Para una mayor garant\u00eda de calidad, tambi\u00e9n realizamos pruebas a terceros previa solicitud, lo que demuestra nuestro compromiso con la calidad constante del producto y la confianza del cliente.<\/p>\n","protected":false},"excerpt":{"rendered":"<p>Visi\u00f3n general de los c\u00e1todos para sputtering de aluminio Los c\u00e1todos para sputtering de aluminio son materiales de alto rendimiento dise\u00f1ados para su uso en procesos de deposici\u00f3n de pel\u00edculas finas. Con una pureza de hasta el 99,99995% y una densidad excelente, garantizan una formaci\u00f3n uniforme de la pel\u00edcula, una fuerte adherencia y unas impurezas [&hellip;]<\/p>\n","protected":false},"featured_media":5311,"template":"","meta":{"_acf_changed":false},"product_brand":[132],"product_cat":[309],"product_tag":[1165],"class_list":{"0":"post-13015","1":"product","2":"type-product","3":"status-publish","4":"has-post-thumbnail","6":"product_brand-ulpmat","7":"product_cat-blanco-metalico-para-sputtering","8":"product_tag-aluminio-metalico","10":"first","11":"instock","12":"shipping-taxable","13":"product-type-variable"},"acf":[],"_links":{"self":[{"href":"https:\/\/ulpmat.com\/es\/wp-json\/wp\/v2\/product\/13015","targetHints":{"allow":["GET"]}}],"collection":[{"href":"https:\/\/ulpmat.com\/es\/wp-json\/wp\/v2\/product"}],"about":[{"href":"https:\/\/ulpmat.com\/es\/wp-json\/wp\/v2\/types\/product"}],"wp:featuredmedia":[{"embeddable":true,"href":"https:\/\/ulpmat.com\/es\/wp-json\/wp\/v2\/media\/5311"}],"wp:attachment":[{"href":"https:\/\/ulpmat.com\/es\/wp-json\/wp\/v2\/media?parent=13015"}],"wp:term":[{"taxonomy":"product_brand","embeddable":true,"href":"https:\/\/ulpmat.com\/es\/wp-json\/wp\/v2\/product_brand?post=13015"},{"taxonomy":"product_cat","embeddable":true,"href":"https:\/\/ulpmat.com\/es\/wp-json\/wp\/v2\/product_cat?post=13015"},{"taxonomy":"product_tag","embeddable":true,"href":"https:\/\/ulpmat.com\/es\/wp-json\/wp\/v2\/product_tag?post=13015"}],"curies":[{"name":"wp","href":"https:\/\/api.w.org\/{rel}","templated":true}]}}