{"id":12932,"date":"2025-07-18T17:14:35","date_gmt":"2025-07-18T09:14:35","guid":{"rendered":"https:\/\/ulpmat.com\/product\/aluminio-metalico-5\/"},"modified":"2025-07-18T17:14:35","modified_gmt":"2025-07-18T09:14:35","slug":"aluminio-metalico-5","status":"publish","type":"product","link":"https:\/\/ulpmat.com\/es\/producto\/aluminio-metalico-5\/","title":{"rendered":"Aluminio met\u00e1lico"},"content":{"rendered":"<p><strong><span style=\"color: #3366ff;\"><a style=\"color: #3366ff;\" href=\"https:\/\/ulpmat.com\/es\/buscar\/?type=element&#038;keyword=Al\">Aluminio<\/a><\/span><\/strong> es un material avanzado que se caracteriza por su tama\u00f1o de part\u00edcula ultrafino y su elevada superficie espec\u00edfica, lo que lo hace altamente reactivo e ideal para diversas aplicaciones de vanguardia. Nuestro nanopolvo de aluminio ofrece una excelente consistencia, conductividad t\u00e9rmica y reactividad qu\u00edmica.<\/p>\n<p>Nuestro nanopolvo de aluminio est\u00e1 disponible en diferentes distribuciones de tama\u00f1o de part\u00edcula y puede adaptarse para satisfacer requisitos t\u00e9cnicos e industriales espec\u00edficos. Producido con tecnolog\u00edas avanzadas, cumple rigurosas normas de calidad. Disponemos de un amplio servicio de asistencia t\u00e9cnica y posventa <span style=\"color: #3366ff;\"><a style=\"color: #3366ff;\" href=\"https:\/\/ulpmat.com\/es\/contactanos\/\">ponerse en contacto con nosotros<\/a><\/span> para ayudarle con su aplicaci\u00f3n.<\/p>\n<h2><span style=\"font-size: 14pt;\">Caracter\u00edsticas del producto:<\/span><\/h2>\n<p>Pureza: \u226599%<br \/>\nTama\u00f1o de part\u00edcula a escala nanom\u00e9trica con alta \u00e1rea superficial<br \/>\nAlta reactividad qu\u00edmica y conductividad t\u00e9rmica<br \/>\nDistribuci\u00f3n del tama\u00f1o de las part\u00edculas personalizable<\/p>\n<h2><span style=\"font-size: 14pt;\">Aplicaciones del nanopolvo de aluminio<\/span><\/h2>\n<p><strong>Propulsantes y energ\u00e9ticos:<\/strong> Utilizados en combustibles s\u00f3lidos y explosivos debido a su alta reactividad y densidad energ\u00e9tica.<br \/>\n<strong>Cat\u00e1lisis:<\/strong> Act\u00faa como catalizador o soporte de catalizadores en reacciones qu\u00edmicas, gracias a su gran superficie.<br \/>\n<strong>Aditivos de sinterizaci\u00f3n:<\/strong> Mejora la densificaci\u00f3n en cer\u00e1micas avanzadas y compuestos de matriz met\u00e1lica.<br \/>\n<strong>Materiales conductores t\u00e9rmicos:<\/strong> Aplicados en materiales de interfaz t\u00e9rmica (TIM) de alto rendimiento.<br \/>\n<strong>Bater\u00edas y pilas de combustible:<\/strong> Sirve como componente en sistemas de almacenamiento de energ\u00eda gracias a sus propiedades electroqu\u00edmicas.<\/p>\n<h2><span style=\"font-size: 14pt;\">Informes<\/span><\/h2>\n<p>Proporcionamos un Certificado de An\u00e1lisis (COA), una Hoja de Datos de Seguridad del Material (MSDS) y otra documentaci\u00f3n relevante con cada lote. Se admiten pruebas de terceros para garantizar la m\u00e1xima transparencia y garant\u00eda de calidad.<\/p>\n<h2><span style=\"font-size: 14pt;\">\u00bfPor qu\u00e9 elegirnos?<\/span><\/h2>\n<p><strong>Pureza ultra alta:<\/strong> Disponible con un 99% de pureza, lo que garantiza un rendimiento constante y superior.<br \/>\n<strong>Soluciones a medida:<\/strong> Gamas de tama\u00f1os y tratamientos superficiales personalizables para adaptarse a diversas aplicaciones.<br \/>\n<strong>Producci\u00f3n fiable:<\/strong> Las modernas t\u00e9cnicas de fabricaci\u00f3n garantizan la uniformidad, la seguridad y el control de calidad.<br \/>\n<strong>Asistencia de expertos:<\/strong> Nuestro equipo t\u00e9cnico ofrece asistencia exhaustiva en aplicaciones y asesoramiento sobre materiales.<br \/>\n<strong>Servicio global:<\/strong> Respuesta r\u00e1pida, env\u00edos internacionales y compromiso de colaboraci\u00f3n a largo plazo.<\/p>\n","protected":false},"excerpt":{"rendered":"<p><strong><span style=\"color: #3366ff;\"><a style=\"color: #3366ff;\" href=\"https:\/\/ulpmat.com\/es\/buscar\/?type=element&#038;keyword=Al\">Aluminio<\/a><\/span><\/strong> es un material avanzado que se caracteriza por su tama\u00f1o de part\u00edcula ultrafino y su elevada superficie espec\u00edfica, lo que lo hace altamente reactivo e ideal para diversas aplicaciones de vanguardia. Nuestro nanopolvo de aluminio ofrece una excelente consistencia, conductividad t\u00e9rmica y reactividad qu\u00edmica.<\/p>\n","protected":false},"featured_media":6529,"template":"","meta":{"_acf_changed":false},"product_brand":[132],"product_cat":[338],"product_tag":[1165],"class_list":{"0":"post-12932","1":"product","2":"type-product","3":"status-publish","4":"has-post-thumbnail","6":"product_brand-ulpmat","7":"product_cat-metales-puros-y-aleaciones","8":"product_tag-aluminio-metalico","10":"first","11":"instock","12":"shipping-taxable","13":"product-type-variable"},"acf":[],"_links":{"self":[{"href":"https:\/\/ulpmat.com\/es\/wp-json\/wp\/v2\/product\/12932","targetHints":{"allow":["GET"]}}],"collection":[{"href":"https:\/\/ulpmat.com\/es\/wp-json\/wp\/v2\/product"}],"about":[{"href":"https:\/\/ulpmat.com\/es\/wp-json\/wp\/v2\/types\/product"}],"wp:featuredmedia":[{"embeddable":true,"href":"https:\/\/ulpmat.com\/es\/wp-json\/wp\/v2\/media\/6529"}],"wp:attachment":[{"href":"https:\/\/ulpmat.com\/es\/wp-json\/wp\/v2\/media?parent=12932"}],"wp:term":[{"taxonomy":"product_brand","embeddable":true,"href":"https:\/\/ulpmat.com\/es\/wp-json\/wp\/v2\/product_brand?post=12932"},{"taxonomy":"product_cat","embeddable":true,"href":"https:\/\/ulpmat.com\/es\/wp-json\/wp\/v2\/product_cat?post=12932"},{"taxonomy":"product_tag","embeddable":true,"href":"https:\/\/ulpmat.com\/es\/wp-json\/wp\/v2\/product_tag?post=12932"}],"curies":[{"name":"wp","href":"https:\/\/api.w.org\/{rel}","templated":true}]}}