{"id":12922,"date":"2025-07-18T17:14:35","date_gmt":"2025-07-18T09:14:35","guid":{"rendered":"https:\/\/ulpmat.com\/product\/aluminio-metalico-4\/"},"modified":"2025-07-18T17:14:35","modified_gmt":"2025-07-18T09:14:35","slug":"aluminio-metalico-4","status":"publish","type":"product","link":"https:\/\/ulpmat.com\/es\/producto\/aluminio-metalico-4\/","title":{"rendered":"Aluminio met\u00e1lico"},"content":{"rendered":"<p><strong><span style=\"color: #3366ff;\"><a style=\"color: #3366ff;\" href=\"https:\/\/ulpmat.com\/es\/buscar\/?type=element&#038;keyword=Al\">Pellets de aluminio<\/a><\/span><\/strong> son un material de aluminio de gran pureza con una forma regular y una superficie limpia. Presentan una densa capa de \u00f3xido y una excelente resistencia a la oxidaci\u00f3n. Con una baja densidad y una excelente conductividad el\u00e9ctrica y t\u00e9rmica, tambi\u00e9n ofrecen las ventajas de ser ligeros pero resistentes, f\u00e1ciles de procesar y muy estables, lo que los convierte en un material granular met\u00e1lico que combina rendimiento y ventajas medioambientales.<\/p>\n<p>Nuestros gr\u00e1nulos de aluminio se fabrican cuidadosamente mediante t\u00e9cnicas avanzadas para proporcionar un material fiable y de alto rendimiento para una amplia gama de aplicaciones. Est\u00e1n disponibles en diferentes tama\u00f1os y pueden personalizarse de acuerdo con sus requisitos espec\u00edficos. Tambi\u00e9n ofrecemos un completo servicio postventa <span style=\"color: #3366ff;\"><a style=\"color: #3366ff;\" href=\"https:\/\/ulpmat.com\/es\/contactanos\/\">ponerse en contacto con nosotros<\/a><\/span> si tiene alguna pregunta sobre su uso.<\/p>\n<h2><span style=\"font-size: 14pt;\">Caracter\u00edsticas del producto:<\/span><\/h2>\n<p>Pureza: \u226599,99%<br \/>\nForma esf\u00e9rica uniforme para facilitar su manipulaci\u00f3n y procesamiento<br \/>\nMaterial de alta densidad para mayor consistencia y calidad<br \/>\nTama\u00f1o de los gr\u00e1nulos personalizable<\/p>\n<h2><span style=\"font-size: 14pt;\">Aplicaciones de los gr\u00e1nulos de aluminio<\/span><\/h2>\n<p>Producci\u00f3n de aleaciones: Se utiliza como materia prima en la creaci\u00f3n de aleaciones de aluminio para las industrias aeroespacial, automovil\u00edstica y manufacturera.<br \/>\nFundici\u00f3n y forja: Se aplica en operaciones de fundici\u00f3n y forja de metales en las que se requiere una gran uniformidad para lograr resultados \u00f3ptimos.<br \/>\nAlmacenamiento de energ\u00eda: Se utiliza en la producci\u00f3n de sistemas de almacenamiento de energ\u00eda basados en aluminio, incluidas bater\u00edas y supercondensadores.<br \/>\nFabricaci\u00f3n aditiva: Aplicado en procesos de impresi\u00f3n 3D donde se requiere material preciso y uniforme para piezas de alto rendimiento.<\/p>\n<h2><span style=\"font-size: 14pt;\">Informes<\/span><\/h2>\n<p>Proporcionamos un Certificado de An\u00e1lisis (COA), una Hoja de Datos de Seguridad del Material (MSDS) y otros informes relevantes con cada env\u00edo. Tambi\u00e9n apoyamos las pruebas de terceros para garantizar la calidad y fiabilidad de nuestros pellets de aluminio.<\/p>\n<h2><span style=\"font-size: 14pt;\"><strong>\u00bfPor qu\u00e9 elegirnos?<\/strong><\/span><\/h2>\n<p>Materiales de alta pureza: Nuestros pellets de aluminio ofrecen niveles de pureza de hasta 99.9999%, asegurando propiedades \u00f3ptimas del material.<br \/>\nCapacidad de personalizaci\u00f3n: Ofrecemos tama\u00f1os y formas de pellets a medida para satisfacer las necesidades espec\u00edficas de cada aplicaci\u00f3n.<br \/>\nFabricaci\u00f3n avanzada: La producci\u00f3n de vanguardia garantiza la uniformidad, la densidad y la calidad.<br \/>\nExperiencia t\u00e9cnica: Nuestro experimentado equipo ofrece una asistencia completa para la selecci\u00f3n de materiales, asesoramiento sobre aplicaciones y optimizaci\u00f3n de procesos.<br \/>\nServicio fiable: Ofrecemos tiempos de respuesta r\u00e1pidos, asistencia global fiable y asociaciones a largo plazo con los clientes.<\/p>\n","protected":false},"excerpt":{"rendered":"<p><strong><span style=\"color: #3366ff;\"><a style=\"color: #3366ff;\" href=\"https:\/\/ulpmat.com\/es\/buscar\/?type=element&#038;keyword=Al\">Pellets de aluminio<\/a><\/span><\/strong> son un material de aluminio de gran pureza con una forma regular y una superficie limpia. Presentan una densa capa de \u00f3xido y una excelente resistencia a la oxidaci\u00f3n. Con una baja densidad y una excelente conductividad el\u00e9ctrica y t\u00e9rmica, tambi\u00e9n ofrecen las ventajas de ser ligeros pero resistentes, f\u00e1ciles de procesar y muy estables, lo que los convierte en un material granular met\u00e1lico que combina rendimiento y ventajas medioambientales.<\/p>\n","protected":false},"featured_media":6535,"template":"","meta":{"_acf_changed":false},"product_brand":[132],"product_cat":[340],"product_tag":[1165],"class_list":{"0":"post-12922","1":"product","2":"type-product","3":"status-publish","4":"has-post-thumbnail","6":"product_brand-ulpmat","7":"product_cat-materiales-de-evaporacion","8":"product_tag-aluminio-metalico","10":"first","11":"instock","12":"shipping-taxable","13":"product-type-variable"},"acf":[],"_links":{"self":[{"href":"https:\/\/ulpmat.com\/es\/wp-json\/wp\/v2\/product\/12922","targetHints":{"allow":["GET"]}}],"collection":[{"href":"https:\/\/ulpmat.com\/es\/wp-json\/wp\/v2\/product"}],"about":[{"href":"https:\/\/ulpmat.com\/es\/wp-json\/wp\/v2\/types\/product"}],"wp:featuredmedia":[{"embeddable":true,"href":"https:\/\/ulpmat.com\/es\/wp-json\/wp\/v2\/media\/6535"}],"wp:attachment":[{"href":"https:\/\/ulpmat.com\/es\/wp-json\/wp\/v2\/media?parent=12922"}],"wp:term":[{"taxonomy":"product_brand","embeddable":true,"href":"https:\/\/ulpmat.com\/es\/wp-json\/wp\/v2\/product_brand?post=12922"},{"taxonomy":"product_cat","embeddable":true,"href":"https:\/\/ulpmat.com\/es\/wp-json\/wp\/v2\/product_cat?post=12922"},{"taxonomy":"product_tag","embeddable":true,"href":"https:\/\/ulpmat.com\/es\/wp-json\/wp\/v2\/product_tag?post=12922"}],"curies":[{"name":"wp","href":"https:\/\/api.w.org\/{rel}","templated":true}]}}