{"id":12910,"date":"2025-07-18T17:14:35","date_gmt":"2025-07-18T09:14:35","guid":{"rendered":"https:\/\/ulpmat.com\/product\/aluminio-metalico-3\/"},"modified":"2025-07-18T17:14:35","modified_gmt":"2025-07-18T09:14:35","slug":"aluminio-metalico-3","status":"publish","type":"product","link":"https:\/\/ulpmat.com\/es\/producto\/aluminio-metalico-3\/","title":{"rendered":"Aluminio met\u00e1lico"},"content":{"rendered":"<h2><span style=\"font-size: 14pt;\">Visi\u00f3n general de la chapa de aluminio<\/span><\/h2>\n<p><span style=\"color: #3366ff;\"><a style=\"color: #3366ff;\" href=\"https:\/\/ulpmat.com\/es\/buscar\/?type=element&#038;keyword=Al\"><strong>La chapa de aluminio<\/strong><\/a><\/span> es un material vers\u00e1til y de alto rendimiento ampliamente utilizado en una gran variedad de aplicaciones industriales debido a su excelente combinaci\u00f3n de resistencia, durabilidad y ligereza. Disponibles en purezas de hasta el 99,999%, nuestras chapas de aluminio ofrecen una resistencia a la corrosi\u00f3n, una conformabilidad y una conductividad superiores, lo que las hace ideales para una amplia gama de procesos de fabricaci\u00f3n, como la construcci\u00f3n, la automoci\u00f3n, la industria aeroespacial y las aplicaciones el\u00e9ctricas.<\/p>\n<p>Nuestras l\u00e1minas de aluminio se fabrican con tecnolog\u00eda de vanguardia para ofrecer un grosor, una resistencia y una calidad de superficie uniformes. Est\u00e1n disponibles en varios calibres y pueden personalizarse para satisfacer requisitos espec\u00edficos de tama\u00f1o, forma y acabado.<\/p>\n<h2><span style=\"font-size: 14pt;\">Productos destacados:<\/span><\/h2>\n<p>Pureza: \u226599,99%<br \/>\nExcelente relaci\u00f3n resistencia-peso<br \/>\nResistencia superior a la corrosi\u00f3n<br \/>\nEspesor, anchura y longitud personalizables<br \/>\nF\u00e1cil de fabricar, soldar y conformar<\/p>\n<h2><span style=\"font-size: 14pt;\">Aplicaciones de las chapas de aluminio<\/span><\/h2>\n<p>Construcci\u00f3n: Se utiliza en fachadas de edificios, cubiertas y componentes estructurales debido a su resistencia, ligereza y propiedades est\u00e9ticas.<br \/>\nAutomoci\u00f3n: Aplicado en la fabricaci\u00f3n de paneles de carrocer\u00eda, parachoques y componentes estructurales para reducir el peso del veh\u00edculo y mejorar la eficiencia del combustible.<br \/>\nAeroespacial: Ideal para piezas de aviones, fuselajes y alas, ya que ofrece una gran solidez y resistencia a los factores medioambientales.<br \/>\nEl\u00e9ctrico: Se utiliza en componentes el\u00e9ctricos, como barras colectoras, paneles y armarios, gracias a su excelente conductividad el\u00e9ctrica y conformabilidad.<br \/>\nEmbalaje: Utilizado en varias soluciones de embalaje, incluyendo la producci\u00f3n de latas y contenedores de aluminio, ofreciendo un acabado duradero y de alta calidad.<\/p>\n<h2><span style=\"font-size: 14pt;\">Informes<\/span><\/h2>\n<p>Proporcionamos un Certificado de An\u00e1lisis (COA), una Hoja de Datos de Seguridad del Material (MSDS) y otros informes relevantes con cada env\u00edo. Adem\u00e1s, apoyamos las pruebas de terceros para garantizar la alta calidad de nuestras l\u00e1minas de aluminio.<\/p>\n<h2><span style=\"font-size: 14pt;\">\u00bfPor qu\u00e9 elegirnos?<\/span><\/h2>\n<p>Materiales de alta pureza: Nuestras l\u00e1minas de aluminio ofrecen hasta un 99,999% de pureza, lo que garantiza una resistencia, conformabilidad y conductividad superiores.<br \/>\nCapacidad de personalizaci\u00f3n: Ofrecemos una amplia gama de espesores, anchuras y longitudes para adaptarnos a los requisitos espec\u00edficos de su proyecto.<br \/>\nFabricaci\u00f3n avanzada: Nuestro avanzado proceso de producci\u00f3n garantiza espesores uniformes, superficies de alta calidad y dimensiones precisas.<br \/>\nExperiencia t\u00e9cnica: Nuestro equipo de expertos ofrece una asistencia completa para la selecci\u00f3n de materiales, asesoramiento sobre aplicaciones y optimizaci\u00f3n de procesos.<br \/>\nServicio fiable: Ofrecemos tiempos de respuesta r\u00e1pidos, asistencia global y colaboraciones a largo plazo con nuestros clientes.<\/p>\n","protected":false},"excerpt":{"rendered":"<p>La chapa de aluminio es un material vers\u00e1til y de alto rendimiento muy utilizado en diversas aplicaciones industriales debido a su excelente combinaci\u00f3n de resistencia, durabilidad y ligereza. Disponibles en purezas de hasta el 99,999%, nuestras chapas de aluminio ofrecen una resistencia a la corrosi\u00f3n, una conformabilidad y una conductividad superiores, lo que las hace ideales para una amplia gama de procesos de fabricaci\u00f3n, como la construcci\u00f3n, la automoci\u00f3n, la industria aeroespacial y las aplicaciones el\u00e9ctricas.<\/p>\n","protected":false},"featured_media":5329,"template":"","meta":{"_acf_changed":false},"product_brand":[132],"product_cat":[408],"product_tag":[991],"class_list":{"0":"post-12910","1":"product","2":"type-product","3":"status-publish","4":"has-post-thumbnail","6":"product_brand-ulpmat","7":"product_cat-otros-materiales","8":"product_tag-n-a-es","10":"first","11":"instock","12":"shipping-taxable","13":"product-type-variable"},"acf":[],"_links":{"self":[{"href":"https:\/\/ulpmat.com\/es\/wp-json\/wp\/v2\/product\/12910","targetHints":{"allow":["GET"]}}],"collection":[{"href":"https:\/\/ulpmat.com\/es\/wp-json\/wp\/v2\/product"}],"about":[{"href":"https:\/\/ulpmat.com\/es\/wp-json\/wp\/v2\/types\/product"}],"wp:featuredmedia":[{"embeddable":true,"href":"https:\/\/ulpmat.com\/es\/wp-json\/wp\/v2\/media\/5329"}],"wp:attachment":[{"href":"https:\/\/ulpmat.com\/es\/wp-json\/wp\/v2\/media?parent=12910"}],"wp:term":[{"taxonomy":"product_brand","embeddable":true,"href":"https:\/\/ulpmat.com\/es\/wp-json\/wp\/v2\/product_brand?post=12910"},{"taxonomy":"product_cat","embeddable":true,"href":"https:\/\/ulpmat.com\/es\/wp-json\/wp\/v2\/product_cat?post=12910"},{"taxonomy":"product_tag","embeddable":true,"href":"https:\/\/ulpmat.com\/es\/wp-json\/wp\/v2\/product_tag?post=12910"}],"curies":[{"name":"wp","href":"https:\/\/api.w.org\/{rel}","templated":true}]}}