{"id":12901,"date":"2025-07-18T17:14:36","date_gmt":"2025-07-18T09:14:36","guid":{"rendered":"https:\/\/ulpmat.com\/product\/aluminio-metalico-2\/"},"modified":"2025-07-18T17:14:36","modified_gmt":"2025-07-18T09:14:36","slug":"aluminio-metalico-2","status":"publish","type":"product","link":"https:\/\/ulpmat.com\/es\/producto\/aluminio-metalico-2\/","title":{"rendered":"Aluminio met\u00e1lico"},"content":{"rendered":"<h2><span style=\"font-size: 14pt;\">Visi\u00f3n general del alambre de aluminio<\/span><\/h2>\n<p><span style=\"color: #3366ff;\"><strong><a style=\"color: #3366ff;\" href=\"https:\/\/ulpmat.com\/es\/buscar\/?type=element&#038;keyword=Al\">El alambre de aluminio<\/a><\/strong><\/span> es un material altamente vers\u00e1til, ligero y conductor, ideal para una amplia gama de aplicaciones el\u00e9ctricas, industriales y comerciales. Con purezas de hasta el 99,999%, nuestro alambre de aluminio ofrece una excelente conductividad, resistencia a la corrosi\u00f3n y flexibilidad.<\/p>\n<p>Nuestros alambres de aluminio se fabrican mediante avanzados procesos de extrusi\u00f3n que garantizan una calidad y uniformidad constantes. Disponibles en varios calibres, ofrecemos di\u00e1metros y longitudes personalizados para satisfacer las necesidades espec\u00edficas de su proyecto.<\/p>\n<h2><span style=\"font-size: 14pt;\">Productos destacados:<\/span><\/h2>\n<p>Pureza: \u226599,99%<br \/>\nExcelente conductividad el\u00e9ctrica<br \/>\nLigero con una elevada relaci\u00f3n resistencia\/peso<br \/>\nResistencia superior a la corrosi\u00f3n, especialmente en entornos exteriores<br \/>\nCalibres y longitudes de cable personalizables<br \/>\nFlexible, f\u00e1cil de manejar e instalar<\/p>\n<h2><span style=\"font-size: 14pt;\">Aplicaciones del alambre de aluminio<\/span><\/h2>\n<p>Cableado el\u00e9ctrico: Com\u00fanmente utilizado para l\u00edneas de transmisi\u00f3n el\u00e9ctrica, cables de alimentaci\u00f3n y circuitos el\u00e9ctricos, ofreciendo una alternativa ligera al alambre de cobre.<br \/>\nAeroespacial: Se utiliza en el cableado de aviones y naves espaciales para conexiones el\u00e9ctricas ligeras y duraderas.<br \/>\nAutomoci\u00f3n: Se aplica en el cableado de autom\u00f3viles, incluidos los cables de la bater\u00eda y los sistemas de cableado interno, para reducir el peso del veh\u00edculo y mejorar su rendimiento.<br \/>\nTelecomunicaciones: Ideal para cables de telecomunicaciones y cableado de antenas gracias a su excelente conductividad y flexibilidad.<br \/>\nConstrucci\u00f3n: Utilizado en sistemas el\u00e9ctricos de edificios, especialmente para cableado y conexiones en cuadros el\u00e9ctricos, iluminaci\u00f3n y otras instalaciones.<\/p>\n<h2><span style=\"font-size: 14pt;\">Informes<\/span><\/h2>\n<p>Cada env\u00edo de alambre de aluminio va acompa\u00f1ado de un Certificado de An\u00e1lisis (COA), una Hoja de Datos de Seguridad del Material (MSDS) y otros informes pertinentes para garantizar la calidad del producto. Tambi\u00e9n apoyamos las pruebas de terceros para verificar las especificaciones y el rendimiento de nuestros productos.<\/p>\n<h2><span style=\"font-size: 14pt;\">\u00bfPor qu\u00e9 elegirnos?<\/span><\/h2>\n<p>Materiales de alta pureza: Proporcionamos alambre de aluminio con una pureza de hasta el 99,999%, lo que garantiza una excelente conductividad y rendimiento.<br \/>\nCapacidad de personalizaci\u00f3n: Calibres de alambre personalizados, longitudes y otras especificaciones para satisfacer sus requisitos exactos.<br \/>\nFabricaci\u00f3n avanzada: Nuestro preciso proceso de extrusi\u00f3n garantiza un alambre consistente y de alta calidad con caracter\u00edsticas uniformes.<br \/>\nExperiencia t\u00e9cnica: Nuestro equipo ofrece asesoramiento profesional sobre selecci\u00f3n de materiales, aplicaciones y optimizaci\u00f3n de procesos.<br \/>\nServicio fiable: Ofrecemos tiempos de respuesta r\u00e1pidos, entrega global y s\u00f3lidas colaboraciones a largo plazo con nuestros clientes.<\/p>\n","protected":false},"excerpt":{"rendered":"<p><span style=\"color: #3366ff;\"><strong><a style=\"color: #3366ff;\" href=\"https:\/\/ulpmat.com\/es\/buscar\/?type=element&#038;keyword=Al\">Alambre de aluminio<\/a><\/strong><\/span> es un material muy vers\u00e1til, ligero y conductor, ideal para una amplia gama de aplicaciones el\u00e9ctricas, industriales y comerciales. Con purezas de hasta el 99,999%, nuestro alambre de aluminio ofrece una excelente conductividad, resistencia a la corrosi\u00f3n y flexibilidad.<\/p>\n","protected":false},"featured_media":6541,"template":"","meta":{"_acf_changed":false},"product_brand":[],"product_cat":[408],"product_tag":[1165],"class_list":{"0":"post-12901","1":"product","2":"type-product","3":"status-publish","4":"has-post-thumbnail","6":"product_cat-otros-materiales","7":"product_tag-aluminio-metalico","9":"first","10":"instock","11":"shipping-taxable","12":"product-type-variable"},"acf":[],"_links":{"self":[{"href":"https:\/\/ulpmat.com\/es\/wp-json\/wp\/v2\/product\/12901","targetHints":{"allow":["GET"]}}],"collection":[{"href":"https:\/\/ulpmat.com\/es\/wp-json\/wp\/v2\/product"}],"about":[{"href":"https:\/\/ulpmat.com\/es\/wp-json\/wp\/v2\/types\/product"}],"wp:featuredmedia":[{"embeddable":true,"href":"https:\/\/ulpmat.com\/es\/wp-json\/wp\/v2\/media\/6541"}],"wp:attachment":[{"href":"https:\/\/ulpmat.com\/es\/wp-json\/wp\/v2\/media?parent=12901"}],"wp:term":[{"taxonomy":"product_brand","embeddable":true,"href":"https:\/\/ulpmat.com\/es\/wp-json\/wp\/v2\/product_brand?post=12901"},{"taxonomy":"product_cat","embeddable":true,"href":"https:\/\/ulpmat.com\/es\/wp-json\/wp\/v2\/product_cat?post=12901"},{"taxonomy":"product_tag","embeddable":true,"href":"https:\/\/ulpmat.com\/es\/wp-json\/wp\/v2\/product_tag?post=12901"}],"curies":[{"name":"wp","href":"https:\/\/api.w.org\/{rel}","templated":true}]}}