{"id":12890,"date":"2025-07-18T17:14:36","date_gmt":"2025-07-18T09:14:36","guid":{"rendered":"https:\/\/ulpmat.com\/product\/aluminio-metalico\/"},"modified":"2025-07-18T17:14:36","modified_gmt":"2025-07-18T09:14:36","slug":"aluminio-metalico","status":"publish","type":"product","link":"https:\/\/ulpmat.com\/es\/producto\/aluminio-metalico\/","title":{"rendered":"Aluminio met\u00e1lico"},"content":{"rendered":"<h2><span style=\"font-size: 14pt;\">Visi\u00f3n general de la barra de aluminio<\/span><\/h2>\n<p><strong><span style=\"color: #3366ff;\"><a style=\"color: #3366ff;\" href=\"https:\/\/ulpmat.com\/es\/buscar\/?type=element&#038;keyword=Al\">La varilla de aluminio<\/a><\/span><\/strong> es un material vers\u00e1til, ligero y de alta resistencia que se utiliza habitualmente en diversas aplicaciones industriales, comerciales y de fabricaci\u00f3n. Con purezas de hasta el 99,999%, nuestras barras de aluminio ofrecen una excelente resistencia a la corrosi\u00f3n, maquinabilidad y conductividad el\u00e9ctrica, lo que las convierte en la opci\u00f3n ideal para industrias que requieren materiales duraderos y f\u00e1ciles de trabajar.<\/p>\n<p>Fabricadas mediante procesos de precisi\u00f3n, nuestras barras de aluminio se presentan en una amplia gama de di\u00e1metros y longitudes, que pueden personalizarse para satisfacer los requisitos espec\u00edficos de cada proyecto. Tambi\u00e9n ofrecemos un completo servicio postventa <span style=\"color: #3366ff;\"><a style=\"color: #3366ff;\" href=\"https:\/\/ulpmat.com\/es\/contactanos\/\">ponerse en contacto con nosotros<\/a><\/span> si tiene alguna pregunta sobre su uso.industrias de automoci\u00f3n.<\/p>\n<h2><span style=\"font-size: 14pt;\">Productos destacados:<\/span><\/h2>\n<p>Pureza: \u226599,99%<br \/>\nExcelente relaci\u00f3n resistencia-peso<br \/>\nExcelente maquinabilidad para facilitar la fabricaci\u00f3n<br \/>\nDi\u00e1metros y longitudes personalizables<\/p>\n<h2><span style=\"font-size: 14pt;\">Aplicaciones de la varilla de aluminio<\/span><\/h2>\n<p>Construcci\u00f3n: Se utiliza en componentes estructurales, refuerzos y soportes para edificios, ya que ofrece una gran solidez y resistencia a la corrosi\u00f3n.<br \/>\nEl\u00e9ctrico: Ideal para conductores el\u00e9ctricos, cables y barras colectoras debido a su alta conductividad el\u00e9ctrica.<br \/>\nAeroespacial: Com\u00fanmente utilizado en componentes aeron\u00e1uticos, incluyendo piezas estructurales y soportes, debido a su relaci\u00f3n resistencia-peso.<br \/>\nAutomoci\u00f3n: Aplicado en la fabricaci\u00f3n de veh\u00edculos para piezas como componentes del motor, chasis y suspensi\u00f3n debido a sus propiedades de ligereza.<br \/>\nFabricaci\u00f3n: Se utiliza en procesos de mecanizado como el torneado, el fresado y el taladrado para crear piezas y componentes personalizados para diversas industrias.<\/p>\n<h2><span style=\"font-size: 14pt;\">Informes<\/span><\/h2>\n<p>Proporcionamos un certificado de an\u00e1lisis (COA), una hoja de datos de seguridad del material (MSDS) y otros informes relevantes con cada env\u00edo. Adem\u00e1s, disponemos de pruebas realizadas por terceros para garantizar que el producto cumple sus requisitos de calidad.<\/p>\n<h2><span style=\"font-size: 14pt;\">\u00bfPor qu\u00e9 elegirnos?<\/span><\/h2>\n<p>Como <strong>proveedor<\/strong> fiable <strong>de alambr\u00f3n de aluminio<\/strong>, ofrecemos materiales de pureza ultra alta (hasta el 99,999%) para garantizar un rendimiento y una fiabilidad excepcionales en aplicaciones exigentes. Con opciones flexibles de personalizaci\u00f3n en di\u00e1metro, longitud y acabado superficial, nuestra fabricaci\u00f3n de precisi\u00f3n garantiza uniformidad, alta resistencia y productos sin defectos. Respaldados por un soporte t\u00e9cnico experto en selecci\u00f3n de materiales, optimizaci\u00f3n de procesos y soluciones personalizadas, tambi\u00e9n ofrecemos un servicio global fiable con una respuesta r\u00e1pida, una log\u00edstica eficaz y asociaciones a largo plazo.<\/p>\n","protected":false},"excerpt":{"rendered":"<p><strong><span style=\"color: #3366ff;\"><a style=\"color: #3366ff;\" href=\"https:\/\/ulpmat.com\/es\/buscar\/?type=element&#038;keyword=Al\">El aluminio<\/a><\/span><\/strong> el alambr\u00f3n de aluminio es un material vers\u00e1til, ligero y de alta resistencia que se utiliza habitualmente en diversas aplicaciones industriales, comerciales y de fabricaci\u00f3n. Con purezas de hasta el 99,999%, nuestras varillas de aluminio ofrecen una excelente resistencia a la corrosi\u00f3n, maquinabilidad y conductividad el\u00e9ctrica, lo que las convierte en la opci\u00f3n ideal para industrias que requieren materiales duraderos y f\u00e1ciles de trabajar.<\/p>\n","protected":false},"featured_media":5335,"template":"","meta":{"_acf_changed":false},"product_brand":[132],"product_cat":[408],"product_tag":[1165],"class_list":{"0":"post-12890","1":"product","2":"type-product","3":"status-publish","4":"has-post-thumbnail","6":"product_brand-ulpmat","7":"product_cat-otros-materiales","8":"product_tag-aluminio-metalico","10":"first","11":"instock","12":"shipping-taxable","13":"product-type-variable"},"acf":[],"_links":{"self":[{"href":"https:\/\/ulpmat.com\/es\/wp-json\/wp\/v2\/product\/12890","targetHints":{"allow":["GET"]}}],"collection":[{"href":"https:\/\/ulpmat.com\/es\/wp-json\/wp\/v2\/product"}],"about":[{"href":"https:\/\/ulpmat.com\/es\/wp-json\/wp\/v2\/types\/product"}],"wp:featuredmedia":[{"embeddable":true,"href":"https:\/\/ulpmat.com\/es\/wp-json\/wp\/v2\/media\/5335"}],"wp:attachment":[{"href":"https:\/\/ulpmat.com\/es\/wp-json\/wp\/v2\/media?parent=12890"}],"wp:term":[{"taxonomy":"product_brand","embeddable":true,"href":"https:\/\/ulpmat.com\/es\/wp-json\/wp\/v2\/product_brand?post=12890"},{"taxonomy":"product_cat","embeddable":true,"href":"https:\/\/ulpmat.com\/es\/wp-json\/wp\/v2\/product_cat?post=12890"},{"taxonomy":"product_tag","embeddable":true,"href":"https:\/\/ulpmat.com\/es\/wp-json\/wp\/v2\/product_tag?post=12890"}],"curies":[{"name":"wp","href":"https:\/\/api.w.org\/{rel}","templated":true}]}}