{"id":12846,"date":"2025-07-18T17:14:37","date_gmt":"2025-07-18T09:14:37","guid":{"rendered":"https:\/\/ulpmat.com\/product\/aleacion-de-aluminio-y-cromo-3\/"},"modified":"2025-07-18T17:14:37","modified_gmt":"2025-07-18T09:14:37","slug":"aleacion-de-aluminio-y-cromo-3","status":"publish","type":"product","link":"https:\/\/ulpmat.com\/es\/producto\/aleacion-de-aluminio-y-cromo-3\/","title":{"rendered":"Aleaci\u00f3n de aluminio y cromo"},"content":{"rendered":"<h2><span style=\"font-size: 14pt;\">Visi\u00f3n general de las aleaciones de aluminio y cromo<\/span><\/h2>\n<p><strong><span style=\"color: #3366ff;\"><a style=\"color: #3366ff;\" href=\"https:\/\/ulpmat.com\/es\/buscar\/?type=element&#038;keyword=alcr\">Los c\u00e1todos para sputtering<\/a><\/span><\/strong> son materiales de alto rendimiento utilizados en el proceso de sputtering para depositar pel\u00edculas finas de aleaciones de aluminio y cromo. Estos c\u00e1todos ofrecen una excelente durabilidad, alta dureza y resistencia a la corrosi\u00f3n, lo que los hace ideales para una amplia gama de aplicaciones avanzadas de revestimiento.<\/p>\n<p>Nuestros c\u00e1todos para sputtering de aluminio y cromo se fabrican con gran pureza para garantizar un rendimiento estable y una deposici\u00f3n de pel\u00edcula fina de alta calidad. Ofrecemos personalizaci\u00f3n en funci\u00f3n de los requisitos espec\u00edficos de la aplicaci\u00f3n y proporcionamos un completo servicio postventa <span style=\"color: #3366ff;\"><a style=\"color: #3366ff;\" href=\"https:\/\/ulpmat.com\/es\/contactanos\/\">ponerse en contacto con nosotros<\/a><\/span> si tiene alguna pregunta.<\/p>\n<h2><span style=\"font-size: 14pt;\">Productos destacados:<\/span><\/h2>\n<p>Elevada dureza y resistencia al desgaste<br \/>\nExcelente resistencia a la corrosi\u00f3n y estabilidad qu\u00edmica<br \/>\nAlta pureza y composici\u00f3n uniforme<br \/>\nFormas y tama\u00f1os personalizables<\/p>\n<h2><span style=\"font-size: 14pt;\">Aplicaciones de los c\u00e1todos para sputtering de AlCr<\/span><\/h2>\n<p>Recubrimientos duros: Utilizados para crear recubrimientos finos, duros y duraderos en herramientas, maquinaria y otros componentes expuestos a desgaste.<br \/>\nPel\u00edculas resistentes al desgaste: Ideales para crear revestimientos resistentes al desgaste en entornos de alto esfuerzo, como piezas de automoci\u00f3n, equipos industriales y componentes aeroespaciales.<br \/>\nRecubrimientos decorativos: Aplicados en la producci\u00f3n de revestimientos met\u00e1licos decorativos para bienes de consumo, como electr\u00f3nica, relojes y joyer\u00eda.<br \/>\nRecubrimientos \u00f3pticos: Utilizados en la deposici\u00f3n de revestimientos para componentes \u00f3pticos como espejos y lentes.<br \/>\nIndustria electr\u00f3nica: Se emplea en la producci\u00f3n de transistores de pel\u00edcula fina, revestimientos magn\u00e9ticos y otros componentes electr\u00f3nicos.<\/p>\n<h2><span style=\"font-size: 14pt;\">Informes<\/span><\/h2>\n<p>Proporcionamos un Certificado de An\u00e1lisis (COA), una Hoja de Datos de Seguridad del Material (MSDS) y otros informes relevantes con cada env\u00edo para garantizar la m\u00e1xima calidad de los c\u00e1todos para sputtering de AlCr. Adem\u00e1s, apoyamos las pruebas de terceros para la verificaci\u00f3n del rendimiento del material.<\/p>\n<h2><span style=\"font-size: 14pt;\">\u00bfPor qu\u00e9 elegirnos?<\/span><\/h2>\n<p>Materiales de alta pureza: Nuestros c\u00e1todos para sputtering de AlCr se fabrican con alta pureza para garantizar la mejor calidad de pel\u00edcula y un rendimiento constante en aplicaciones exigentes.<br \/>\nPersonalizaci\u00f3n: Ofrecemos varios tama\u00f1os, formas y composiciones para satisfacer los requisitos espec\u00edficos del cliente, garantizando resultados \u00f3ptimos.<br \/>\nFabricaci\u00f3n avanzada: Nuestras vanguardistas instalaciones de producci\u00f3n y nuestros rigurosos procesos de control de calidad garantizan c\u00e1todos para sputtering de alta densidad y sin defectos.<br \/>\nExperiencia t\u00e9cnica: Nuestro equipo de profesionales ofrece un amplio soporte t\u00e9cnico, desde la selecci\u00f3n de materiales hasta la optimizaci\u00f3n de procesos.<br \/>\nServicio fiable: Proporcionamos tiempos de respuesta r\u00e1pidos, env\u00edos globales y una atenci\u00f3n al cliente excepcional para garantizar una experiencia de compra sin problemas.<\/p>\n","protected":false},"excerpt":{"rendered":"<p>Visi\u00f3n general de las aleaciones de aluminio y cromo Los c\u00e1todos para sputtering son materiales de alto rendimiento utilizados en el proceso de sputtering para depositar pel\u00edculas finas de aleaciones de aluminio y cromo. Estos c\u00e1todos ofrecen una excelente durabilidad, alta dureza y resistencia a la corrosi\u00f3n, lo que los hace ideales para una amplia [&hellip;]<\/p>\n","protected":false},"featured_media":6595,"template":"","meta":{"_acf_changed":false},"product_brand":[132],"product_cat":[570],"product_tag":[1152],"class_list":{"0":"post-12846","1":"product","2":"type-product","3":"status-publish","4":"has-post-thumbnail","6":"product_brand-ulpmat","7":"product_cat-catodos-para-sputtering-de-aleaciones","8":"product_tag-aleacion-de-aluminio","10":"first","11":"instock","12":"shipping-taxable","13":"product-type-variable"},"acf":[],"_links":{"self":[{"href":"https:\/\/ulpmat.com\/es\/wp-json\/wp\/v2\/product\/12846","targetHints":{"allow":["GET"]}}],"collection":[{"href":"https:\/\/ulpmat.com\/es\/wp-json\/wp\/v2\/product"}],"about":[{"href":"https:\/\/ulpmat.com\/es\/wp-json\/wp\/v2\/types\/product"}],"wp:featuredmedia":[{"embeddable":true,"href":"https:\/\/ulpmat.com\/es\/wp-json\/wp\/v2\/media\/6595"}],"wp:attachment":[{"href":"https:\/\/ulpmat.com\/es\/wp-json\/wp\/v2\/media?parent=12846"}],"wp:term":[{"taxonomy":"product_brand","embeddable":true,"href":"https:\/\/ulpmat.com\/es\/wp-json\/wp\/v2\/product_brand?post=12846"},{"taxonomy":"product_cat","embeddable":true,"href":"https:\/\/ulpmat.com\/es\/wp-json\/wp\/v2\/product_cat?post=12846"},{"taxonomy":"product_tag","embeddable":true,"href":"https:\/\/ulpmat.com\/es\/wp-json\/wp\/v2\/product_tag?post=12846"}],"curies":[{"name":"wp","href":"https:\/\/api.w.org\/{rel}","templated":true}]}}