{"id":12830,"date":"2025-07-18T17:14:37","date_gmt":"2025-07-18T09:14:37","guid":{"rendered":"https:\/\/ulpmat.com\/product\/aleacion-de-aluminio-y-cromo-2\/"},"modified":"2025-07-18T17:14:37","modified_gmt":"2025-07-18T09:14:37","slug":"aleacion-de-aluminio-y-cromo-2","status":"publish","type":"product","link":"https:\/\/ulpmat.com\/es\/producto\/aleacion-de-aluminio-y-cromo-2\/","title":{"rendered":"Aleaci\u00f3n de aluminio y cromo"},"content":{"rendered":"<h2><span style=\"font-size: 14pt;\">Visi\u00f3n general de las aleaciones de aluminio y cromo<\/span><\/h2>\n<p><strong><span style=\"color: #3366ff;\"><a style=\"color: #3366ff;\" href=\"https:\/\/ulpmat.com\/es\/buscar\/?type=element&#038;keyword=alcr\">Los gr\u00e1nulos de aleaci\u00f3n de aluminio y cromo<\/a><\/span><\/strong> son materiales de alto rendimiento fabricados a partir de una aleaci\u00f3n de aluminio y cromo, que ofrecen propiedades excepcionales que los hacen ideales para una amplia gama de aplicaciones industriales.<\/p>\n<p>Nuestros gr\u00e1nulos de AlCr est\u00e1n disponibles en varios tama\u00f1os y composiciones para satisfacer los requisitos espec\u00edficos de diferentes industrias. Se fabrican con gran pureza, lo que garantiza un excelente rendimiento en aplicaciones exigentes como el revestimiento, el procesamiento de metales y otros procesos avanzados de fabricaci\u00f3n.<\/p>\n<h2><span style=\"font-size: 14pt;\">Productos destacados:<\/span><\/h2>\n<p>Elevada dureza y excelente resistencia al desgaste<br \/>\nExcepcional resistencia a la corrosi\u00f3n y estabilidad qu\u00edmica<br \/>\nAlta pureza y composici\u00f3n granular uniforme<br \/>\nTama\u00f1os personalizables para adaptarse a aplicaciones espec\u00edficas<\/p>\n<h2><span style=\"font-size: 14pt;\">Aplicaciones de los gr\u00e1nulos de AlCr<\/span><\/h2>\n<p>Recubrimientos: Utilizados en procesos pulvimetal\u00fargicos o de proyecci\u00f3n t\u00e9rmica para producir revestimientos duros, resistentes al desgaste y a la corrosi\u00f3n.<br \/>\nAleaciones de metales duros: Esencial para producir aleaciones utilizadas en la fabricaci\u00f3n de herramientas de corte, maquinaria industrial y componentes aeroespaciales.<br \/>\nProcesado de metales: Se utiliza como material de alimentaci\u00f3n en diversos procesos metal\u00fargicos para alear y crear materiales de alto rendimiento.<br \/>\nComponentes resistentes al desgaste: Ideal para componentes sometidos a altos niveles de fricci\u00f3n y desgaste, como en las industrias de automoci\u00f3n, aeroespacial y manufacturera.<\/p>\n<h2><span style=\"font-size: 14pt;\">Informes<\/span><\/h2>\n<p>Proporcionamos un certificado de an\u00e1lisis (COA), una hoja de datos de seguridad del material (MSDS) y otros informes relevantes con cada env\u00edo. Adem\u00e1s, apoyamos las pruebas de terceros para garantizar la calidad y verificar el rendimiento.<\/p>\n<h2><span style=\"font-size: 14pt;\">\u00bfPor qu\u00e9 elegirnos?<\/span><\/h2>\n<p>Como <strong>proveedor<\/strong> fiable <strong>de gr\u00e1nulos de aluminio-cromo,<\/strong> suministramos materiales de gran pureza para garantizar una calidad constante y un rendimiento \u00f3ptimo en aplicaciones cr\u00edticas. Ofrecemos una gama de tama\u00f1os y composiciones adaptados a las necesidades espec\u00edficas del cliente, con el respaldo de una fabricaci\u00f3n de vanguardia para una calidad y fiabilidad constantes. Nuestros expertos t\u00e9cnicos proporcionan orientaci\u00f3n sobre la selecci\u00f3n de materiales, la optimizaci\u00f3n de aplicaciones y la eficacia de los procesos, mientras que nuestro fiable servicio global garantiza una respuesta r\u00e1pida, un env\u00edo puntual y una excelente atenci\u00f3n al cliente.<\/p>\n","protected":false},"excerpt":{"rendered":"<p>Visi\u00f3n general de las aleaciones de aluminio y cromo Los gr\u00e1nulos de aleaci\u00f3n de aluminio y cromo son materiales de alto rendimiento fabricados a partir de una aleaci\u00f3n de aluminio y cromo, que ofrecen propiedades excepcionales que los hacen ideales para una amplia gama de aplicaciones industriales. Nuestros gr\u00e1nulos de AlCr est\u00e1n disponibles en varios [&hellip;]<\/p>\n","protected":false},"featured_media":5359,"template":"","meta":{"_acf_changed":false},"product_brand":[132],"product_cat":[340],"product_tag":[1152],"class_list":{"0":"post-12830","1":"product","2":"type-product","3":"status-publish","4":"has-post-thumbnail","6":"product_brand-ulpmat","7":"product_cat-materiales-de-evaporacion","8":"product_tag-aleacion-de-aluminio","10":"first","11":"instock","12":"shipping-taxable","13":"product-type-variable"},"acf":[],"_links":{"self":[{"href":"https:\/\/ulpmat.com\/es\/wp-json\/wp\/v2\/product\/12830","targetHints":{"allow":["GET"]}}],"collection":[{"href":"https:\/\/ulpmat.com\/es\/wp-json\/wp\/v2\/product"}],"about":[{"href":"https:\/\/ulpmat.com\/es\/wp-json\/wp\/v2\/types\/product"}],"wp:featuredmedia":[{"embeddable":true,"href":"https:\/\/ulpmat.com\/es\/wp-json\/wp\/v2\/media\/5359"}],"wp:attachment":[{"href":"https:\/\/ulpmat.com\/es\/wp-json\/wp\/v2\/media?parent=12830"}],"wp:term":[{"taxonomy":"product_brand","embeddable":true,"href":"https:\/\/ulpmat.com\/es\/wp-json\/wp\/v2\/product_brand?post=12830"},{"taxonomy":"product_cat","embeddable":true,"href":"https:\/\/ulpmat.com\/es\/wp-json\/wp\/v2\/product_cat?post=12830"},{"taxonomy":"product_tag","embeddable":true,"href":"https:\/\/ulpmat.com\/es\/wp-json\/wp\/v2\/product_tag?post=12830"}],"curies":[{"name":"wp","href":"https:\/\/api.w.org\/{rel}","templated":true}]}}