{"id":12815,"date":"2025-07-18T17:14:38","date_gmt":"2025-07-18T09:14:38","guid":{"rendered":"https:\/\/ulpmat.com\/product\/aleacion-de-aluminio-cromo-y-boro\/"},"modified":"2025-07-18T17:14:38","modified_gmt":"2025-07-18T09:14:38","slug":"aleacion-de-aluminio-cromo-y-boro","status":"publish","type":"product","link":"https:\/\/ulpmat.com\/es\/producto\/aleacion-de-aluminio-cromo-y-boro\/","title":{"rendered":"Aleaci\u00f3n de aluminio, cromo y boro"},"content":{"rendered":"<h2><span style=\"font-size: 14pt;\">Visi\u00f3n general de la aleaci\u00f3n de aluminio, cromo y boro<\/span><\/h2>\n<p><strong><span style=\"color: #3366ff;\"><a style=\"color: #3366ff;\" href=\"https:\/\/ulpmat.com\/es\/buscar\/?type=element&#038;keyword=alcrb\">Aluminio Cromo Boro<\/a><\/span><\/strong> Son materiales avanzados dise\u00f1ados para procesos de deposici\u00f3n de pel\u00edcula fina de alto rendimiento. Al combinar las propiedades del aluminio, el cromo y el boro, los c\u00e1todos de AlCrB ofrecen una dureza, resistencia al desgaste y resistencia a la corrosi\u00f3n superiores, lo que los hace ideales para una amplia gama de aplicaciones en sectores como la fabricaci\u00f3n de semiconductores, los revestimientos \u00f3pticos y la ingenier\u00eda de superficies.<\/p>\n<p>La adici\u00f3n de boro a la aleaci\u00f3n de AlCr mejora las propiedades del material, proporcionando una mayor estabilidad y resistencia al desgaste en condiciones de alta tensi\u00f3n. Ofrecemos composiciones y tama\u00f1os personalizables para satisfacer necesidades espec\u00edficas, adem\u00e1s de un completo servicio posventa <span style=\"color: #3366ff;\"><a style=\"color: #3366ff;\" href=\"https:\/\/ulpmat.com\/es\/contactanos\/\">ponerse en contacto con nosotros<\/a><\/span> si tiene alguna pregunta sobre su uso.<\/p>\n<h2><span style=\"font-size: 14pt;\">Caracter\u00edsticas del producto:<\/span><\/h2>\n<p>Elevada dureza y excelente resistencia al desgaste<br \/>\nResistencia superior a la corrosi\u00f3n en entornos agresivos<br \/>\nEstabilidad t\u00e9rmica y propiedades mec\u00e1nicas mejoradas<br \/>\nIdeal para revestimientos de alto rendimiento y pel\u00edculas finas funcionales<br \/>\nTama\u00f1os y formas personalizables para aplicaciones espec\u00edficas<\/p>\n<h2><span style=\"font-size: 14pt;\">Aplicaciones de los c\u00e1todos para sputtering de AlCrB<\/span><\/h2>\n<p>Fabricaci\u00f3n de semiconductores: Utilizados para depositar recubrimientos duros y duraderos en dispositivos semiconductores para mejorar su rendimiento y vida \u00fatil.<br \/>\nRecubrimientos \u00f3pticos: Ideal para producir revestimientos reflectantes y pel\u00edculas finas para lentes, espejos y componentes \u00f3pticos.<br \/>\nIngenier\u00eda de superficies: Empleados en la producci\u00f3n de revestimientos resistentes al desgaste y a la corrosi\u00f3n para componentes sometidos a condiciones extremas, como en las industrias aeroespacial y del autom\u00f3vil.<br \/>\nRecubrimientos duros: Utilizados para revestimientos de alta dureza en herramientas de corte, maquinaria industrial y otros componentes expuestos a un gran desgaste.<\/p>\n<h2><span style=\"font-size: 14pt;\">Informes<\/span><\/h2>\n<p>Proporcionamos un Certificado de An\u00e1lisis (COA), una Hoja de Datos de Seguridad del Material (MSDS) y otros informes relevantes con cada env\u00edo. Nuestros blancos se producen con gran consistencia y cumplen las normas industriales de garant\u00eda de calidad. Tambi\u00e9n se admiten pruebas de terceros para verificar el rendimiento y la calidad de los productos.<\/p>\n","protected":false},"excerpt":{"rendered":"<p>Visi\u00f3n general de la aleaci\u00f3n de aluminio, cromo y boro Aluminio Cromo Boro Son materiales avanzados dise\u00f1ados para procesos de deposici\u00f3n de pel\u00edcula fina de alto rendimiento. Al combinar las propiedades del aluminio, el cromo y el boro, los c\u00e1todos de AlCrB ofrecen una dureza, resistencia al desgaste y resistencia a la corrosi\u00f3n superiores, lo [&hellip;]<\/p>\n","protected":false},"featured_media":6637,"template":"","meta":{"_acf_changed":false},"product_brand":[132],"product_cat":[570],"product_tag":[1152],"class_list":{"0":"post-12815","1":"product","2":"type-product","3":"status-publish","4":"has-post-thumbnail","6":"product_brand-ulpmat","7":"product_cat-catodos-para-sputtering-de-aleaciones","8":"product_tag-aleacion-de-aluminio","10":"first","11":"instock","12":"shipping-taxable","13":"product-type-variable"},"acf":[],"_links":{"self":[{"href":"https:\/\/ulpmat.com\/es\/wp-json\/wp\/v2\/product\/12815","targetHints":{"allow":["GET"]}}],"collection":[{"href":"https:\/\/ulpmat.com\/es\/wp-json\/wp\/v2\/product"}],"about":[{"href":"https:\/\/ulpmat.com\/es\/wp-json\/wp\/v2\/types\/product"}],"wp:featuredmedia":[{"embeddable":true,"href":"https:\/\/ulpmat.com\/es\/wp-json\/wp\/v2\/media\/6637"}],"wp:attachment":[{"href":"https:\/\/ulpmat.com\/es\/wp-json\/wp\/v2\/media?parent=12815"}],"wp:term":[{"taxonomy":"product_brand","embeddable":true,"href":"https:\/\/ulpmat.com\/es\/wp-json\/wp\/v2\/product_brand?post=12815"},{"taxonomy":"product_cat","embeddable":true,"href":"https:\/\/ulpmat.com\/es\/wp-json\/wp\/v2\/product_cat?post=12815"},{"taxonomy":"product_tag","embeddable":true,"href":"https:\/\/ulpmat.com\/es\/wp-json\/wp\/v2\/product_tag?post=12815"}],"curies":[{"name":"wp","href":"https:\/\/api.w.org\/{rel}","templated":true}]}}