{"id":12808,"date":"2025-07-18T17:14:38","date_gmt":"2025-07-18T09:14:38","guid":{"rendered":"https:\/\/ulpmat.com\/product\/aleacion-de-aluminio-cromo-y-silicio\/"},"modified":"2025-07-18T17:14:38","modified_gmt":"2025-07-18T09:14:38","slug":"aleacion-de-aluminio-cromo-y-silicio","status":"publish","type":"product","link":"https:\/\/ulpmat.com\/es\/producto\/aleacion-de-aluminio-cromo-y-silicio\/","title":{"rendered":"Aleaci\u00f3n de aluminio, cromo y silicio"},"content":{"rendered":"<h2><span style=\"font-size: 14pt;\">Visi\u00f3n general de la aleaci\u00f3n de aluminio, cromo y silicio<\/span><\/h2>\n<p><strong><span style=\"color: #3366ff;\"><a style=\"color: #3366ff;\" href=\"https:\/\/ulpmat.com\/es\/buscar\/?type=element&#038;keyword=ALCRSI\">Aluminio Cromo Silicio<\/a><\/span><\/strong> Los gr\u00e1nulos de aleaci\u00f3n son materiales de alto rendimiento dise\u00f1ados para una serie de aplicaciones avanzadas, como la deposici\u00f3n de pel\u00edculas finas y la ingenier\u00eda de superficies. La presencia de silicio mejora la resistencia del material a la oxidaci\u00f3n, mientras que el aluminio aporta ligereza y resistencia mec\u00e1nica. El cromo contribuye a aumentar la resistencia a la corrosi\u00f3n y a mejorar la dureza.<\/p>\n<p>Ofrecemos composiciones y tama\u00f1os personalizables para satisfacer necesidades espec\u00edficas, adem\u00e1s de un completo servicio posventa <span style=\"color: #3366ff;\"><a style=\"color: #3366ff;\" href=\"https:\/\/ulpmat.com\/es\/contactanos\/\">ponerse en contacto con nosotros<\/a><\/span> si tiene alguna pregunta sobre su uso.<\/p>\n<h2><span style=\"font-size: 14pt;\">Caracter\u00edsticas del producto:<\/span><\/h2>\n<p>Excepcional dureza y resistencia al desgaste<br \/>\nAlta resistencia a la corrosi\u00f3n y la oxidaci\u00f3n<br \/>\nConductividad t\u00e9rmica y el\u00e9ctrica mejorada<br \/>\nIdeal para la deposici\u00f3n de pel\u00edculas finas y revestimientos superficiales<br \/>\nTama\u00f1os y formas personalizables para satisfacer necesidades espec\u00edficas<\/p>\n<h2><span style=\"font-size: 14pt;\">Aplicaciones de los gr\u00e1nulos de AlCrSi<\/span><\/h2>\n<p>Semiconductores: Utilizados en la deposici\u00f3n de pel\u00edcula fina para interconexiones, contactos y otras capas conductoras en dispositivos semiconductores.<br \/>\nAeroespacial y automoci\u00f3n: Aplicado en recubrimientos superficiales y capas resistentes al desgaste para componentes aeroespaciales y piezas de automoci\u00f3n expuestas a grandes esfuerzos.<br \/>\nRecubrimientos \u00f3pticos: Se utiliza en la deposici\u00f3n de revestimientos para componentes \u00f3pticos, ofreciendo una gran durabilidad y resistencia a la corrosi\u00f3n.<br \/>\nEnerg\u00eda: Ideal para aplicaciones energ\u00e9ticas, como revestimientos de alto rendimiento para bater\u00edas, pilas de combustible y dispositivos de almacenamiento de energ\u00eda.<\/p>\n<h2><span style=\"font-size: 14pt;\">Informes<\/span><\/h2>\n<p>Cada env\u00edo de nuestros gr\u00e1nulos de AlCrSi va acompa\u00f1ado de un certificado de an\u00e1lisis (COA), una hoja de datos de seguridad del material (MSDS) y otros informes de calidad relevantes para garantizar que el producto cumple las normas m\u00e1s estrictas. Tambi\u00e9n realizamos pruebas con terceros para garantizar la calidad.<\/p>\n","protected":false},"excerpt":{"rendered":"<p>Visi\u00f3n general de la aleaci\u00f3n de aluminio, cromo y silicio Aluminio Cromo Silicio Los gr\u00e1nulos de aleaci\u00f3n son materiales de alto rendimiento dise\u00f1ados para una serie de aplicaciones avanzadas, como la deposici\u00f3n de pel\u00edculas finas y la ingenier\u00eda de superficies. La presencia de silicio mejora la resistencia del material a la oxidaci\u00f3n, mientras que el [&hellip;]<\/p>\n","protected":false},"featured_media":6631,"template":"","meta":{"_acf_changed":false},"product_brand":[132],"product_cat":[340],"product_tag":[1152],"class_list":{"0":"post-12808","1":"product","2":"type-product","3":"status-publish","4":"has-post-thumbnail","6":"product_brand-ulpmat","7":"product_cat-materiales-de-evaporacion","8":"product_tag-aleacion-de-aluminio","10":"first","11":"instock","12":"shipping-taxable","13":"product-type-variable"},"acf":[],"_links":{"self":[{"href":"https:\/\/ulpmat.com\/es\/wp-json\/wp\/v2\/product\/12808","targetHints":{"allow":["GET"]}}],"collection":[{"href":"https:\/\/ulpmat.com\/es\/wp-json\/wp\/v2\/product"}],"about":[{"href":"https:\/\/ulpmat.com\/es\/wp-json\/wp\/v2\/types\/product"}],"wp:featuredmedia":[{"embeddable":true,"href":"https:\/\/ulpmat.com\/es\/wp-json\/wp\/v2\/media\/6631"}],"wp:attachment":[{"href":"https:\/\/ulpmat.com\/es\/wp-json\/wp\/v2\/media?parent=12808"}],"wp:term":[{"taxonomy":"product_brand","embeddable":true,"href":"https:\/\/ulpmat.com\/es\/wp-json\/wp\/v2\/product_brand?post=12808"},{"taxonomy":"product_cat","embeddable":true,"href":"https:\/\/ulpmat.com\/es\/wp-json\/wp\/v2\/product_cat?post=12808"},{"taxonomy":"product_tag","embeddable":true,"href":"https:\/\/ulpmat.com\/es\/wp-json\/wp\/v2\/product_tag?post=12808"}],"curies":[{"name":"wp","href":"https:\/\/api.w.org\/{rel}","templated":true}]}}