{"id":12800,"date":"2025-07-18T17:14:38","date_gmt":"2025-07-18T09:14:38","guid":{"rendered":"https:\/\/ulpmat.com\/product\/aluminio-cromo-tantalio-titanio-zirconio-aleacion\/"},"modified":"2025-07-18T17:14:38","modified_gmt":"2025-07-18T09:14:38","slug":"aluminio-cromo-tantalio-titanio-zirconio-aleacion","status":"publish","type":"product","link":"https:\/\/ulpmat.com\/es\/producto\/aluminio-cromo-tantalio-titanio-zirconio-aleacion\/","title":{"rendered":"Aluminio Cromo Tantalio Titanio Zirconio Aleaci\u00f3n"},"content":{"rendered":"<h2><span style=\"font-size: 14pt;\">Aluminio Cromo Tantalio Titanio Aleaci\u00f3n de circonio Visi\u00f3n general<\/span><\/h2>\n<p><strong><span style=\"color: #3366ff;\"><a style=\"color: #3366ff;\" href=\"https:\/\/ulpmat.com\/es\/buscar\/?type=element&#038;keyword=alcrtatizr\">Aluminio Cromo Tantalio Titanio Circonio<\/a><\/span><\/strong> El c\u00e1todo para sputtering de aleaci\u00f3n de aluminio, cromo, tantalio, titanio y circonio es un material de alto rendimiento dise\u00f1ado para procesos avanzados de deposici\u00f3n de pel\u00edculas finas. Combinando aluminio (Al), cromo (Cr), t\u00e1ntalo (Ta), titanio (Ti) y circonio (Zr), este c\u00e1todo ofrece un equilibrio \u00fanico de resistencia mec\u00e1nica, resistencia al desgaste, resistencia a la corrosi\u00f3n y estabilidad t\u00e9rmica.<\/p>\n<p>Ofrecemos composiciones y tama\u00f1os personalizables para satisfacer necesidades espec\u00edficas, adem\u00e1s de un completo servicio posventa <span style=\"color: #3366ff;\"><a style=\"color: #3366ff;\" href=\"https:\/\/ulpmat.com\/es\/contactanos\/\">ponerse en contacto con nosotros<\/a><\/span> si tiene alguna pregunta sobre su uso.<\/p>\n<h2><span style=\"font-size: 14pt;\">Caracter\u00edsticas del producto:<\/span><\/h2>\n<p>Excelente resistencia al desgaste y durabilidad<br \/>\nAlta estabilidad t\u00e9rmica y resistencia a la oxidaci\u00f3n<br \/>\nResistencia mec\u00e1nica y dureza superiores<br \/>\nIdeal para pel\u00edculas finas de alto rendimiento en entornos dif\u00edciles<br \/>\nTama\u00f1os y formas personalizables para diversas aplicaciones<\/p>\n<h2><span style=\"font-size: 14pt;\">Aplicaciones de los c\u00e1todos para sputtering AlCrTaTiZr<\/span><\/h2>\n<p>Semiconductores: Utilizados en la fabricaci\u00f3n de dispositivos semiconductores, especialmente para interconexiones duraderas, barreras de difusi\u00f3n y revestimientos protectores.<br \/>\nRecubrimientos duros: Ideales para crear revestimientos resistentes al desgaste y a la corrosi\u00f3n para herramientas, componentes y maquinaria sometidos a grandes esfuerzos.<br \/>\nAeroespacial: Empleados en la industria aeroespacial para revestimientos de pel\u00edcula fina que requieren resistencia a temperaturas extremas y al desgaste mec\u00e1nico.<br \/>\nRecubrimientos \u00f3pticos: Utilizados en revestimientos \u00f3pticos para espejos, lentes y otros componentes \u00f3pticos en los que se requiere alta reflectividad y durabilidad.<br \/>\nEnerg\u00eda: Se aplica en los sectores energ\u00e9ticos, incluidas las c\u00e9lulas solares de pel\u00edcula fina y los dispositivos de almacenamiento de energ\u00eda, ofreciendo un rendimiento duradero en entornos dif\u00edciles.<\/p>\n<h2><span style=\"font-size: 14pt;\">Informes<\/span><\/h2>\n<p>Cada lote de c\u00e1todos para sputtering de aleaci\u00f3n de aluminio, cromo, tantalio, titanio y circonio va acompa\u00f1ado de un certificado de an\u00e1lisis (COA), una hoja de datos de seguridad del material (MSDS) y otra documentaci\u00f3n necesaria para verificar la calidad del producto. Disponemos de servicios de pruebas de terceros para una mayor garant\u00eda de calidad.<\/p>\n","protected":false},"excerpt":{"rendered":"<p>Aluminio Cromo Tantalio Titanio Aleaci\u00f3n de circonio Visi\u00f3n general Aluminio Cromo Tantalio Titanio Circonio El c\u00e1todo para sputtering de aleaci\u00f3n de aluminio, cromo, tantalio, titanio y circonio es un material de alto rendimiento dise\u00f1ado para procesos avanzados de deposici\u00f3n de pel\u00edculas finas. Combinando aluminio (Al), cromo (Cr), t\u00e1ntalo (Ta), titanio (Ti) y circonio (Zr), este [&hellip;]<\/p>\n","protected":false},"featured_media":6625,"template":"","meta":{"_acf_changed":false},"product_brand":[132],"product_cat":[570],"product_tag":[1152],"class_list":{"0":"post-12800","1":"product","2":"type-product","3":"status-publish","4":"has-post-thumbnail","6":"product_brand-ulpmat","7":"product_cat-catodos-para-sputtering-de-aleaciones","8":"product_tag-aleacion-de-aluminio","10":"first","11":"instock","12":"shipping-taxable","13":"product-type-variable"},"acf":[],"_links":{"self":[{"href":"https:\/\/ulpmat.com\/es\/wp-json\/wp\/v2\/product\/12800","targetHints":{"allow":["GET"]}}],"collection":[{"href":"https:\/\/ulpmat.com\/es\/wp-json\/wp\/v2\/product"}],"about":[{"href":"https:\/\/ulpmat.com\/es\/wp-json\/wp\/v2\/types\/product"}],"wp:featuredmedia":[{"embeddable":true,"href":"https:\/\/ulpmat.com\/es\/wp-json\/wp\/v2\/media\/6625"}],"wp:attachment":[{"href":"https:\/\/ulpmat.com\/es\/wp-json\/wp\/v2\/media?parent=12800"}],"wp:term":[{"taxonomy":"product_brand","embeddable":true,"href":"https:\/\/ulpmat.com\/es\/wp-json\/wp\/v2\/product_brand?post=12800"},{"taxonomy":"product_cat","embeddable":true,"href":"https:\/\/ulpmat.com\/es\/wp-json\/wp\/v2\/product_cat?post=12800"},{"taxonomy":"product_tag","embeddable":true,"href":"https:\/\/ulpmat.com\/es\/wp-json\/wp\/v2\/product_tag?post=12800"}],"curies":[{"name":"wp","href":"https:\/\/api.w.org\/{rel}","templated":true}]}}