{"id":12791,"date":"2025-07-18T17:14:38","date_gmt":"2025-07-18T09:14:38","guid":{"rendered":"https:\/\/ulpmat.com\/product\/aluminio-aleacion-de-cobre-3\/"},"modified":"2025-07-18T17:14:38","modified_gmt":"2025-07-18T09:14:38","slug":"aluminio-aleacion-de-cobre-3","status":"publish","type":"product","link":"https:\/\/ulpmat.com\/es\/producto\/aluminio-aleacion-de-cobre-3\/","title":{"rendered":"Aluminio Aleaci\u00f3n de cobre"},"content":{"rendered":"<h2><span style=\"font-size: 14pt;\">Visi\u00f3n general de las aleaciones de aluminio y cobre<\/span><\/h2>\n<p><strong><span style=\"color: #3366ff;\"><a style=\"color: #3366ff;\" href=\"https:\/\/ulpmat.com\/es\/buscar\/?type=element&#038;keyword=alcu\">Los gr\u00e1nulos de aleaci\u00f3n de aluminio y cobre<\/a><\/span><\/strong> son materiales de alto rendimiento dise\u00f1ados para aplicaciones metal\u00fargicas y de capa fina exigentes. Su granulometr\u00eda uniforme, su bajo contenido en gas y su excelente conductividad t\u00e9rmica y el\u00e9ctrica los hacen adecuados tanto para la producci\u00f3n industrial como para la I+D avanzada. Ofrecemos composiciones y tama\u00f1os de part\u00edcula personalizables para satisfacer necesidades espec\u00edficas, adem\u00e1s de un completo servicio posventa <span style=\"color: #3366ff;\"><a style=\"color: #3366ff;\" href=\"https:\/\/ulpmat.com\/es\/contactanos\/\">ponerse en contacto con nosotros<\/a> <\/span>si tiene alguna pregunta sobre su uso.<\/p>\n<p>Ofrecemos gr\u00e1nulos de aleaci\u00f3n de AlCu en varias composiciones est\u00e1ndar, como Al-2wt%Cu, Al-4wt%Cu y Al-8wt%Cu, y tambi\u00e9n formulaciones personalizadas. Cada lote se produce utilizando materias primas de gran pureza y t\u00e9cnicas de fusi\u00f3n de precisi\u00f3n controlada para garantizar la consistencia, la limpieza y un excelente rendimiento.<\/p>\n<h2><span style=\"font-size: 14pt;\">Productos destacados:<\/span><\/h2>\n<p>Pureza: \u226599,9%<br \/>\nDisponible en proporciones de AlCu est\u00e1ndar y personalizadas (por ejemplo, 2%, 4%, 8%)<br \/>\nExcelente conductividad t\u00e9rmica y el\u00e9ctrica<br \/>\nGranulometr\u00eda uniforme y alta densidad de empaquetamiento<br \/>\nBajos niveles de ox\u00edgeno e impurezas<\/p>\n<h2><span style=\"font-size: 14pt;\">Aplicaciones de los gr\u00e1nulos de aleaci\u00f3n de aluminio y cobre<\/span><\/h2>\n<p>Evaporaci\u00f3n al vac\u00edo: Utilizados como materiales fuente de aleaci\u00f3n para pel\u00edculas finas funcionales, especialmente en revestimientos reflectantes y conductores.<br \/>\nAditivos metal\u00fargicos: Mejora la resistencia mec\u00e1nica, la estabilidad t\u00e9rmica y la resistencia al desgaste de las aleaciones con base de aluminio.<br \/>\nAleaciones de soldadura fuerte: Forma parte de los materiales de aportaci\u00f3n de las soldaduras fuertes de aluminio, mejorando la humectabilidad y la resistencia de la uni\u00f3n.<br \/>\nMetalurgia de polvos: Se utiliza como base para la producci\u00f3n de polvo de aleaci\u00f3n por pulverizaci\u00f3n o impresi\u00f3n 3D.<br \/>\nGesti\u00f3n t\u00e9rmica electr\u00f3nica: Material fuente para aleaciones de aluminio de alto rendimiento en componentes electr\u00f3nicos de embalaje y refrigeraci\u00f3n.<\/p>\n<h2><span style=\"font-size: 14pt;\">Informes<\/span><\/h2>\n<p>Certificado de an\u00e1lisis (COA)<br \/>\nHoja de datos de seguridad del material (MSDS)<br \/>\nDocumentaci\u00f3n de conformidad con RoHS (previa solicitud)<br \/>\nSoporte de pruebas de terceros disponible para verificaci\u00f3n adicional<\/p>\n<h2><span style=\"font-size: 14pt;\">\u00bfPor qu\u00e9 elegirnos?<\/span><\/h2>\n<p>Como <strong>proveedor<\/strong> fiable <strong>de aleaciones de aluminio y cobre<\/strong>, ofrecemos materias primas de gran pureza (\u226599,9%) con composiciones a medida, proporcionando tanto porcentajes de Cu est\u00e1ndar como personalizados para satisfacer las diversas necesidades de las aplicaciones. Nuestros avanzados procesos de fabricaci\u00f3n, que incluyen la fusi\u00f3n al vac\u00edo y la granulaci\u00f3n controlada, garantizan la uniformidad y la limpieza. Respaldados por un soporte t\u00e9cnico experto para la selecci\u00f3n de materiales, el dise\u00f1o de procesos y la optimizaci\u00f3n de aplicaciones, tambi\u00e9n garantizamos un servicio global con respuesta r\u00e1pida, log\u00edstica fiable y documentaci\u00f3n completa para la exportaci\u00f3n.<\/p>\n","protected":false},"excerpt":{"rendered":"<p>Visi\u00f3n general de las aleaciones de aluminio y cobre Los gr\u00e1nulos de aleaci\u00f3n de aluminio y cobre son materiales de alto rendimiento dise\u00f1ados para aplicaciones metal\u00fargicas y de capa fina exigentes. Su granulometr\u00eda uniforme, su bajo contenido en gas y su excelente conductividad t\u00e9rmica y el\u00e9ctrica los hacen adecuados tanto para la producci\u00f3n industrial como [&hellip;]<\/p>\n","protected":false},"featured_media":5365,"template":"","meta":{"_acf_changed":false},"product_brand":[132],"product_cat":[340],"product_tag":[1152],"class_list":{"0":"post-12791","1":"product","2":"type-product","3":"status-publish","4":"has-post-thumbnail","6":"product_brand-ulpmat","7":"product_cat-materiales-de-evaporacion","8":"product_tag-aleacion-de-aluminio","10":"first","11":"instock","12":"shipping-taxable","13":"product-type-variable"},"acf":[],"_links":{"self":[{"href":"https:\/\/ulpmat.com\/es\/wp-json\/wp\/v2\/product\/12791","targetHints":{"allow":["GET"]}}],"collection":[{"href":"https:\/\/ulpmat.com\/es\/wp-json\/wp\/v2\/product"}],"about":[{"href":"https:\/\/ulpmat.com\/es\/wp-json\/wp\/v2\/types\/product"}],"wp:featuredmedia":[{"embeddable":true,"href":"https:\/\/ulpmat.com\/es\/wp-json\/wp\/v2\/media\/5365"}],"wp:attachment":[{"href":"https:\/\/ulpmat.com\/es\/wp-json\/wp\/v2\/media?parent=12791"}],"wp:term":[{"taxonomy":"product_brand","embeddable":true,"href":"https:\/\/ulpmat.com\/es\/wp-json\/wp\/v2\/product_brand?post=12791"},{"taxonomy":"product_cat","embeddable":true,"href":"https:\/\/ulpmat.com\/es\/wp-json\/wp\/v2\/product_cat?post=12791"},{"taxonomy":"product_tag","embeddable":true,"href":"https:\/\/ulpmat.com\/es\/wp-json\/wp\/v2\/product_tag?post=12791"}],"curies":[{"name":"wp","href":"https:\/\/api.w.org\/{rel}","templated":true}]}}