{"id":12765,"date":"2025-07-18T17:14:39","date_gmt":"2025-07-18T09:14:39","guid":{"rendered":"https:\/\/ulpmat.com\/product\/aluminio-cobre-hierro-aleacion\/"},"modified":"2025-07-18T17:14:39","modified_gmt":"2025-07-18T09:14:39","slug":"aluminio-cobre-hierro-aleacion","status":"publish","type":"product","link":"https:\/\/ulpmat.com\/es\/producto\/aluminio-cobre-hierro-aleacion\/","title":{"rendered":"Aluminio Cobre Hierro Aleaci\u00f3n"},"content":{"rendered":"<h2><span style=\"font-size: 14pt;\">Visi\u00f3n general de las aleaciones de aluminio, cobre e hierro<\/span><\/h2>\n<p><strong><span style=\"color: #3366ff;\"><a style=\"color: #3366ff;\" href=\"https:\/\/ulpmat.com\/es\/buscar\/?type=element&#038;keyword=alcufe\">Aluminio Cobre Hierro<\/a><\/span><\/strong> Los c\u00e1todos para sputtering de aleaci\u00f3n son materiales funcionales avanzados dise\u00f1ados para su uso en procesos de deposici\u00f3n de pel\u00edcula fina, especialmente cuando se desean pel\u00edculas de aleaci\u00f3n complejas o estructuras cuasicristalinas. Ofrecemos composiciones y tama\u00f1os personalizables para satisfacer necesidades espec\u00edficas, junto con un completo servicio postventa; no dude en ponerse en contacto con nosotros si tiene alguna pregunta sobre su uso.<\/p>\n<p>El AlCuFe destaca por su capacidad para formar fases cuasicristalinas estables, que presentan propiedades \u00fanicas como baja conductividad t\u00e9rmica, alta dureza y excelente resistencia a la oxidaci\u00f3n. Estas caracter\u00edsticas hacen que los c\u00e1todos de AlCuFe sean especialmente adecuados para la I+D de vanguardia y las aplicaciones de alto valor que requieren un rendimiento electr\u00f3nico, t\u00e9rmico o estructural inusual.<\/p>\n<h2><span style=\"font-size: 14pt;\">Productos destacados<\/span><\/h2>\n<p>Pureza: \u226599,5%<br \/>\nDisponible en proporciones est\u00e1ndar y personalizadas de Al\/Cu\/Fe<br \/>\nAdmite la formaci\u00f3n de pel\u00edcula fina cuasicristalina<br \/>\nExcelente dureza y resistencia al desgaste<br \/>\nBuena estabilidad t\u00e9rmica y qu\u00edmica<br \/>\nAlta uniformidad de sputtering y bajo contenido de impurezas<br \/>\nTama\u00f1o, forma y composici\u00f3n personalizables<\/p>\n<h2><span style=\"font-size: 14pt;\">Aplicaciones de los c\u00e1todos para sputtering de AlCuFe<\/span><\/h2>\n<p>Recubrimientos cuasicristalinos: Utilizados para depositar pel\u00edculas finas con baja fricci\u00f3n, alta dureza y buena resistencia a la oxidaci\u00f3n<br \/>\nIngenier\u00eda de superficies: Forma capas duras y resistentes al desgaste en herramientas de corte, moldes y piezas de maquinaria<br \/>\nRecubrimientos de barrera t\u00e9rmica: Ideales para componentes expuestos a tensiones t\u00e9rmicas debido a su baja conductividad t\u00e9rmica<br \/>\nRecubrimientos decorativos y funcionales: Aplicados para crear acabados met\u00e1licos duraderos con propiedades \u00f3pticas\/el\u00e9ctricas \u00fanicas<br \/>\nElectr\u00f3nica avanzada: Apoya el desarrollo experimental de pel\u00edculas de aleaci\u00f3n de baja p\u00e9rdida o t\u00e9rmicamente estables<\/p>\n<h2><span style=\"font-size: 14pt;\">Informes<\/span><\/h2>\n<p>Certificado de an\u00e1lisis (COA)<br \/>\nHoja de datos de seguridad del material (MSDS)<br \/>\nEstructura de fases o an\u00e1lisis XRD (previa solicitud)<br \/>\nPruebas de terceros disponibles a petici\u00f3n del cliente<\/p>\n","protected":false},"excerpt":{"rendered":"<p>Visi\u00f3n general de las aleaciones de aluminio, cobre e hierro Aluminio Cobre Hierro Los c\u00e1todos para sputtering de aleaci\u00f3n son materiales funcionales avanzados dise\u00f1ados para su uso en procesos de deposici\u00f3n de pel\u00edcula fina, especialmente cuando se desean pel\u00edculas de aleaci\u00f3n complejas o estructuras cuasicristalinas. Ofrecemos composiciones y tama\u00f1os personalizables para satisfacer necesidades espec\u00edficas, junto [&hellip;]<\/p>\n","protected":false},"featured_media":6655,"template":"","meta":{"_acf_changed":false},"product_brand":[132],"product_cat":[570],"product_tag":[1152],"class_list":{"0":"post-12765","1":"product","2":"type-product","3":"status-publish","4":"has-post-thumbnail","6":"product_brand-ulpmat","7":"product_cat-catodos-para-sputtering-de-aleaciones","8":"product_tag-aleacion-de-aluminio","10":"first","11":"instock","12":"shipping-taxable","13":"product-type-variable"},"acf":[],"_links":{"self":[{"href":"https:\/\/ulpmat.com\/es\/wp-json\/wp\/v2\/product\/12765","targetHints":{"allow":["GET"]}}],"collection":[{"href":"https:\/\/ulpmat.com\/es\/wp-json\/wp\/v2\/product"}],"about":[{"href":"https:\/\/ulpmat.com\/es\/wp-json\/wp\/v2\/types\/product"}],"wp:featuredmedia":[{"embeddable":true,"href":"https:\/\/ulpmat.com\/es\/wp-json\/wp\/v2\/media\/6655"}],"wp:attachment":[{"href":"https:\/\/ulpmat.com\/es\/wp-json\/wp\/v2\/media?parent=12765"}],"wp:term":[{"taxonomy":"product_brand","embeddable":true,"href":"https:\/\/ulpmat.com\/es\/wp-json\/wp\/v2\/product_brand?post=12765"},{"taxonomy":"product_cat","embeddable":true,"href":"https:\/\/ulpmat.com\/es\/wp-json\/wp\/v2\/product_cat?post=12765"},{"taxonomy":"product_tag","embeddable":true,"href":"https:\/\/ulpmat.com\/es\/wp-json\/wp\/v2\/product_tag?post=12765"}],"curies":[{"name":"wp","href":"https:\/\/api.w.org\/{rel}","templated":true}]}}