{"id":12756,"date":"2025-07-18T17:14:39","date_gmt":"2025-07-18T09:14:39","guid":{"rendered":"https:\/\/ulpmat.com\/product\/aluminio-cobre-aleacion-de-silicio-2\/"},"modified":"2025-07-18T17:14:39","modified_gmt":"2025-07-18T09:14:39","slug":"aluminio-cobre-aleacion-de-silicio-2","status":"publish","type":"product","link":"https:\/\/ulpmat.com\/es\/producto\/aluminio-cobre-aleacion-de-silicio-2\/","title":{"rendered":"Aluminio Cobre Aleaci\u00f3n de silicio"},"content":{"rendered":"<h2><span style=\"font-size: 14pt;\">Aluminio Cobre Aleaci\u00f3n de silicio Visi\u00f3n general<\/span><\/h2>\n<p><strong><span style=\"color: #3366ff;\"><a style=\"color: #3366ff;\" href=\"https:\/\/ulpmat.com\/es\/buscar\/?type=element&#038;keyword=Al%2CCu%2CSi\">Los gr\u00e1nulos de aleaci\u00f3n de aluminio, cobre y silicio<\/a><\/span><\/strong> son materiales de alto rendimiento dise\u00f1ados para su uso en aplicaciones de metalurgia de precisi\u00f3n, revestimiento al vac\u00edo y soldadura fuerte. Conocidos por su excelente solidez, resistencia a la corrosi\u00f3n y estabilidad t\u00e9rmica, estos gr\u00e1nulos ofrecen composiciones controladas y altos niveles de pureza (\u226599,5%), lo que los hace ideales tanto para procesos industriales como para la investigaci\u00f3n de materiales avanzados.<\/p>\n<p>Las aleaciones AlCuSi combinan la resistencia mec\u00e1nica y a la fatiga del cobre, las ventajas de fundici\u00f3n y fluidez del silicio y las caracter\u00edsticas de ligereza del aluminio. Ofrecemos composiciones y tama\u00f1os personalizables para satisfacer necesidades espec\u00edficas, adem\u00e1s de un completo servicio posventa <span style=\"color: #3366ff;\"><a style=\"color: #3366ff;\" href=\"https:\/\/ulpmat.com\/es\/contactanos\/\">ponerse en contacto con nosotros<\/a><\/span> si tiene alguna pregunta sobre su uso.sectores de fabricaci\u00f3n de herramientas.<\/p>\n<h2><span style=\"font-size: 14pt;\">Productos destacados<\/span><\/h2>\n<p>Pureza: \u226599,5<br \/>\nDisponible en proporciones est\u00e1ndar y personalizadas de Al\/Cu\/Si<br \/>\nExcelente colabilidad, estabilidad t\u00e9rmica y resistencia al desgaste<br \/>\nTama\u00f1o de gr\u00e1nulo uniforme para un comportamiento de fusi\u00f3n consistente<br \/>\nBajo contenido de gas y alta limpieza<br \/>\nAdecuado para aleaci\u00f3n, soldadura fuerte, pulverizaci\u00f3n t\u00e9rmica y pulvimetalurgia<\/p>\n<h2><span style=\"font-size: 14pt;\">Aplicaciones de los gr\u00e1nulos de aleaci\u00f3n AlCuSi<\/span><\/h2>\n<p>Recubrimiento al vac\u00edo: Utilizados como fuentes de aleaci\u00f3n para pel\u00edculas conductoras o protectoras<br \/>\nAditivos de aleaci\u00f3n: Mejoran las propiedades mec\u00e1nicas, la resistencia a la corrosi\u00f3n y el comportamiento t\u00e9rmico de las piezas fundidas de aluminio<br \/>\nSoldadura fuerte: Funciona como material de relleno en sistemas de soldadura fuerte a base de aluminio, ofreciendo una buena fluidez y resistencia de uni\u00f3n<br \/>\nMetalurgia de polvos: Adecuado como materia prima para el conformado por pulverizaci\u00f3n, la impresi\u00f3n 3D o la producci\u00f3n de aleaciones compuestas<br \/>\nAutomoci\u00f3n y aeroespacial: Admite aleaciones de aluminio de alto rendimiento para motores, disipadores de calor o componentes estructurales<\/p>\n<h2><span style=\"font-size: 14pt;\">Informes<\/span><\/h2>\n<p>Certificado de an\u00e1lisis (COA)<br \/>\nHoja de datos de seguridad del material (MSDS)<br \/>\nDocumentaci\u00f3n de conformidad con RoHS (previa solicitud)<br \/>\nSoporte de pruebas de terceros disponible para validaci\u00f3n<\/p>\n","protected":false},"excerpt":{"rendered":"<p>Aluminio Cobre Aleaci\u00f3n de silicio Visi\u00f3n general Los gr\u00e1nulos de aleaci\u00f3n de aluminio, cobre y silicio son materiales de alto rendimiento dise\u00f1ados para su uso en aplicaciones de metalurgia de precisi\u00f3n, revestimiento al vac\u00edo y soldadura fuerte. Conocidos por su excelente solidez, resistencia a la corrosi\u00f3n y estabilidad t\u00e9rmica, estos gr\u00e1nulos ofrecen composiciones controladas y [&hellip;]<\/p>\n","protected":false},"featured_media":5383,"template":"","meta":{"_acf_changed":false},"product_brand":[132],"product_cat":[340],"product_tag":[1152],"class_list":{"0":"post-12756","1":"product","2":"type-product","3":"status-publish","4":"has-post-thumbnail","6":"product_brand-ulpmat","7":"product_cat-materiales-de-evaporacion","8":"product_tag-aleacion-de-aluminio","10":"first","11":"instock","12":"shipping-taxable","13":"product-type-variable"},"acf":[],"_links":{"self":[{"href":"https:\/\/ulpmat.com\/es\/wp-json\/wp\/v2\/product\/12756","targetHints":{"allow":["GET"]}}],"collection":[{"href":"https:\/\/ulpmat.com\/es\/wp-json\/wp\/v2\/product"}],"about":[{"href":"https:\/\/ulpmat.com\/es\/wp-json\/wp\/v2\/types\/product"}],"wp:featuredmedia":[{"embeddable":true,"href":"https:\/\/ulpmat.com\/es\/wp-json\/wp\/v2\/media\/5383"}],"wp:attachment":[{"href":"https:\/\/ulpmat.com\/es\/wp-json\/wp\/v2\/media?parent=12756"}],"wp:term":[{"taxonomy":"product_brand","embeddable":true,"href":"https:\/\/ulpmat.com\/es\/wp-json\/wp\/v2\/product_brand?post=12756"},{"taxonomy":"product_cat","embeddable":true,"href":"https:\/\/ulpmat.com\/es\/wp-json\/wp\/v2\/product_cat?post=12756"},{"taxonomy":"product_tag","embeddable":true,"href":"https:\/\/ulpmat.com\/es\/wp-json\/wp\/v2\/product_tag?post=12756"}],"curies":[{"name":"wp","href":"https:\/\/api.w.org\/{rel}","templated":true}]}}