{"id":12750,"date":"2025-07-18T17:14:39","date_gmt":"2025-07-18T09:14:39","guid":{"rendered":"https:\/\/ulpmat.com\/product\/aluminio-cobre-aleacion-de-silicio\/"},"modified":"2025-07-18T17:14:39","modified_gmt":"2025-07-18T09:14:39","slug":"aluminio-cobre-aleacion-de-silicio","status":"publish","type":"product","link":"https:\/\/ulpmat.com\/es\/producto\/aluminio-cobre-aleacion-de-silicio\/","title":{"rendered":"Aluminio Cobre Aleaci\u00f3n de silicio"},"content":{"rendered":"<h2><span style=\"font-size: 14pt;\">Aluminio Cobre Silicio<\/span><\/h2>\n<p><strong><span style=\"color: #3366ff;\"><a style=\"color: #3366ff;\" href=\"https:\/\/ulpmat.com\/es\/buscar\/?type=element&#038;keyword=ALCUSI\">Aluminio Cobre Silicio<\/a><\/span><\/strong> Los c\u00e1todos para sputtering de aleaci\u00f3n son materiales multicomponente avanzados dise\u00f1ados para aplicaciones de deposici\u00f3n de pel\u00edcula fina que requieren una conductividad t\u00e9rmica, una resistencia mec\u00e1nica y una resistencia a la corrosi\u00f3n mejoradas. Con purezas de \u226599,5% y proporciones personalizables de Al\/Cu\/Si, estos c\u00e1todos son ideales para aplicaciones exigentes en microelectr\u00f3nica, optoelectr\u00f3nica, pantallas y revestimientos protectores.<\/p>\n<p>Los c\u00e1todos de aleaci\u00f3n AlCuSi combinan las propiedades ligeras y conductoras del aluminio con la fuerza y resistencia a la fatiga del cobre y las ventajas del silicio frente al desgaste y la fundici\u00f3n. Ofrecemos composiciones y tama\u00f1os de part\u00edcula personalizables para satisfacer necesidades espec\u00edficas, adem\u00e1s de un completo servicio posventa <span style=\"color: #3366ff;\"><a style=\"color: #3366ff;\" href=\"https:\/\/ulpmat.com\/es\/contactanos\/\">ponerse en contacto con nosotros<\/a><\/span> si tiene alguna pregunta sobre su uso.<\/p>\n<h2><span style=\"font-size: 14pt;\">Productos destacados<\/span><\/h2>\n<p>Pureza: \u226599,5<br \/>\nComposiciones personalizables de Al\/Cu\/Si (por ejemplo, Al-4Cu-1Si, Al-2Cu-3Si, etc.)<br \/>\nAlta densidad y baja porosidad para tasas de sputtering estables<br \/>\nExcelente conductividad t\u00e9rmica y el\u00e9ctrica<br \/>\nAcabado superficial liso y uniforme para una formaci\u00f3n homog\u00e9nea de pel\u00edcula fina<br \/>\nDisponible en forma circular, rectangular o personalizada<\/p>\n<h2><span style=\"font-size: 14pt;\">Aplicaciones de los c\u00e1todos para sputtering AlCuSi<\/span><\/h2>\n<p>Dispositivos semiconductores: Para capas de interconexi\u00f3n y barrera con conductividad y estabilidad mec\u00e1nica adaptadas<br \/>\nRecubrimientos \u00f3pticos: Utilizados en la deposici\u00f3n de capas duraderas, reflectantes y protectoras en lentes, espejos e instrumentos<br \/>\nPantallas planas: Permite la formaci\u00f3n de capas de electrodos transparentes con mayor resistencia al medio ambiente<br \/>\nRecubrimientos para automoci\u00f3n y aeroespacial: Capas finas funcionales para componentes expuestos a tensiones t\u00e9rmicas y mec\u00e1nicas<br \/>\nAlmacenamiento de datos y electr\u00f3nica: Aplicado en capas magn\u00e9ticas y no magn\u00e9ticas que requieren una buena adherencia y gesti\u00f3n t\u00e9rmica<\/p>\n<h2><span style=\"font-size: 14pt;\">Informes<\/span><\/h2>\n<p>Certificado de an\u00e1lisis (COA)<br \/>\nHoja de datos de seguridad del material (MSDS)<br \/>\nInforme de rugosidad y densidad de la superficie (previa solicitud)<br \/>\nSoporte de pruebas de terceros para par\u00e1metros cr\u00edticos<\/p>\n","protected":false},"excerpt":{"rendered":"<p>Aluminio Cobre Silicio Aluminio Cobre Silicio Los c\u00e1todos para sputtering de aleaci\u00f3n son materiales multicomponente avanzados dise\u00f1ados para aplicaciones de deposici\u00f3n de pel\u00edcula fina que requieren una conductividad t\u00e9rmica, una resistencia mec\u00e1nica y una resistencia a la corrosi\u00f3n mejoradas. Con purezas de \u226599,5% y proporciones personalizables de Al\/Cu\/Si, estos c\u00e1todos son ideales para aplicaciones exigentes [&hellip;]<\/p>\n","protected":false},"featured_media":5389,"template":"","meta":{"_acf_changed":false},"product_brand":[132],"product_cat":[570],"product_tag":[1152],"class_list":{"0":"post-12750","1":"product","2":"type-product","3":"status-publish","4":"has-post-thumbnail","6":"product_brand-ulpmat","7":"product_cat-catodos-para-sputtering-de-aleaciones","8":"product_tag-aleacion-de-aluminio","10":"first","11":"instock","12":"shipping-taxable","13":"product-type-variable"},"acf":[],"_links":{"self":[{"href":"https:\/\/ulpmat.com\/es\/wp-json\/wp\/v2\/product\/12750","targetHints":{"allow":["GET"]}}],"collection":[{"href":"https:\/\/ulpmat.com\/es\/wp-json\/wp\/v2\/product"}],"about":[{"href":"https:\/\/ulpmat.com\/es\/wp-json\/wp\/v2\/types\/product"}],"wp:featuredmedia":[{"embeddable":true,"href":"https:\/\/ulpmat.com\/es\/wp-json\/wp\/v2\/media\/5389"}],"wp:attachment":[{"href":"https:\/\/ulpmat.com\/es\/wp-json\/wp\/v2\/media?parent=12750"}],"wp:term":[{"taxonomy":"product_brand","embeddable":true,"href":"https:\/\/ulpmat.com\/es\/wp-json\/wp\/v2\/product_brand?post=12750"},{"taxonomy":"product_cat","embeddable":true,"href":"https:\/\/ulpmat.com\/es\/wp-json\/wp\/v2\/product_cat?post=12750"},{"taxonomy":"product_tag","embeddable":true,"href":"https:\/\/ulpmat.com\/es\/wp-json\/wp\/v2\/product_tag?post=12750"}],"curies":[{"name":"wp","href":"https:\/\/api.w.org\/{rel}","templated":true}]}}