{"id":12743,"date":"2025-07-18T17:14:39","date_gmt":"2025-07-18T09:14:39","guid":{"rendered":"https:\/\/ulpmat.com\/product\/aleacion-de-hierro-y-aluminio\/"},"modified":"2025-07-18T17:14:39","modified_gmt":"2025-07-18T09:14:39","slug":"aleacion-de-hierro-y-aluminio","status":"publish","type":"product","link":"https:\/\/ulpmat.com\/es\/producto\/aleacion-de-hierro-y-aluminio\/","title":{"rendered":"Aleaci\u00f3n de hierro y aluminio"},"content":{"rendered":"<h2><span style=\"font-size: 14pt;\">Visi\u00f3n general de las aleaciones de aluminio y hierro<\/span><\/h2>\n<p><strong><span style=\"color: #3366ff;\"><a style=\"color: #3366ff;\" href=\"https:\/\/ulpmat.com\/es\/buscar\/?type=element&#038;keyword=alfe\">Aluminio Hierro<\/a><\/span><\/strong> Los c\u00e1todos de aleaci\u00f3n para sputtering son materiales de aleaci\u00f3n especializados dise\u00f1ados para aplicaciones de capa fina que requieren una mayor dureza, estabilidad t\u00e9rmica y resistencia mec\u00e1nica. Con altos niveles de pureza (\u226599,5%) y relaciones Al\/Fe personalizables, estos c\u00e1todos son adecuados para su uso en semiconductores, revestimientos protectores, materiales magn\u00e9ticos y aplicaciones de investigaci\u00f3n avanzadas.<\/p>\n<p>Al combinar la naturaleza ligera y conductora del aluminio con la fuerza y las propiedades ferromagn\u00e9ticas del hierro, los c\u00e1todos de AlFe ofrecen un rendimiento s\u00f3lido en sistemas de deposici\u00f3n f\u00edsica en fase vapor (PVD). Permiten la formaci\u00f3n de pel\u00edculas finas duras, uniformes y adherentes con caracter\u00edsticas el\u00e9ctricas, t\u00e9rmicas y magn\u00e9ticas a medida.<\/p>\n<h2><span style=\"font-size: 14pt;\">Caracter\u00edsticas del producto<\/span><\/h2>\n<p>Pureza: \u226599,5%<br \/>\nDisponible en proporciones Al\/Fe est\u00e1ndar y personalizadas (por ejemplo, Al-1Fe, Al-40Fe)<br \/>\nAlta densidad y baja porosidad para un sputtering uniforme<br \/>\nExcelente estabilidad t\u00e9rmica y mec\u00e1nica<br \/>\nComportamiento ferromagn\u00e9tico gracias al contenido de Fe<br \/>\nFormas y uniones personalizadas disponibles<\/p>\n<h2><span style=\"font-size: 14pt;\">Aplicaciones de los c\u00e1todos para sputtering de AlFe<\/span><\/h2>\n<p>Semiconductores: Para capas amortiguadoras o pel\u00edculas de barrera que requieren durabilidad mec\u00e1nica<br \/>\nRecubrimientos magn\u00e9ticos: Utilizados en sensores magn\u00e9ticos y aplicaciones de grabaci\u00f3n<br \/>\nRecubrimientos duros protectores: Mejora la dureza superficial y la resistencia a la oxidaci\u00f3n<br \/>\nMetalurgia de capa fina: Adecuada para crear capas met\u00e1licas multifuncionales en MEMS y embalajes de circuitos integrados<br \/>\nCiencia de materiales de I+D: Se utiliza en la investigaci\u00f3n de pel\u00edculas de aleaci\u00f3n y el desarrollo de materiales magn\u00e9ticos<\/p>\n<h2><span style=\"font-size: 14pt;\">Informes<\/span><\/h2>\n<p>Cada env\u00edo de c\u00e1todos para sputtering de AlFe incluye<br \/>\nCertificado de an\u00e1lisis (COA)<br \/>\nHoja de datos de seguridad del material (MSDS)<br \/>\nInforme de calidad superficial e inspecci\u00f3n dimensional (bajo pedido)<br \/>\nSoporte de pruebas de terceros disponible bajo petici\u00f3n<\/p>\n","protected":false},"excerpt":{"rendered":"<p>Visi\u00f3n general de las aleaciones de aluminio y hierro Aluminio Hierro Los c\u00e1todos de aleaci\u00f3n para sputtering son materiales de aleaci\u00f3n especializados dise\u00f1ados para aplicaciones de capa fina que requieren una mayor dureza, estabilidad t\u00e9rmica y resistencia mec\u00e1nica. Con altos niveles de pureza (\u226599,5%) y relaciones Al\/Fe personalizables, estos c\u00e1todos son adecuados para su uso [&hellip;]<\/p>\n","protected":false},"featured_media":6649,"template":"","meta":{"_acf_changed":false},"product_brand":[132],"product_cat":[570],"product_tag":[1152],"class_list":{"0":"post-12743","1":"product","2":"type-product","3":"status-publish","4":"has-post-thumbnail","6":"product_brand-ulpmat","7":"product_cat-catodos-para-sputtering-de-aleaciones","8":"product_tag-aleacion-de-aluminio","10":"first","11":"instock","12":"shipping-taxable","13":"product-type-variable"},"acf":[],"_links":{"self":[{"href":"https:\/\/ulpmat.com\/es\/wp-json\/wp\/v2\/product\/12743","targetHints":{"allow":["GET"]}}],"collection":[{"href":"https:\/\/ulpmat.com\/es\/wp-json\/wp\/v2\/product"}],"about":[{"href":"https:\/\/ulpmat.com\/es\/wp-json\/wp\/v2\/types\/product"}],"wp:featuredmedia":[{"embeddable":true,"href":"https:\/\/ulpmat.com\/es\/wp-json\/wp\/v2\/media\/6649"}],"wp:attachment":[{"href":"https:\/\/ulpmat.com\/es\/wp-json\/wp\/v2\/media?parent=12743"}],"wp:term":[{"taxonomy":"product_brand","embeddable":true,"href":"https:\/\/ulpmat.com\/es\/wp-json\/wp\/v2\/product_brand?post=12743"},{"taxonomy":"product_cat","embeddable":true,"href":"https:\/\/ulpmat.com\/es\/wp-json\/wp\/v2\/product_cat?post=12743"},{"taxonomy":"product_tag","embeddable":true,"href":"https:\/\/ulpmat.com\/es\/wp-json\/wp\/v2\/product_tag?post=12743"}],"curies":[{"name":"wp","href":"https:\/\/api.w.org\/{rel}","templated":true}]}}