{"id":12735,"date":"2025-07-18T17:14:39","date_gmt":"2025-07-18T09:14:39","guid":{"rendered":"https:\/\/ulpmat.com\/product\/aleacion-de-aluminio-e-indio\/"},"modified":"2025-07-18T17:14:39","modified_gmt":"2025-07-18T09:14:39","slug":"aleacion-de-aluminio-e-indio","status":"publish","type":"product","link":"https:\/\/ulpmat.com\/es\/producto\/aleacion-de-aluminio-e-indio\/","title":{"rendered":"Aleaci\u00f3n de aluminio e indio"},"content":{"rendered":"<h2><span style=\"font-size: 14pt;\">Visi\u00f3n general de la aleaci\u00f3n de aluminio e indio<\/span><\/h2>\n<p><strong><span style=\"color: #3366ff;\"><a style=\"color: #3366ff;\" href=\"https:\/\/ulpmat.com\/es\/buscar\/?type=element&#038;keyword=AlIn\">Aluminio Indio<\/a><\/span><\/strong> Son materiales de alto rendimiento dise\u00f1ados para la deposici\u00f3n de pel\u00edculas finas funcionales con propiedades \u00f3pticas, el\u00e9ctricas y mec\u00e1nicas a medida. Ofrecemos composiciones y tama\u00f1os personalizables para satisfacer necesidades espec\u00edficas, junto con un completo servicio postventa; no dude en ponerse en contacto con nosotros si tiene alguna pregunta sobre su uso.<\/p>\n<p>Disponibles en composiciones est\u00e1ndar como Al-10wt%In, Al-20wt%In y Al-30wt%In, tambi\u00e9n ofrecemos proporciones Al\/In totalmente personalizadas. Nuestros c\u00e1todos de AlIn se fabrican con materias primas de gran pureza (\u226599,9%) y avanzadas t\u00e9cnicas de fundici\u00f3n y colado en vac\u00edo, lo que garantiza una excelente homogeneidad, alta densidad y bajos niveles de impurezas.<\/p>\n<h2><span style=\"font-size: 14pt;\">Aspectos destacados del producto<\/span><\/h2>\n<p>Pureza: \u226599,9%<br \/>\nComposiciones Al\/In personalizables (por ejemplo, 10%, 20%, 30% In)<br \/>\nExcelente conductividad t\u00e9rmica y el\u00e9ctrica<br \/>\nAlta densidad y bajo contenido de gas<br \/>\nBuena adherencia de la pel\u00edcula y uniformidad de deposici\u00f3n<br \/>\nDisponible en formas planas y giratorias; servicios de uni\u00f3n disponibles<\/p>\n<h2><span style=\"font-size: 14pt;\">Aplicaciones de los c\u00e1todos para sputtering de AlIn<\/span><\/h2>\n<p>Semiconductores: Capas finas para interconexiones y materiales mejorados por dopaje<br \/>\nOptoelectr\u00f3nica: Utilizadas en diodos emisores de luz (LED) y fotodetectores<br \/>\nPel\u00edculas conductoras transparentes: Como parte de capas TCO o revestimientos funcionales intermedios<br \/>\nTecnolog\u00eda de visualizaci\u00f3n: Aplicadas en capas de placa base y electrodos de LCD y OLED<br \/>\nC\u00e9lulas solares: Empleadas en capas tamp\u00f3n o de contacto para CIGS y otros sistemas fotovoltaicos<br \/>\nI+D avanzada: desarrollo de pel\u00edculas de aleaci\u00f3n para propiedades \u00f3pticas y el\u00e9ctricas personalizadas<\/p>\n<h2><span style=\"font-size: 14pt;\">Informes<\/span><\/h2>\n<p>Cada env\u00edo de blanco de AlIn incluye<br \/>\nCertificado de an\u00e1lisis (COA)<br \/>\nHoja de datos de seguridad del material (MSDS)<br \/>\nInforme de acabado superficial y tolerancia dimensional (a petici\u00f3n)<br \/>\nServicios de pruebas de terceros disponibles previa solicitud<\/p>\n","protected":false},"excerpt":{"rendered":"<p>Visi\u00f3n general de la aleaci\u00f3n de aluminio e indio Aluminio Indio Son materiales de alto rendimiento dise\u00f1ados para la deposici\u00f3n de pel\u00edculas finas funcionales con propiedades \u00f3pticas, el\u00e9ctricas y mec\u00e1nicas a medida. Ofrecemos composiciones y tama\u00f1os personalizables para satisfacer necesidades espec\u00edficas, junto con un completo servicio postventa; no dude en ponerse en contacto con nosotros [&hellip;]<\/p>\n","protected":false},"featured_media":6643,"template":"","meta":{"_acf_changed":false},"product_brand":[132],"product_cat":[570],"product_tag":[1152],"class_list":{"0":"post-12735","1":"product","2":"type-product","3":"status-publish","4":"has-post-thumbnail","6":"product_brand-ulpmat","7":"product_cat-catodos-para-sputtering-de-aleaciones","8":"product_tag-aleacion-de-aluminio","10":"first","11":"instock","12":"shipping-taxable","13":"product-type-variable"},"acf":[],"_links":{"self":[{"href":"https:\/\/ulpmat.com\/es\/wp-json\/wp\/v2\/product\/12735","targetHints":{"allow":["GET"]}}],"collection":[{"href":"https:\/\/ulpmat.com\/es\/wp-json\/wp\/v2\/product"}],"about":[{"href":"https:\/\/ulpmat.com\/es\/wp-json\/wp\/v2\/types\/product"}],"wp:featuredmedia":[{"embeddable":true,"href":"https:\/\/ulpmat.com\/es\/wp-json\/wp\/v2\/media\/6643"}],"wp:attachment":[{"href":"https:\/\/ulpmat.com\/es\/wp-json\/wp\/v2\/media?parent=12735"}],"wp:term":[{"taxonomy":"product_brand","embeddable":true,"href":"https:\/\/ulpmat.com\/es\/wp-json\/wp\/v2\/product_brand?post=12735"},{"taxonomy":"product_cat","embeddable":true,"href":"https:\/\/ulpmat.com\/es\/wp-json\/wp\/v2\/product_cat?post=12735"},{"taxonomy":"product_tag","embeddable":true,"href":"https:\/\/ulpmat.com\/es\/wp-json\/wp\/v2\/product_tag?post=12735"}],"curies":[{"name":"wp","href":"https:\/\/api.w.org\/{rel}","templated":true}]}}