{"id":12719,"date":"2025-07-18T17:14:40","date_gmt":"2025-07-18T09:14:40","guid":{"rendered":"https:\/\/ulpmat.com\/product\/aleacion-de-aluminio-y-magnesio\/"},"modified":"2025-07-18T17:14:40","modified_gmt":"2025-07-18T09:14:40","slug":"aleacion-de-aluminio-y-magnesio","status":"publish","type":"product","link":"https:\/\/ulpmat.com\/es\/producto\/aleacion-de-aluminio-y-magnesio\/","title":{"rendered":"Aleaci\u00f3n de aluminio y magnesio"},"content":{"rendered":"<h2><span style=\"font-size: 14pt;\">Visi\u00f3n general de las aleaciones de aluminio y magnesio<\/span><\/h2>\n<p><strong><span style=\"color: #3366ff;\"><a style=\"color: #3366ff;\" href=\"https:\/\/ulpmat.com\/es\/buscar\/?type=element&#038;keyword=almg\">Aluminio Magnesio<\/a><\/span><\/strong> Los c\u00e1todos para sputtering de aleaci\u00f3n de aluminio y magnesio son materiales de alto rendimiento dise\u00f1ados espec\u00edficamente para aplicaciones de deposici\u00f3n de pel\u00edcula fina en industrias como la electr\u00f3nica, la automoci\u00f3n, la aeroespacial y la energ\u00e9tica. Al combinar las propiedades de ligereza y conductividad del aluminio con las caracter\u00edsticas de mejora de la resistencia del magnesio, los c\u00e1todos para sputtering de AlMg son ideales para aplicaciones que requieren una alta resistencia mec\u00e1nica, resistencia a la corrosi\u00f3n y una excelente conductividad t\u00e9rmica y el\u00e9ctrica.<\/p>\n<p>Ofrecemos composiciones y tama\u00f1os personalizables para satisfacer necesidades espec\u00edficas, as\u00ed como un completo servicio postventa <span style=\"color: #3366ff;\"><a style=\"color: #3366ff;\" href=\"https:\/\/ulpmat.com\/es\/contactanos\/\">ponerse en contacto con nosotros<\/a><\/span> si tiene alguna pregunta sobre su uso.<\/p>\n<h2><span style=\"font-size: 14pt;\">Productos destacados<\/span><\/h2>\n<p>Pureza: \u226599,9<br \/>\nProporciones de Al\/Mg personalizables (por ejemplo, 3%, 5%, 10%)<br \/>\nExcelente conductividad t\u00e9rmica y el\u00e9ctrica<br \/>\nAlta densidad para velocidades de sputtering constantes<br \/>\nIdeal para aplicaciones de semiconductores, revestimientos \u00f3pticos y aleaciones<br \/>\nBajos niveles de impurezas para pel\u00edculas finas de alta calidad<\/p>\n<h2><span style=\"font-size: 14pt;\">Aplicaciones de los c\u00e1todos para sputtering de AlMg<\/span><\/h2>\n<p>Semiconductores: Utilizados para la deposici\u00f3n de capas conductoras o reflectantes en componentes electr\u00f3nicos.<br \/>\nRecubrimientos \u00f3pticos: Aplicados en la fabricaci\u00f3n de recubrimientos reflectantes para espejos, lentes y filtros \u00f3pticos.<br \/>\nMetalizaci\u00f3n: Ideal para depositar pel\u00edculas met\u00e1licas finas sobre diversos sustratos, especialmente para aleaciones con base de aluminio.<br \/>\nAleaci\u00f3n: Se utiliza en la producci\u00f3n de aleaciones de aluminio y magnesio, mejorando las propiedades mec\u00e1nicas y la resistencia a la corrosi\u00f3n.<br \/>\nC\u00e9lulas solares: Puede utilizarse en la tecnolog\u00eda fotovoltaica de capa fina para mejorar la eficiencia energ\u00e9tica.<br \/>\nAutomoci\u00f3n y aeroespacial: Para revestimientos ligeros y de alta resistencia, que proporcionan una excelente resistencia al desgaste y a la corrosi\u00f3n.<\/p>\n<h2><span style=\"font-size: 14pt;\">Informes<\/span><\/h2>\n<p>Certificado de an\u00e1lisis (COA)<br \/>\nHoja de datos de seguridad (MSDS)<br \/>\nDocumentaci\u00f3n de conformidad con RoHS (previa solicitud)<br \/>\nSoporte de pruebas de terceros disponible previa solicitud<\/p>\n","protected":false},"excerpt":{"rendered":"<p>Visi\u00f3n general de las aleaciones de aluminio y magnesio Aluminio Magnesio Los c\u00e1todos para sputtering de aleaci\u00f3n de aluminio y magnesio son materiales de alto rendimiento dise\u00f1ados espec\u00edficamente para aplicaciones de deposici\u00f3n de pel\u00edcula fina en industrias como la electr\u00f3nica, la automoci\u00f3n, la aeroespacial y la energ\u00e9tica. Al combinar las propiedades de ligereza y conductividad [&hellip;]<\/p>\n","protected":false},"featured_media":6679,"template":"","meta":{"_acf_changed":false},"product_brand":[132],"product_cat":[570],"product_tag":[1152],"class_list":{"0":"post-12719","1":"product","2":"type-product","3":"status-publish","4":"has-post-thumbnail","6":"product_brand-ulpmat","7":"product_cat-catodos-para-sputtering-de-aleaciones","8":"product_tag-aleacion-de-aluminio","10":"first","11":"instock","12":"shipping-taxable","13":"product-type-variable"},"acf":[],"_links":{"self":[{"href":"https:\/\/ulpmat.com\/es\/wp-json\/wp\/v2\/product\/12719","targetHints":{"allow":["GET"]}}],"collection":[{"href":"https:\/\/ulpmat.com\/es\/wp-json\/wp\/v2\/product"}],"about":[{"href":"https:\/\/ulpmat.com\/es\/wp-json\/wp\/v2\/types\/product"}],"wp:featuredmedia":[{"embeddable":true,"href":"https:\/\/ulpmat.com\/es\/wp-json\/wp\/v2\/media\/6679"}],"wp:attachment":[{"href":"https:\/\/ulpmat.com\/es\/wp-json\/wp\/v2\/media?parent=12719"}],"wp:term":[{"taxonomy":"product_brand","embeddable":true,"href":"https:\/\/ulpmat.com\/es\/wp-json\/wp\/v2\/product_brand?post=12719"},{"taxonomy":"product_cat","embeddable":true,"href":"https:\/\/ulpmat.com\/es\/wp-json\/wp\/v2\/product_cat?post=12719"},{"taxonomy":"product_tag","embeddable":true,"href":"https:\/\/ulpmat.com\/es\/wp-json\/wp\/v2\/product_tag?post=12719"}],"curies":[{"name":"wp","href":"https:\/\/api.w.org\/{rel}","templated":true}]}}