{"id":12681,"date":"2025-07-18T17:14:41","date_gmt":"2025-07-18T09:14:41","guid":{"rendered":"https:\/\/ulpmat.com\/product\/aleacion-de-aluminio-y-escandio-2\/"},"modified":"2025-07-18T17:14:41","modified_gmt":"2025-07-18T09:14:41","slug":"aleacion-de-aluminio-y-escandio-2","status":"publish","type":"product","link":"https:\/\/ulpmat.com\/es\/producto\/aleacion-de-aluminio-y-escandio-2\/","title":{"rendered":"Aleaci\u00f3n de aluminio y escandio"},"content":{"rendered":"<h2><span style=\"font-size: 14pt;\">Visi\u00f3n general de la aleaci\u00f3n de aluminio y escandio<\/span><\/h2>\n<p><strong><span style=\"color: #3366ff;\"><a style=\"color: #3366ff;\" href=\"https:\/\/ulpmat.com\/es\/buscar\/?type=name&#038;keyword=alsc\">Aleaci\u00f3n de aluminio y escandio<\/a><\/span><\/strong> Es una aleaci\u00f3n en polvo de gran pureza dise\u00f1ada para aplicaciones de materiales avanzados que requieren una mayor resistencia, resistencia a la corrosi\u00f3n y estabilidad t\u00e9rmica. Ofrecemos composiciones y tama\u00f1os de part\u00edcula personalizables para satisfacer necesidades espec\u00edficas, junto con un completo servicio posventa; no dude en ponerse en contacto con nosotros si tiene alguna pregunta sobre su uso.<\/p>\n<p>Producido mediante procesos controlados de atomizaci\u00f3n y aleaci\u00f3n, nuestro polvo de AlSc ofrece una distribuci\u00f3n uniforme del tama\u00f1o de las part\u00edculas, una excelente fluidez y una composici\u00f3n qu\u00edmica constante. Las composiciones est\u00e1ndar incluyen Al-1wt%Sc, Al-2wt%Sc y Al-3wt%Sc, con formulaciones personalizadas disponibles para satisfacer los requisitos espec\u00edficos del cliente.<\/p>\n<h2><span style=\"font-size: 14pt;\">Caracter\u00edsticas del producto<\/span><\/h2>\n<p>Pureza: \u226599,9<br \/>\nProporciones de Al\/Sc est\u00e1ndar y personalizadas (por ejemplo, 1%, 2%, 3%)<br \/>\nMorfolog\u00eda de part\u00edculas esf\u00e9rica uniforme o irregular<br \/>\nExcelente fluidez y densidad de empaquetamiento<br \/>\nAlta resistencia mec\u00e1nica y a la corrosi\u00f3n<br \/>\nApto para pulvimetalurgia y fabricaci\u00f3n aditiva<\/p>\n<h2><span style=\"font-size: 14pt;\">Aplicaciones del polvo de aleaci\u00f3n de aluminio y escandio<\/span><\/h2>\n<p>Pulvimetalurgia: Fabricaci\u00f3n de componentes de aleaci\u00f3n ligeros y de alta resistencia<br \/>\nFabricaci\u00f3n aditiva: Materia prima para la impresi\u00f3n 3D de piezas aeroespaciales y de automoci\u00f3n<br \/>\nIndustria aeroespacial: Producci\u00f3n de piezas estructurales resistentes a la corrosi\u00f3n<br \/>\nInvestigaci\u00f3n y desarrollo: Desarrollo de aleaciones avanzadas y ensayo de materiales<\/p>\n<h2><span style=\"font-size: 14pt;\">Informes<\/span><\/h2>\n<p>Certificado de an\u00e1lisis (COA)<br \/>\nHoja de datos de seguridad de materiales (MSDS)<br \/>\nPruebas de terceros disponibles previa solicitud<\/p>\n","protected":false},"excerpt":{"rendered":"<p>Visi\u00f3n general de la aleaci\u00f3n de aluminio y escandio Aleaci\u00f3n de aluminio y escandio Es una aleaci\u00f3n en polvo de gran pureza dise\u00f1ada para aplicaciones de materiales avanzados que requieren una mayor resistencia, resistencia a la corrosi\u00f3n y estabilidad t\u00e9rmica. Ofrecemos composiciones y tama\u00f1os de part\u00edcula personalizables para satisfacer necesidades espec\u00edficas, junto con un completo [&hellip;]<\/p>\n","protected":false},"featured_media":6685,"template":"","meta":{"_acf_changed":false},"product_brand":[132],"product_cat":[338],"product_tag":[1152],"class_list":{"0":"post-12681","1":"product","2":"type-product","3":"status-publish","4":"has-post-thumbnail","6":"product_brand-ulpmat","7":"product_cat-metales-puros-y-aleaciones","8":"product_tag-aleacion-de-aluminio","10":"first","11":"instock","12":"shipping-taxable","13":"product-type-variable"},"acf":[],"_links":{"self":[{"href":"https:\/\/ulpmat.com\/es\/wp-json\/wp\/v2\/product\/12681","targetHints":{"allow":["GET"]}}],"collection":[{"href":"https:\/\/ulpmat.com\/es\/wp-json\/wp\/v2\/product"}],"about":[{"href":"https:\/\/ulpmat.com\/es\/wp-json\/wp\/v2\/types\/product"}],"wp:featuredmedia":[{"embeddable":true,"href":"https:\/\/ulpmat.com\/es\/wp-json\/wp\/v2\/media\/6685"}],"wp:attachment":[{"href":"https:\/\/ulpmat.com\/es\/wp-json\/wp\/v2\/media?parent=12681"}],"wp:term":[{"taxonomy":"product_brand","embeddable":true,"href":"https:\/\/ulpmat.com\/es\/wp-json\/wp\/v2\/product_brand?post=12681"},{"taxonomy":"product_cat","embeddable":true,"href":"https:\/\/ulpmat.com\/es\/wp-json\/wp\/v2\/product_cat?post=12681"},{"taxonomy":"product_tag","embeddable":true,"href":"https:\/\/ulpmat.com\/es\/wp-json\/wp\/v2\/product_tag?post=12681"}],"curies":[{"name":"wp","href":"https:\/\/api.w.org\/{rel}","templated":true}]}}