{"id":12675,"date":"2025-07-18T17:14:42","date_gmt":"2025-07-18T09:14:42","guid":{"rendered":"https:\/\/ulpmat.com\/product\/aleacion-de-aluminio-y-escandio\/"},"modified":"2025-07-18T17:14:42","modified_gmt":"2025-07-18T09:14:42","slug":"aleacion-de-aluminio-y-escandio","status":"publish","type":"product","link":"https:\/\/ulpmat.com\/es\/producto\/aleacion-de-aluminio-y-escandio\/","title":{"rendered":"Aleaci\u00f3n de aluminio y escandio"},"content":{"rendered":"<h2><span style=\"font-size: 14pt;\">Visi\u00f3n general de la aleaci\u00f3n de aluminio y escandio<\/span><\/h2>\n<p><strong><span style=\"color: #3366ff;\"><a style=\"color: #3366ff;\" href=\"https:\/\/ulpmat.com\/es\/buscar\/?type=name&#038;keyword=alsc\">Aleaci\u00f3n de aluminio y escandio<\/a><\/span><\/strong> Son materiales de primera calidad dise\u00f1ados para la deposici\u00f3n de pel\u00edculas finas de alto rendimiento, que ofrecen una mayor resistencia mec\u00e1nica, estabilidad t\u00e9rmica y resistencia a la corrosi\u00f3n. Ofrecemos composiciones y tama\u00f1os personalizables para satisfacer necesidades espec\u00edficas, junto con un completo servicio postventa. No dude en ponerse en contacto con nosotros si tiene alguna pregunta.<\/p>\n<p>Fabricados con materias primas de gran pureza y t\u00e9cnicas metal\u00fargicas precisas, nuestros c\u00e1todos para sputtering de AlSc garantizan una composici\u00f3n uniforme, una microestructura densa y un excelente rendimiento del sputtering. Las composiciones est\u00e1ndar incluyen Al-1wt%Sc, Al-2wt%Sc y Al-3wt%Sc, con proporciones personalizadas disponibles bajo pedido.<\/p>\n<h2><span style=\"font-size: 14pt;\">Caracter\u00edsticas del producto<\/span><\/h2>\n<p>Pureza: \u226599,9<br \/>\nProporciones de Al\/Sc est\u00e1ndar y personalizadas (por ejemplo, 1%, 2%, 3%)<br \/>\nMayor resistencia mec\u00e1nica y estabilidad t\u00e9rmica<br \/>\nExcelente resistencia a la corrosi\u00f3n<br \/>\nMicroestructura uniforme y densa<br \/>\nCompatible con sistemas de sputtering DC y RF<br \/>\nMejor adherencia y uniformidad de la pel\u00edcula<\/p>\n<h2><span style=\"font-size: 14pt;\">Aplicaciones de los c\u00e1todos para sputtering de aleaci\u00f3n de aluminio y escandio<\/span><\/h2>\n<p>Recubrimientos aeroespaciales: Pel\u00edculas ligeras y de alta resistencia para componentes estructurales<br \/>\nElectr\u00f3nica: Pel\u00edculas finas para mejorar la conductividad y la durabilidad<br \/>\nRecubrimientos protectores: Capas resistentes a la corrosi\u00f3n para entornos dif\u00edciles<br \/>\nInvestigaci\u00f3n y desarrollo: Estudios de materiales avanzados y fabricaci\u00f3n de dispositivos<\/p>\n<h2><span style=\"font-size: 14pt;\">Informes<\/span><\/h2>\n<p>Certificado de an\u00e1lisis (COA)<br \/>\nHoja de datos de seguridad de materiales (MSDS)<br \/>\nPruebas de terceros a petici\u00f3n<\/p>\n","protected":false},"excerpt":{"rendered":"<p>Visi\u00f3n general de la aleaci\u00f3n de aluminio y escandio Aleaci\u00f3n de aluminio y escandio Son materiales de primera calidad dise\u00f1ados para la deposici\u00f3n de pel\u00edculas finas de alto rendimiento, que ofrecen una mayor resistencia mec\u00e1nica, estabilidad t\u00e9rmica y resistencia a la corrosi\u00f3n. Ofrecemos composiciones y tama\u00f1os personalizables para satisfacer necesidades espec\u00edficas, junto con un completo [&hellip;]<\/p>\n","protected":false},"featured_media":6691,"template":"","meta":{"_acf_changed":false},"product_brand":[132],"product_cat":[570],"product_tag":[1152],"class_list":{"0":"post-12675","1":"product","2":"type-product","3":"status-publish","4":"has-post-thumbnail","6":"product_brand-ulpmat","7":"product_cat-catodos-para-sputtering-de-aleaciones","8":"product_tag-aleacion-de-aluminio","10":"first","11":"instock","12":"shipping-taxable","13":"product-type-variable"},"acf":[],"_links":{"self":[{"href":"https:\/\/ulpmat.com\/es\/wp-json\/wp\/v2\/product\/12675","targetHints":{"allow":["GET"]}}],"collection":[{"href":"https:\/\/ulpmat.com\/es\/wp-json\/wp\/v2\/product"}],"about":[{"href":"https:\/\/ulpmat.com\/es\/wp-json\/wp\/v2\/types\/product"}],"wp:featuredmedia":[{"embeddable":true,"href":"https:\/\/ulpmat.com\/es\/wp-json\/wp\/v2\/media\/6691"}],"wp:attachment":[{"href":"https:\/\/ulpmat.com\/es\/wp-json\/wp\/v2\/media?parent=12675"}],"wp:term":[{"taxonomy":"product_brand","embeddable":true,"href":"https:\/\/ulpmat.com\/es\/wp-json\/wp\/v2\/product_brand?post=12675"},{"taxonomy":"product_cat","embeddable":true,"href":"https:\/\/ulpmat.com\/es\/wp-json\/wp\/v2\/product_cat?post=12675"},{"taxonomy":"product_tag","embeddable":true,"href":"https:\/\/ulpmat.com\/es\/wp-json\/wp\/v2\/product_tag?post=12675"}],"curies":[{"name":"wp","href":"https:\/\/api.w.org\/{rel}","templated":true}]}}