{"id":12635,"date":"2025-07-18T17:14:45","date_gmt":"2025-07-18T09:14:45","guid":{"rendered":"https:\/\/ulpmat.com\/product\/a14130-aleacion-de-aluminio\/"},"modified":"2025-07-18T17:14:45","modified_gmt":"2025-07-18T09:14:45","slug":"a14130-aleacion-de-aluminio","status":"publish","type":"product","link":"https:\/\/ulpmat.com\/es\/producto\/a14130-aleacion-de-aluminio\/","title":{"rendered":"A14130 Aleaci\u00f3n de aluminio"},"content":{"rendered":"<h2><span style=\"font-size: 14pt;\">AlSi12 Polvo esf\u00e9rico Descripci\u00f3n general<\/span><\/h2>\n<p><strong><span style=\"color: #3366ff;\"><a style=\"color: #3366ff;\" href=\"https:\/\/ulpmat.com\/es\/buscar\/?type=name&#038;keyword=alsi12\">AlSi12<\/a><\/span><\/strong> Spherical Powder es un polvo de aleaci\u00f3n de aluminio y silicio de alta calidad especialmente dise\u00f1ado para aplicaciones avanzadas de fabricaci\u00f3n aditiva y pulvimetalurgia. Con una composici\u00f3n t\u00edpica del 12% en peso de silicio, este polvo esf\u00e9rico ofrece una excelente fluidez, alta densidad de empaquetamiento y propiedades mec\u00e1nicas superiores, por lo que es ideal para producir componentes ligeros, resistentes al desgaste y t\u00e9rmicamente estables.<\/p>\n<p>Producido mediante t\u00e9cnicas avanzadas de atomizaci\u00f3n, nuestro polvo esf\u00e9rico AlSi12 garantiza una distribuci\u00f3n uniforme del tama\u00f1o de las part\u00edculas, una formaci\u00f3n m\u00ednima de sat\u00e9lites y una composici\u00f3n qu\u00edmica consistente. Ofrecemos tama\u00f1os de part\u00edcula personalizables para satisfacer necesidades espec\u00edficas, adem\u00e1s de un completo servicio posventa <span style=\"color: #3366ff;\"><a style=\"color: #3366ff;\" href=\"https:\/\/ulpmat.com\/es\/contactanos\/\">ponerse en contacto con nosotros<\/a><\/span> si tiene alguna pregunta.<\/p>\n<h2><span style=\"font-size: 14pt;\">Caracter\u00edsticas del producto<\/span><\/h2>\n<p>Pureza: \u226599,9<br \/>\nComposici\u00f3n: Al-12wt%Si<br \/>\nMorfolog\u00eda esf\u00e9rica de las part\u00edculas para una excelente fluidez<br \/>\nDistribuci\u00f3n uniforme del tama\u00f1o de las part\u00edculas<br \/>\nAlta densidad de empaquetamiento para mejorar la densidad de las piezas<br \/>\nMayor resistencia al desgaste y estabilidad t\u00e9rmica<br \/>\nIdeal para fabricaci\u00f3n aditiva y pulvimetalurgia<\/p>\n<h2><span style=\"font-size: 14pt;\">Aplicaciones del polvo esf\u00e9rico AlSi12<\/span><\/h2>\n<p>Fabricaci\u00f3n aditiva: Fusi\u00f3n de Lecho de Polvo L\u00e1ser (LPBF) y Sinterizado Directo de Metal por L\u00e1ser (DMLS) para las industrias aeroespacial, de automoci\u00f3n y de herramientas<br \/>\nPulvimetalurgia: Producci\u00f3n de componentes de aleaci\u00f3n de aluminio ligeros y resistentes al desgaste<br \/>\nPrototipado r\u00e1pido: Fabricaci\u00f3n de prototipos funcionales con excelentes propiedades mec\u00e1nicas<br \/>\nGesti\u00f3n t\u00e9rmica: Componentes que requieren una buena estabilidad y conductividad t\u00e9rmica<\/p>\n<h2><span style=\"font-size: 14pt;\">Informes<\/span><\/h2>\n<p>Certificado de an\u00e1lisis (COA)<br \/>\nFicha de datos de seguridad (MSDS)<br \/>\nPruebas de terceros disponibles previa solicitud<\/p>\n","protected":false},"excerpt":{"rendered":"<p>AlSi12 Polvo esf\u00e9rico Descripci\u00f3n general AlSi12 Spherical Powder es un polvo de aleaci\u00f3n de aluminio y silicio de alta calidad especialmente dise\u00f1ado para aplicaciones avanzadas de fabricaci\u00f3n aditiva y pulvimetalurgia. Con una composici\u00f3n t\u00edpica del 12% en peso de silicio, este polvo esf\u00e9rico ofrece una excelente fluidez, alta densidad de empaquetamiento y propiedades mec\u00e1nicas superiores, [&hellip;]<\/p>\n","protected":false},"featured_media":6697,"template":"","meta":{"_acf_changed":false},"product_brand":[132],"product_cat":[1151],"product_tag":[1152],"class_list":{"0":"post-12635","1":"product","2":"type-product","3":"status-publish","4":"has-post-thumbnail","6":"product_brand-ulpmat","7":"product_cat-polvo-esferico-para-impresion-3d","8":"product_tag-aleacion-de-aluminio","10":"first","11":"instock","12":"shipping-taxable","13":"product-type-variable"},"acf":[],"_links":{"self":[{"href":"https:\/\/ulpmat.com\/es\/wp-json\/wp\/v2\/product\/12635","targetHints":{"allow":["GET"]}}],"collection":[{"href":"https:\/\/ulpmat.com\/es\/wp-json\/wp\/v2\/product"}],"about":[{"href":"https:\/\/ulpmat.com\/es\/wp-json\/wp\/v2\/types\/product"}],"wp:featuredmedia":[{"embeddable":true,"href":"https:\/\/ulpmat.com\/es\/wp-json\/wp\/v2\/media\/6697"}],"wp:attachment":[{"href":"https:\/\/ulpmat.com\/es\/wp-json\/wp\/v2\/media?parent=12635"}],"wp:term":[{"taxonomy":"product_brand","embeddable":true,"href":"https:\/\/ulpmat.com\/es\/wp-json\/wp\/v2\/product_brand?post=12635"},{"taxonomy":"product_cat","embeddable":true,"href":"https:\/\/ulpmat.com\/es\/wp-json\/wp\/v2\/product_cat?post=12635"},{"taxonomy":"product_tag","embeddable":true,"href":"https:\/\/ulpmat.com\/es\/wp-json\/wp\/v2\/product_tag?post=12635"}],"curies":[{"name":"wp","href":"https:\/\/api.w.org\/{rel}","templated":true}]}}