{"id":12621,"date":"2025-07-18T17:14:46","date_gmt":"2025-07-18T09:14:46","guid":{"rendered":"https:\/\/ulpmat.com\/product\/aleacion-de-aluminio-silicio-y-magnesio-2\/"},"modified":"2025-07-18T17:14:46","modified_gmt":"2025-07-18T09:14:46","slug":"aleacion-de-aluminio-silicio-y-magnesio-2","status":"publish","type":"product","link":"https:\/\/ulpmat.com\/es\/producto\/aleacion-de-aluminio-silicio-y-magnesio-2\/","title":{"rendered":"Aleaci\u00f3n de aluminio, silicio y magnesio"},"content":{"rendered":"<h2><span style=\"font-size: 14pt;\">Aluminio Silicio Magnesio (AlSi7Mg) Visi\u00f3n general<\/span><\/h2>\n<p><strong><span style=\"color: #3366ff;\"><a style=\"color: #3366ff;\" href=\"https:\/\/ulpmat.com\/es\/buscar\/?type=name&#038;keyword=alsi7mg\">Aluminio Silicio Magnesio (AlSi7Mg)<\/a><\/span><\/strong> Spherical Powder es un polvo de aleaci\u00f3n de aluminio de primera calidad dise\u00f1ado para la fabricaci\u00f3n aditiva y la pulvimetalurgia. Con un contenido aproximado del 7% en peso de silicio y magnesio, este polvo esf\u00e9rico ofrece una excelente solidez, resistencia a la corrosi\u00f3n y estabilidad t\u00e9rmica.<\/p>\n<p>Fabricado mediante tecnolog\u00eda avanzada de atomizaci\u00f3n con gas, nuestro polvo de AlSi7Mg garantiza un bajo contenido de ox\u00edgeno, una alta esfericidad y una composici\u00f3n qu\u00edmica consistente para apoyar la fabricaci\u00f3n de piezas de alta calidad. Tambi\u00e9n ofrecemos un completo servicio postventa <span style=\"color: #3366ff;\"><a style=\"color: #3366ff;\" href=\"https:\/\/ulpmat.com\/es\/contactanos\/\">ponerse en contacto con nosotros<\/a><\/span> si tiene alguna pregunta.<\/p>\n<h2><span style=\"font-size: 14pt;\">Caracter\u00edsticas del producto<\/span><\/h2>\n<p>Pureza: \u226599,9<br \/>\nComposici\u00f3n (% en peso): Al\uff1aBal Si\uff1a0,3-0,9Mg\uff1a1,2-1,8 Zn\uff1a\u22640,1Ti\uff1a\u22640,2 Mn\uff1a\u22640,1Fe\uff1a\u22640,1Suma de otros element\uff1a\u22640,15<br \/>\nForma esf\u00e9rica de las part\u00edculas para una excelente fluidez<br \/>\nDistribuci\u00f3n uniforme del tama\u00f1o de las part\u00edculas<br \/>\nAlta densidad de empaquetamiento para una sinterizaci\u00f3n y fusi\u00f3n eficientes<br \/>\nMayor resistencia mec\u00e1nica y a la corrosi\u00f3n<br \/>\nAdecuado para fabricaci\u00f3n aditiva y pulvimetalurgia<\/p>\n<h2><span style=\"font-size: 14pt;\">Aplicaciones del polvo esf\u00e9rico de AlSi7Mg<\/span><\/h2>\n<p>Fabricaci\u00f3n aditiva: Fusi\u00f3n de lecho de polvo por l\u00e1ser (LPBF) y t\u00e9cnicas de impresi\u00f3n 3D relacionadas<br \/>\nPulvimetalurgia: Fabricaci\u00f3n de componentes de aleaci\u00f3n de aluminio ligeros y de alta resistencia<br \/>\nAutomoci\u00f3n y aeroespacial: Producci\u00f3n de piezas duraderas y resistentes a la corrosi\u00f3n<br \/>\nFabricaci\u00f3n industrial: Componentes que requieren gran estabilidad t\u00e9rmica y rendimiento mec\u00e1nico<\/p>\n<h2><span style=\"font-size: 14pt;\">Informes<\/span><\/h2>\n<p>Certificado de an\u00e1lisis (COA)<br \/>\nFicha de datos de seguridad (MSDS)<br \/>\nPruebas de terceros disponibles previa solicitud<\/p>\n","protected":false},"excerpt":{"rendered":"<p>Aluminio Silicio Magnesio (AlSi7Mg) Visi\u00f3n general Aluminio Silicio Magnesio (AlSi7Mg) Spherical Powder es un polvo de aleaci\u00f3n de aluminio de primera calidad dise\u00f1ado para la fabricaci\u00f3n aditiva y la pulvimetalurgia. Con un contenido aproximado del 7% en peso de silicio y magnesio, este polvo esf\u00e9rico ofrece una excelente solidez, resistencia a la corrosi\u00f3n y estabilidad [&hellip;]<\/p>\n","protected":false},"featured_media":6715,"template":"","meta":{"_acf_changed":false},"product_brand":[132],"product_cat":[1151],"product_tag":[1152],"class_list":{"0":"post-12621","1":"product","2":"type-product","3":"status-publish","4":"has-post-thumbnail","6":"product_brand-ulpmat","7":"product_cat-polvo-esferico-para-impresion-3d","8":"product_tag-aleacion-de-aluminio","10":"first","11":"instock","12":"shipping-taxable","13":"product-type-variable"},"acf":[],"_links":{"self":[{"href":"https:\/\/ulpmat.com\/es\/wp-json\/wp\/v2\/product\/12621","targetHints":{"allow":["GET"]}}],"collection":[{"href":"https:\/\/ulpmat.com\/es\/wp-json\/wp\/v2\/product"}],"about":[{"href":"https:\/\/ulpmat.com\/es\/wp-json\/wp\/v2\/types\/product"}],"wp:featuredmedia":[{"embeddable":true,"href":"https:\/\/ulpmat.com\/es\/wp-json\/wp\/v2\/media\/6715"}],"wp:attachment":[{"href":"https:\/\/ulpmat.com\/es\/wp-json\/wp\/v2\/media?parent=12621"}],"wp:term":[{"taxonomy":"product_brand","embeddable":true,"href":"https:\/\/ulpmat.com\/es\/wp-json\/wp\/v2\/product_brand?post=12621"},{"taxonomy":"product_cat","embeddable":true,"href":"https:\/\/ulpmat.com\/es\/wp-json\/wp\/v2\/product_cat?post=12621"},{"taxonomy":"product_tag","embeddable":true,"href":"https:\/\/ulpmat.com\/es\/wp-json\/wp\/v2\/product_tag?post=12621"}],"curies":[{"name":"wp","href":"https:\/\/api.w.org\/{rel}","templated":true}]}}