{"id":12546,"date":"2025-07-18T17:14:48","date_gmt":"2025-07-18T09:14:48","guid":{"rendered":"https:\/\/ulpmat.com\/product\/aleacion-base-de-aluminio-7075\/"},"modified":"2025-07-18T17:14:48","modified_gmt":"2025-07-18T09:14:48","slug":"aleacion-base-de-aluminio-7075","status":"publish","type":"product","link":"https:\/\/ulpmat.com\/es\/producto\/aleacion-base-de-aluminio-7075\/","title":{"rendered":"Aleaci\u00f3n base de aluminio 7075"},"content":{"rendered":"<h2><span style=\"font-size: 14pt;\">visi\u00f3n general de la aleaci\u00f3n base de aluminio 7075<\/span><\/h2>\n<p><strong><span style=\"color: #3366ff;\"><a style=\"color: #3366ff;\" href=\"https:\/\/ulpmat.com\/es\/buscar\/?type=name&#038;keyword=7075\">aleaci\u00f3n Base de Aluminio 7075<\/a><\/span><\/strong> Es un polvo premium de alta resistencia dise\u00f1ado para aplicaciones exigentes que requieren excelentes propiedades mec\u00e1nicas, resistencia a la fatiga y resistencia a la corrosi\u00f3n. Conocido por su superior relaci\u00f3n resistencia-peso, el polvo de aleaci\u00f3n de aluminio 7075 se utiliza ampliamente en las industrias aeroespacial, de defensa y de automoci\u00f3n de alto rendimiento.<\/p>\n<p>Fabricado a trav\u00e9s de atomizaci\u00f3n de gas avanzada, nuestro polvo esf\u00e9rico de aluminio 7075 tiene un tama\u00f1o de part\u00edcula uniforme, excelente fluidez y alta densidad de empaque, por lo que es ideal para la fabricaci\u00f3n aditiva, pulvimetalurgia y recubrimientos de pulverizaci\u00f3n t\u00e9rmica. Tambi\u00e9n ofrecemos un completo servicio post-venta <span style=\"color: #3366ff;\"><a style=\"color: #3366ff;\" href=\"https:\/\/ulpmat.com\/es\/contactanos\/\">ponerse en contacto con nosotros<\/a><\/span> si tiene alguna pregunta.<\/p>\n<h2><span style=\"font-size: 14pt;\">Composici\u00f3n del polvo esf\u00e9rico de aleaci\u00f3n base de aluminio 7075<\/span><\/h2>\n<p>Al\uff1aBal Cr\uff1a0.18-0.28Mg\uff1a2.1-2.9 Zn\uff1a5.1-6.1Cu\uff1a1.2-2.0 Mn\uff1a\u22640.30Fe\uff1a\u22640.50 Ti\uff1a\u22640.20Ti+Zr\uff1a\u22640.25 Si\uff1a\u22640.10<\/p>\n<h2><span style=\"font-size: 14pt;\">Productos destacados<\/span><\/h2>\n<p>Pureza: \u226599,5<br \/>\nMorfolog\u00eda esf\u00e9rica para una fluidez y densidad de empaquetamiento superiores<br \/>\nDistribuci\u00f3n uniforme del tama\u00f1o de las part\u00edculas<br \/>\nExcepcional resistencia mec\u00e1nica y a la fatiga<br \/>\nBuena resistencia a la corrosi\u00f3n, mejorada por el contenido de zinc y magnesio<br \/>\nAdecuado para tecnolog\u00edas de fabricaci\u00f3n avanzadas<\/p>\n<h2><span style=\"font-size: 14pt;\">Aplicaciones del polvo esf\u00e9rico de aluminio 7075<\/span><\/h2>\n<p>Fabricaci\u00f3n aditiva (impresi\u00f3n 3D) de componentes aeroespaciales y de defensa<br \/>\nPulvimetalurgia para piezas ligeras de alta resistencia<br \/>\nRecubrimientos por pulverizaci\u00f3n t\u00e9rmica para resistencia al desgaste y a la corrosi\u00f3n<br \/>\nRevestimiento por l\u00e1ser e ingenier\u00eda de superficies<\/p>\n<h2><span style=\"font-size: 14pt;\">Informes<\/span><\/h2>\n<p>Certificado de an\u00e1lisis (COA)<br \/>\nHoja de datos de seguridad de materiales (MSDS)<br \/>\nInforme de distribuci\u00f3n granulom\u00e9trica<br \/>\nPruebas de terceros disponibles previa solicitud<\/p>\n","protected":false},"excerpt":{"rendered":"<p>visi\u00f3n general de la aleaci\u00f3n base de aluminio 7075 aleaci\u00f3n Base de Aluminio 7075 Es un polvo premium de alta resistencia dise\u00f1ado para aplicaciones exigentes que requieren excelentes propiedades mec\u00e1nicas, resistencia a la fatiga y resistencia a la corrosi\u00f3n. Conocido por su superior relaci\u00f3n resistencia-peso, el polvo de aleaci\u00f3n de aluminio 7075 se utiliza ampliamente [&hellip;]<\/p>\n","protected":false},"featured_media":6805,"template":"","meta":{"_acf_changed":false},"product_brand":[132],"product_cat":[1151],"product_tag":[1152],"class_list":{"0":"post-12546","1":"product","2":"type-product","3":"status-publish","4":"has-post-thumbnail","6":"product_brand-ulpmat","7":"product_cat-polvo-esferico-para-impresion-3d","8":"product_tag-aleacion-de-aluminio","10":"first","11":"instock","12":"shipping-taxable","13":"product-type-variable"},"acf":[],"_links":{"self":[{"href":"https:\/\/ulpmat.com\/es\/wp-json\/wp\/v2\/product\/12546","targetHints":{"allow":["GET"]}}],"collection":[{"href":"https:\/\/ulpmat.com\/es\/wp-json\/wp\/v2\/product"}],"about":[{"href":"https:\/\/ulpmat.com\/es\/wp-json\/wp\/v2\/types\/product"}],"wp:featuredmedia":[{"embeddable":true,"href":"https:\/\/ulpmat.com\/es\/wp-json\/wp\/v2\/media\/6805"}],"wp:attachment":[{"href":"https:\/\/ulpmat.com\/es\/wp-json\/wp\/v2\/media?parent=12546"}],"wp:term":[{"taxonomy":"product_brand","embeddable":true,"href":"https:\/\/ulpmat.com\/es\/wp-json\/wp\/v2\/product_brand?post=12546"},{"taxonomy":"product_cat","embeddable":true,"href":"https:\/\/ulpmat.com\/es\/wp-json\/wp\/v2\/product_cat?post=12546"},{"taxonomy":"product_tag","embeddable":true,"href":"https:\/\/ulpmat.com\/es\/wp-json\/wp\/v2\/product_tag?post=12546"}],"curies":[{"name":"wp","href":"https:\/\/api.w.org\/{rel}","templated":true}]}}