{"id":12526,"date":"2025-07-18T17:14:49","date_gmt":"2025-07-18T09:14:49","guid":{"rendered":"https:\/\/ulpmat.com\/product\/oxido-de-aluminio-4\/"},"modified":"2025-07-18T17:14:49","modified_gmt":"2025-07-18T09:14:49","slug":"oxido-de-aluminio-4","status":"publish","type":"product","link":"https:\/\/ulpmat.com\/es\/producto\/oxido-de-aluminio-4\/","title":{"rendered":"\u00d3xido de aluminio"},"content":{"rendered":"<h2><span style=\"font-size: 14pt;\">Visi\u00f3n general de los gr\u00e1nulos de \u00f3xido de aluminio<\/span><\/h2>\n<p><strong><span style=\"color: #3366ff;\"><a style=\"color: #3366ff;\" href=\"https:\/\/ulpmat.com\/es\/buscar\/?type=element&#038;keyword=Al%2CO\">\u00d3xido de aluminio<\/a><\/span><\/strong> Pellets son materiales cer\u00e1micos de alta calidad dise\u00f1ados para aplicaciones que requieren una excelente estabilidad t\u00e9rmica, aislamiento el\u00e9ctrico y resistencia qu\u00edmica. Fabricados con materias primas de gran pureza y un procesamiento de precisi\u00f3n, proporcionan un tama\u00f1o, densidad y pureza constantes, lo que los hace ideales para su uso en revestimientos refractarios, soportes de catalizadores, medios de molienda y aislamiento t\u00e9rmico.<\/p>\n<p>Nuestros gr\u00e1nulos de \u00f3xido de aluminio est\u00e1n disponibles en varios di\u00e1metros y grados para satisfacer diversas demandas industriales. Ofrecemos personalizaci\u00f3n y un completo servicio postventa <span style=\"color: #3366ff;\"><a style=\"color: #3366ff;\" href=\"https:\/\/ulpmat.com\/es\/contactanos\/\">ponerse en contacto con nosotros<\/a><\/span> si tiene alguna pregunta.<\/p>\n<h2><span style=\"font-size: 14pt;\">Productos destacados<\/span><\/h2>\n<ul>\n<li data-start=\"108\" data-end=\"197\">\n<p data-start=\"110\" data-end=\"197\"><strong data-start=\"110\" data-end=\"178\">Pellets de \u00f3xido de aluminio de alta pureza para cer\u00e1mica y refractarios<\/strong> &#8211; Pureza \u226599,9%.<\/p>\n<\/li>\n<li data-start=\"198\" data-end=\"279\">\n<p data-start=\"200\" data-end=\"279\"><strong data-start=\"200\" data-end=\"226\">Tama\u00f1o y densidad uniformes<\/strong> &#8211; Fusi\u00f3n, sinterizaci\u00f3n y pulverizaci\u00f3n t\u00e9rmica estables.<\/p>\n<\/li>\n<li data-start=\"280\" data-end=\"369\">\n<p data-start=\"282\" data-end=\"369\"><strong data-start=\"282\" data-end=\"324\">Excelente estabilidad t\u00e9rmica y dureza<\/strong> &#8211; Ideal para abrasivos y piezas de alta temperatura.<\/p>\n<\/li>\n<li data-start=\"370\" data-end=\"448\">\n<p data-start=\"372\" data-end=\"448\"><strong data-start=\"372\" data-end=\"396\">Bajo contenido en impurezas<\/strong> &#8211; Adecuado para materiales electr\u00f3nicos y \u00f3pticos.<\/p>\n<\/li>\n<li data-start=\"449\" data-end=\"519\">\n<p data-start=\"451\" data-end=\"519\"><strong data-start=\"451\" data-end=\"473\">Especificaciones personalizables<\/strong>: varios tama\u00f1os, formas y grados de pureza.<\/p>\n<\/li>\n<li data-start=\"520\" data-end=\"596\">\n<p data-start=\"522\" data-end=\"596\"><strong data-start=\"522\" data-end=\"539\">Suministro mundial<\/strong>: entrega fiable en todo el mundo con documentaci\u00f3n completa.<\/p>\n<\/li>\n<\/ul>\n<h2><span style=\"font-size: 14pt;\">Aplicaciones de los gr\u00e1nulos de \u00f3xido de aluminio<\/span><\/h2>\n<p>Revestimientos refractarios: Utilizados en revestimientos de hornos y aislamiento t\u00e9rmico debido a su resistencia a altas temperaturas.<br \/>\nSoporte de catalizadores: Proporciona un soporte estable e inerte en reactores qu\u00edmicos y petroqu\u00edmicos.<br \/>\nMedios de molienda: Utilizados en molinos de bolas y aplicaciones de molienda para el procesamiento eficiente de materiales.<br \/>\nAislamiento el\u00e9ctrico: Aplicado en componentes y dispositivos el\u00e9ctricos que requieren una alta resistencia diel\u00e9ctrica.<br \/>\nAislamiento t\u00e9rmico: Adecuado para escudos t\u00e9rmicos y barreras aislantes en procesos industriales.<\/p>\n<h2><span style=\"font-size: 14pt;\">Informes<\/span><\/h2>\n<ul>\n<li>Certificado de an\u00e1lisis (COA)<\/li>\n<li>Ficha de datos de seguridad (MSDS)<\/li>\n<li>Distribuci\u00f3n del tama\u00f1o de los gr\u00e1nulos e informe de densidad<\/li>\n<li>Soporte de pruebas de terceros disponible previa solicitud<\/li>\n<\/ul>\n<h2><span style=\"font-size: 14pt;\">\u00bfPor qu\u00e9 elegirnos?<\/span><\/h2>\n<p>Suministramos <strong data-start=\"159\" data-end=\"259\">pellets de \u00f3xido de aluminio de gran pureza para cer\u00e1micas avanzadas, refractarios y materiales electr\u00f3nicos<\/strong>, garantizando una calidad constante y un tama\u00f1o uniforme de los pellets para procesos fiables de fusi\u00f3n, sinterizaci\u00f3n y pulverizaci\u00f3n t\u00e9rmica. Con <strong data-start=\"383\" data-end=\"450\">una excelente estabilidad t\u00e9rmica, dureza y bajo contenido en impurezas<\/strong>, nuestros gr\u00e1nulos cumplen los requisitos industriales m\u00e1s exigentes. Ofrecemos <strong data-start=\"522\" data-end=\"560\" data-is-only-node=\"\">especificaciones de pellets personalizables<\/strong> y un <strong data-start=\"565\" data-end=\"637\">suministro global con una log\u00edstica eficaz y documentaci\u00f3n completa para la exportaci\u00f3n<\/strong>, lo que nos convierte en su socio de confianza para <strong data-start=\"674\" data-end=\"727\">pellets de \u00f3xido de aluminio de alto rendimiento en todo el mundo<\/strong>.<\/p>\n","protected":false},"excerpt":{"rendered":"<p>Visi\u00f3n general de los gr\u00e1nulos de \u00f3xido de aluminio \u00d3xido de aluminio Pellets son materiales cer\u00e1micos de alta calidad dise\u00f1ados para aplicaciones que requieren una excelente estabilidad t\u00e9rmica, aislamiento el\u00e9ctrico y resistencia qu\u00edmica. Fabricados con materias primas de gran pureza y un procesamiento de precisi\u00f3n, proporcionan un tama\u00f1o, densidad y pureza constantes, lo que los [&hellip;]<\/p>\n","protected":false},"featured_media":5431,"template":"","meta":{"_acf_changed":false},"product_brand":[132],"product_cat":[340],"product_tag":[1140],"class_list":{"0":"post-12526","1":"product","2":"type-product","3":"status-publish","4":"has-post-thumbnail","6":"product_brand-ulpmat","7":"product_cat-materiales-de-evaporacion","8":"product_tag-oxido-de-aluminio","10":"first","11":"instock","12":"shipping-taxable","13":"product-type-variable"},"acf":[],"_links":{"self":[{"href":"https:\/\/ulpmat.com\/es\/wp-json\/wp\/v2\/product\/12526","targetHints":{"allow":["GET"]}}],"collection":[{"href":"https:\/\/ulpmat.com\/es\/wp-json\/wp\/v2\/product"}],"about":[{"href":"https:\/\/ulpmat.com\/es\/wp-json\/wp\/v2\/types\/product"}],"wp:featuredmedia":[{"embeddable":true,"href":"https:\/\/ulpmat.com\/es\/wp-json\/wp\/v2\/media\/5431"}],"wp:attachment":[{"href":"https:\/\/ulpmat.com\/es\/wp-json\/wp\/v2\/media?parent=12526"}],"wp:term":[{"taxonomy":"product_brand","embeddable":true,"href":"https:\/\/ulpmat.com\/es\/wp-json\/wp\/v2\/product_brand?post=12526"},{"taxonomy":"product_cat","embeddable":true,"href":"https:\/\/ulpmat.com\/es\/wp-json\/wp\/v2\/product_cat?post=12526"},{"taxonomy":"product_tag","embeddable":true,"href":"https:\/\/ulpmat.com\/es\/wp-json\/wp\/v2\/product_tag?post=12526"}],"curies":[{"name":"wp","href":"https:\/\/api.w.org\/{rel}","templated":true}]}}