{"id":12510,"date":"2025-07-18T17:14:49","date_gmt":"2025-07-18T09:14:49","guid":{"rendered":"https:\/\/ulpmat.com\/product\/oxido-de-aluminio-2\/"},"modified":"2025-07-18T17:14:49","modified_gmt":"2025-07-18T09:14:49","slug":"oxido-de-aluminio-2","status":"publish","type":"product","link":"https:\/\/ulpmat.com\/es\/producto\/oxido-de-aluminio-2\/","title":{"rendered":"\u00d3xido de aluminio"},"content":{"rendered":"<h2><span style=\"font-size: 14pt;\">Polvo de \u00f3xido de aluminio<\/span><\/h2>\n<p><strong><span style=\"color: #3366ff;\"><a style=\"color: #3366ff;\" href=\"https:\/\/ulpmat.com\/es\/buscar\/?type=element&#038;keyword=Al%2CO\">\u00d3xido de aluminio<\/a><\/span><\/strong> En polvo es un material cer\u00e1mico de alta pureza ampliamente utilizado para aplicaciones que exigen una excelente dureza, estabilidad t\u00e9rmica e inercia qu\u00edmica. Producido mediante t\u00e9cnicas de fabricaci\u00f3n avanzadas, nuestro polvo de \u00f3xido de aluminio (Al\u2082O\u2083) ofrece una distribuci\u00f3n uniforme del tama\u00f1o de las part\u00edculas, una gran pureza y un rendimiento superior en diversos procesos industriales, como la cer\u00e1mica, la electr\u00f3nica, los materiales refractarios y los revestimientos.<\/p>\n<p>Nuestro <strong>polvo de \u00f3xido de aluminio de alta pureza<\/strong> est\u00e1 disponible en m\u00faltiples grados y tama\u00f1os de part\u00edcula, optimizados para aplicaciones espec\u00edficas como auxiliares de sinterizaci\u00f3n, rellenos abrasivos y soportes de catalizadores. Tambi\u00e9n ofrecemos un completo servicio postventa <span style=\"color: #3366ff;\"><a style=\"color: #3366ff;\" href=\"https:\/\/ulpmat.com\/es\/contactanos\/\">ponerse en contacto con nosotros<\/a><\/span> si tiene alguna pregunta.<\/p>\n<h2><span style=\"font-size: 14pt;\">Productos destacados<\/span><\/h2>\n<p>Pureza: \u226599,9<br \/>\nTama\u00f1o de part\u00edcula y morfolog\u00eda uniformes<br \/>\nElevada dureza y resistencia mec\u00e1nica<br \/>\nGranularidad personalizable<\/p>\n<h2><span style=\"font-size: 14pt;\">Aplicaciones del polvo de \u00f3xido de aluminio<\/span><\/h2>\n<p>Cer\u00e1mica: Utilizado en materiales cer\u00e1micos avanzados para componentes estructurales y electr\u00f3nicos.<br \/>\nRefractarios: Materia prima clave para revestimientos y aislamientos resistentes al calor.<br \/>\nAbrasivos: Empleados en herramientas de pulido, rectificado y corte debido a su elevada dureza.<br \/>\nRecubrimientos: Utilizados en pulverizaci\u00f3n t\u00e9rmica y revestimientos de pel\u00edcula fina para protecci\u00f3n y aislamiento.<br \/>\nElectr\u00f3nica: Utilizado como sustrato aislante y material diel\u00e9ctrico.<br \/>\nSoporte de catalizadores: Proporciona una superficie estable e inerte para catalizadores en reacciones qu\u00edmicas.<\/p>\n<h2><span style=\"font-size: 14pt;\">Informes<\/span><\/h2>\n<p>Certificado de an\u00e1lisis (COA)<br \/>\nFicha de datos de seguridad (MSDS)<br \/>\nInforme de distribuci\u00f3n granulom\u00e9trica<br \/>\nPruebas de terceros disponibles previa solicitud<\/p>\n<h2><span style=\"font-size: 14pt;\">\u00bfPor qu\u00e9 elegirnos?<\/span><\/h2>\n<p>Proporcionamos <strong data-start=\"157\" data-end=\"266\">polvo de \u00f3xido de aluminio de gran pureza para aplicaciones de cer\u00e1mica avanzada, pulido y conductividad<\/strong> t\u00e9rmica, garantizando una pureza excepcional, una distribuci\u00f3n uniforme del tama\u00f1o de las part\u00edculas y una excelente estabilidad qu\u00edmica. Con un estricto control de calidad, tama\u00f1os de part\u00edcula personalizados y una entrega global fiable, ayudamos a industrias desde la electr\u00f3nica a la aeroespacial a conseguir un rendimiento \u00f3ptimo. Se conf\u00eda en nuestros polvos de \u00f3xido de aluminio para el <strong data-start=\"585\" data-end=\"679\">pulido de precisi\u00f3n, los refractarios de alto rendimiento y la fabricaci\u00f3n de sustratos electr\u00f3nicos<\/strong>.<\/p>\n","protected":false},"excerpt":{"rendered":"<p>Polvo de \u00f3xido de aluminio \u00d3xido de aluminio En polvo es un material cer\u00e1mico de alta pureza ampliamente utilizado para aplicaciones que exigen una excelente dureza, estabilidad t\u00e9rmica e inercia qu\u00edmica. Producido mediante t\u00e9cnicas de fabricaci\u00f3n avanzadas, nuestro polvo de \u00f3xido de aluminio (Al\u2082O\u2083) ofrece una distribuci\u00f3n uniforme del tama\u00f1o de las part\u00edculas, una gran [&hellip;]<\/p>\n","protected":false},"featured_media":5449,"template":"","meta":{"_acf_changed":false},"product_brand":[132],"product_cat":[438],"product_tag":[1140],"class_list":{"0":"post-12510","1":"product","2":"type-product","3":"status-publish","4":"has-post-thumbnail","6":"product_brand-ulpmat","7":"product_cat-oxidos","8":"product_tag-oxido-de-aluminio","10":"first","11":"instock","12":"shipping-taxable","13":"product-type-variable"},"acf":[],"_links":{"self":[{"href":"https:\/\/ulpmat.com\/es\/wp-json\/wp\/v2\/product\/12510","targetHints":{"allow":["GET"]}}],"collection":[{"href":"https:\/\/ulpmat.com\/es\/wp-json\/wp\/v2\/product"}],"about":[{"href":"https:\/\/ulpmat.com\/es\/wp-json\/wp\/v2\/types\/product"}],"wp:featuredmedia":[{"embeddable":true,"href":"https:\/\/ulpmat.com\/es\/wp-json\/wp\/v2\/media\/5449"}],"wp:attachment":[{"href":"https:\/\/ulpmat.com\/es\/wp-json\/wp\/v2\/media?parent=12510"}],"wp:term":[{"taxonomy":"product_brand","embeddable":true,"href":"https:\/\/ulpmat.com\/es\/wp-json\/wp\/v2\/product_brand?post=12510"},{"taxonomy":"product_cat","embeddable":true,"href":"https:\/\/ulpmat.com\/es\/wp-json\/wp\/v2\/product_cat?post=12510"},{"taxonomy":"product_tag","embeddable":true,"href":"https:\/\/ulpmat.com\/es\/wp-json\/wp\/v2\/product_tag?post=12510"}],"curies":[{"name":"wp","href":"https:\/\/api.w.org\/{rel}","templated":true}]}}