{"id":12492,"date":"2025-07-18T17:14:49","date_gmt":"2025-07-18T09:14:49","guid":{"rendered":"https:\/\/ulpmat.com\/product\/oxido-de-aluminio-oxido-de-titanio\/"},"modified":"2025-07-18T17:14:49","modified_gmt":"2025-07-18T09:14:49","slug":"oxido-de-aluminio-oxido-de-titanio","status":"publish","type":"product","link":"https:\/\/ulpmat.com\/es\/producto\/oxido-de-aluminio-oxido-de-titanio\/","title":{"rendered":"\u00d3xido de aluminio-\u00f3xido de titanio"},"content":{"rendered":"<h2><span style=\"font-size: 14pt;\">\u00d3xido de aluminio y titanio<\/span><\/h2>\n<p>El \u00f3xido de aluminio y titanio en polvo es un polvo compuesto cer\u00e1mico de alto rendimiento dise\u00f1ado para aplicaciones avanzadas que requieren una mayor resistencia mec\u00e1nica, estabilidad t\u00e9rmica y una excelente resistencia qu\u00edmica. Combina la dureza y la inercia qu\u00edmica de la <strong><span style=\"color: #3366ff;\"><a style=\"color: #3366ff;\" href=\"https:\/\/ulpmat.com\/product\/aluminum-oxide-powder-al2o3\/\">al\u00famina (Al\u2082O\u2083)<\/a><\/span><\/strong> con las propiedades fotocatal\u00edticas y diel\u00e9ctricas del di\u00f3xido de titanio (TiO\u2082), este polvo es ideal para producir revestimientos duraderos, cer\u00e1micas avanzadas y materiales compuestos funcionales.<\/p>\n<p>Nuestro polvo de Al2O3-TiO2 se produce a partir de materias primas de gran pureza mediante procesos controlados de s\u00edntesis y molienda para garantizar un tama\u00f1o de part\u00edcula uniforme, una composici\u00f3n consistente y una excelente dispersabilidad. Tambi\u00e9n ofrecemos un completo servicio postventa <span style=\"color: #3366ff;\"><a style=\"color: #3366ff;\" href=\"https:\/\/ulpmat.com\/es\/contactanos\/\">ponerse en contacto con nosotros<\/a><\/span> si tiene alguna pregunta.<\/p>\n<h2><span style=\"font-size: 14pt;\">Caracter\u00edsticas del producto<\/span><\/h2>\n<p>Polvo cer\u00e1mico compuesto de aluminio y \u00f3xido de titanio con proporciones controladas de Al\u2082O\u2083 y TiO\u2082<br \/>\nAlta pureza \u226599,5<br \/>\nExcelente dureza mec\u00e1nica y resistencia al desgaste<br \/>\nBuena estabilidad t\u00e9rmica e inercia qu\u00edmica<br \/>\nAdecuado para aplicaciones de cer\u00e1mica, revestimientos y materiales compuestos<br \/>\nDistribuci\u00f3n uniforme del tama\u00f1o de las part\u00edculas para un procesamiento uniforme<\/p>\n<h2><span style=\"font-size: 14pt;\">Aplicaciones del polvo de \u00f3xido de titanio y aluminio<\/span><\/h2>\n<p>Cer\u00e1mica avanzada: Utilizado en la producci\u00f3n de piezas cer\u00e1micas resistentes al desgaste y t\u00e9rmicamente estables<br \/>\nRecubrimientos: Recubrimientos funcionales y protectores con dureza mejorada y propiedades fotocatal\u00edticas<br \/>\nCatalizadores: Material base o aditivo para soportes catal\u00edticos y fotocat\u00e1lisis<br \/>\nComponentes electr\u00f3nicos: Capas diel\u00e9ctricas y aislantes con propiedades mec\u00e1nicas mejoradas<br \/>\nMateriales compuestos: Fase de refuerzo en compuestos de matriz met\u00e1lica y pol\u00edmeros<\/p>\n<h2><span style=\"font-size: 14pt;\">Informes<\/span><\/h2>\n<p>Certificado de an\u00e1lisis (COA)<br \/>\nFicha de datos de seguridad (MSDS)<br \/>\nInforme de distribuci\u00f3n granulom\u00e9trica<br \/>\nAn\u00e1lisis de pureza y composici\u00f3n de fases<br \/>\nPruebas de terceros disponibles previa solicitud<\/p>\n","protected":false},"excerpt":{"rendered":"<p>\u00d3xido de aluminio y titanio El \u00f3xido de aluminio y titanio en polvo es un polvo compuesto cer\u00e1mico de alto rendimiento dise\u00f1ado para aplicaciones avanzadas que requieren una mayor resistencia mec\u00e1nica, estabilidad t\u00e9rmica y una excelente resistencia qu\u00edmica. Combina la dureza y la inercia qu\u00edmica de la al\u00famina (Al\u2082O\u2083) con las propiedades fotocatal\u00edticas y diel\u00e9ctricas [&hellip;]<\/p>\n","protected":false},"featured_media":5455,"template":"","meta":{"_acf_changed":false},"product_brand":[132],"product_cat":[438],"product_tag":[1134],"class_list":{"0":"post-12492","1":"product","2":"type-product","3":"status-publish","4":"has-post-thumbnail","6":"product_brand-ulpmat","7":"product_cat-oxidos","8":"product_tag-oxido-de-titanio-y-aluminio","10":"first","11":"instock","12":"shipping-taxable","13":"product-type-variable"},"acf":[],"_links":{"self":[{"href":"https:\/\/ulpmat.com\/es\/wp-json\/wp\/v2\/product\/12492","targetHints":{"allow":["GET"]}}],"collection":[{"href":"https:\/\/ulpmat.com\/es\/wp-json\/wp\/v2\/product"}],"about":[{"href":"https:\/\/ulpmat.com\/es\/wp-json\/wp\/v2\/types\/product"}],"wp:featuredmedia":[{"embeddable":true,"href":"https:\/\/ulpmat.com\/es\/wp-json\/wp\/v2\/media\/5455"}],"wp:attachment":[{"href":"https:\/\/ulpmat.com\/es\/wp-json\/wp\/v2\/media?parent=12492"}],"wp:term":[{"taxonomy":"product_brand","embeddable":true,"href":"https:\/\/ulpmat.com\/es\/wp-json\/wp\/v2\/product_brand?post=12492"},{"taxonomy":"product_cat","embeddable":true,"href":"https:\/\/ulpmat.com\/es\/wp-json\/wp\/v2\/product_cat?post=12492"},{"taxonomy":"product_tag","embeddable":true,"href":"https:\/\/ulpmat.com\/es\/wp-json\/wp\/v2\/product_tag?post=12492"}],"curies":[{"name":"wp","href":"https:\/\/api.w.org\/{rel}","templated":true}]}}