{"id":12478,"date":"2025-07-18T17:14:50","date_gmt":"2025-07-18T09:14:50","guid":{"rendered":"https:\/\/ulpmat.com\/product\/oxido-de-aluminio-oxido-de-itrio-oxido-de-tulio\/"},"modified":"2025-07-18T17:14:50","modified_gmt":"2025-07-18T09:14:50","slug":"oxido-de-aluminio-oxido-de-itrio-oxido-de-tulio","status":"publish","type":"product","link":"https:\/\/ulpmat.com\/es\/producto\/oxido-de-aluminio-oxido-de-itrio-oxido-de-tulio\/","title":{"rendered":"\u00d3xido de aluminio-\u00d3xido de itrio-\u00d3xido de tulio"},"content":{"rendered":"<h2><span style=\"font-size: 14pt;\">Visi\u00f3n general de los c\u00e1todos para sputtering de \u00f3xido de aluminio, itrio y tulio<\/span><\/h2>\n<p>El c\u00e1todo para sputtering de \u00f3xido de aluminio, itrio y tulio es un compuesto cer\u00e1mico de alta calidad dise\u00f1ado para aplicaciones avanzadas de deposici\u00f3n de pel\u00edcula fina que requieren una excelente estabilidad t\u00e9rmica, resistencia mec\u00e1nica y propiedades \u00f3pticas o magn\u00e9ticas \u00fanicas. La adici\u00f3n de <strong><span style=\"color: #3366ff;\"><a style=\"color: #3366ff;\" href=\"https:\/\/ulpmat.com\/es\/producto\/oxido-de-tulio\/\">\u00f3xido de tulio (Tm\u2082O\u2083)<\/a><\/span><\/strong> a la <strong><span style=\"color: #3366ff;\"><a style=\"color: #3366ff;\" href=\"https:\/\/ulpmat.com\/product\/aluminum-yttrium-oxide-sputtering-target\/\">al\u00famina-itria<\/a><\/span><\/strong> mejora la luminiscencia y las funciones magn\u00e9ticas, por lo que resulta ideal para la optoelectr\u00f3nica, la fot\u00f3nica y las tecnolog\u00edas avanzadas de revestimiento.<\/p>\n<p>Nuestros c\u00e1todos de Al2O3-Y2O3-Tm2O3, fabricados a partir de polvos brutos de pureza ultra alta mediante procesos precisos de sinterizaci\u00f3n y prensado en caliente, ofrecen una alta densidad, una microestructura uniforme y un rendimiento de sputtering estable. Tambi\u00e9n ofrecemos un completo servicio postventa <span style=\"color: #3366ff;\"><a style=\"color: #3366ff;\" href=\"https:\/\/ulpmat.com\/es\/contactanos\/\">ponerse en contacto<\/a><\/span> si tiene alguna pregunta.<\/p>\n<h2><span style=\"font-size: 14pt;\">Caracter\u00edsticas del producto<\/span><\/h2>\n<p>Compuesto cer\u00e1mico de \u00f3xido de aluminio, itrio y tulio de alta pureza (\u226599,5%) con proporciones controladas de Al\u2082O\u2083, Y\u2082O\u2083 y Tm\u2082O\u2083<br \/>\nExcelente densidad y baja porosidad para una erosi\u00f3n uniforme del blanco<br \/>\nPropiedades luminiscentes y magn\u00e9ticas mejoradas gracias al dopaje con Tm\u2082O\u2083<br \/>\nTama\u00f1o, forma y composici\u00f3n personalizables para adaptarse a requisitos espec\u00edficos<\/p>\n<h2><span style=\"font-size: 14pt;\">Aplicaciones de <\/span><span style=\"font-size: 14pt;\">\u00d3xido de aluminio, itrio y tulio <\/span><span style=\"font-size: 14pt;\">C\u00e1todos para sputtering<\/span><\/h2>\n<p>Optoelectr\u00f3nica: Para la fabricaci\u00f3n de pel\u00edculas luminiscentes y dispositivos emisores de luz<br \/>\nDispositivos fot\u00f3nicos: Utilizados en recubrimientos de pel\u00edcula fina con propiedades magn\u00e9ticas u \u00f3pticas especiales<br \/>\nRecubrimientos protectores: Capas de alta dureza resistentes al desgaste en herramientas y componentes mec\u00e1nicos<br \/>\nSensores y MEMS: Pel\u00edculas funcionales para aplicaciones de detecci\u00f3n avanzadas<\/p>\n<h2><span style=\"font-size: 14pt;\">Informes<\/span><\/h2>\n<p>Certificado de an\u00e1lisis (COA)<br \/>\nHoja de datos de seguridad del material (MSDS)<br \/>\nInformes de pruebas de densidad y pureza<br \/>\nCertificaci\u00f3n de calidad de terceros opcional previa solicitud<\/p>\n<h2><span style=\"font-size: 14pt;\">\u00bfPor qu\u00e9 elegirnos?<\/span><\/h2>\n<p>Como <strong data-start=\"130\" data-end=\"200\">proveedor fiable de c\u00e1todos para sputtering de \u00f3xido de aluminio, itrio y tulio<\/strong>, suministramos <strong data-start=\"213\" data-end=\"250\" data-is-only-node=\"\">c\u00e1todos de alta pureza y alta densidad<\/strong> dise\u00f1ados para obtener una excelente uniformidad de la pel\u00edcula, una fuerte adherencia y velocidades de deposici\u00f3n estables. Nuestros productos presentan <strong data-start=\"358\" data-end=\"451\">bajos niveles de impurezas, una estequiometr\u00eda precisa y dimensiones y composiciones personalizables<\/strong>, lo que los hace ideales para <strong data-start=\"475\" data-end=\"552\">revestimientos \u00f3pticos, electr\u00f3nica avanzada y aplicaciones de tecnolog\u00eda l\u00e1ser<\/strong>. Gracias a <strong data-start=\"559\" data-end=\"645\">un riguroso control de calidad, una asistencia t\u00e9cnica experta y un suministro global conforme a las normas<\/strong>, garantizamos un suministro constante y fiable para sus proyectos m\u00e1s exigentes.<\/p>\n","protected":false},"excerpt":{"rendered":"<p>Visi\u00f3n general de los c\u00e1todos para sputtering de \u00f3xido de aluminio, itrio y tulio El c\u00e1todo para sputtering de \u00f3xido de aluminio, itrio y tulio es un compuesto cer\u00e1mico de alta calidad dise\u00f1ado para aplicaciones avanzadas de deposici\u00f3n de pel\u00edcula fina que requieren una excelente estabilidad t\u00e9rmica, resistencia mec\u00e1nica y propiedades \u00f3pticas o magn\u00e9ticas \u00fanicas. [&hellip;]<\/p>\n","protected":false},"featured_media":6853,"template":"","meta":{"_acf_changed":false},"product_brand":[132],"product_cat":[457],"product_tag":[1122],"class_list":{"0":"post-12478","1":"product","2":"type-product","3":"status-publish","4":"has-post-thumbnail","6":"product_brand-ulpmat","7":"product_cat-blanco-ceramico-para-sputtering","8":"product_tag-oxido-de-aluminio-itrio-y-tulio","10":"first","11":"instock","12":"shipping-taxable","13":"product-type-variable"},"acf":[],"_links":{"self":[{"href":"https:\/\/ulpmat.com\/es\/wp-json\/wp\/v2\/product\/12478","targetHints":{"allow":["GET"]}}],"collection":[{"href":"https:\/\/ulpmat.com\/es\/wp-json\/wp\/v2\/product"}],"about":[{"href":"https:\/\/ulpmat.com\/es\/wp-json\/wp\/v2\/types\/product"}],"wp:featuredmedia":[{"embeddable":true,"href":"https:\/\/ulpmat.com\/es\/wp-json\/wp\/v2\/media\/6853"}],"wp:attachment":[{"href":"https:\/\/ulpmat.com\/es\/wp-json\/wp\/v2\/media?parent=12478"}],"wp:term":[{"taxonomy":"product_brand","embeddable":true,"href":"https:\/\/ulpmat.com\/es\/wp-json\/wp\/v2\/product_brand?post=12478"},{"taxonomy":"product_cat","embeddable":true,"href":"https:\/\/ulpmat.com\/es\/wp-json\/wp\/v2\/product_cat?post=12478"},{"taxonomy":"product_tag","embeddable":true,"href":"https:\/\/ulpmat.com\/es\/wp-json\/wp\/v2\/product_tag?post=12478"}],"curies":[{"name":"wp","href":"https:\/\/api.w.org\/{rel}","templated":true}]}}