{"id":12461,"date":"2025-07-18T17:14:50","date_gmt":"2025-07-18T09:14:50","guid":{"rendered":"https:\/\/ulpmat.com\/product\/oxinitruro-de-aluminio-2\/"},"modified":"2025-07-18T17:14:50","modified_gmt":"2025-07-18T09:14:50","slug":"oxinitruro-de-aluminio-2","status":"publish","type":"product","link":"https:\/\/ulpmat.com\/es\/producto\/oxinitruro-de-aluminio-2\/","title":{"rendered":"Oxinitruro de aluminio"},"content":{"rendered":"<h2><span style=\"font-size: 14pt;\">Descripci\u00f3n general del polvo de oxinitruro de aluminio<\/span><\/h2>\n<p><strong><span style=\"color: #3366ff;\"><a style=\"color: #3366ff;\" href=\"https:\/\/ulpmat.com\/es\/buscar\/?type=element&#038;keyword=Al%2CO%2CN\">Oxinitruro de aluminio<\/a><\/span><\/strong> Es un polvo cer\u00e1mico avanzado de alto rendimiento conocido por su excepcional resistencia mec\u00e1nica, su transparencia \u00f3ptica en el espectro visible al infrarrojo medio y su excelente estabilidad t\u00e9rmica y qu\u00edmica.<\/p>\n<p>El oxinitruro de aluminio tiene una estructura cristalina de espinela c\u00fabica y es cuatro veces m\u00e1s duro que el vidrio de s\u00edlice y tres veces m\u00e1s duro que el acero. Uno de los materiales con mayor potencial de aplicaci\u00f3n como material refractario es el oxinitruro de aluminio con estructura de tipo espinela, \u03b3-AlON. Los materiales de AlON, monof\u00e1sicos o compuestos, se caracterizan por unas buenas propiedades mec\u00e1nicas, una elevada resistencia al choque t\u00e9rmico y una gran resistencia a la corrosi\u00f3n y la erosi\u00f3n. Otra ventaja es la posibilidad de utilizar el m\u00e9todo SHS para producir polvos sinterizables relativamente buenos de \u03b3-AlON, aunque se caracterizan por su baja compresibilidad.<\/p>\n<p>Nuestro polvo de oxinitruro de aluminio de alta pureza se sintetiza utilizando materias primas de gran pureza y t\u00e9cnicas de procesamiento avanzadas para garantizar un tama\u00f1o de part\u00edcula, una pureza de fase y una composici\u00f3n qu\u00edmica uniformes. Tambi\u00e9n ofrecemos un completo servicio postventa <span style=\"color: #3366ff;\"><a style=\"color: #3366ff;\" href=\"https:\/\/ulpmat.com\/es\/contactanos\/\">ponerse en contacto con nosotros<\/a><\/span> si tiene alguna pregunta.<\/p>\n<h2><span style=\"font-size: 14pt;\">Caracter\u00edsticas del producto<\/span><\/h2>\n<p>Pureza: \u226599,9<br \/>\nAlta pureza de fase con estequiometr\u00eda controlada de Al, O y N<br \/>\nDistribuci\u00f3n uniforme del tama\u00f1o de las part\u00edculas para un excelente comportamiento de sinterizaci\u00f3n<br \/>\nExtraordinaria dureza mec\u00e1nica y resistencia a la fractura<br \/>\nPrecios competitivos del polvo de oxinitruro de aluminio<\/p>\n<h2><span style=\"font-size: 14pt;\">Aplicaciones del polvo de oxinitruro de aluminio<\/span><\/h2>\n<p>Blindajes transparentes y ventanas antibalas<br \/>\nComponentes \u00f3pticos como lentes, ventanas y dispositivos l\u00e1ser<br \/>\nRecubrimientos de alto rendimiento resistentes al desgaste<br \/>\nComponentes estructurales aeroespaciales y de defensa<br \/>\nSustratos electr\u00f3nicos y materiales aislantes<\/p>\n<h2><span style=\"font-size: 14pt;\">Informes<\/span><\/h2>\n<p>Certificado de an\u00e1lisis (COA)<br \/>\nHoja de datos de seguridad de materiales (MSDS)<br \/>\nInformes de distribuci\u00f3n granulom\u00e9trica y pureza de fase<br \/>\nPruebas y certificaci\u00f3n de terceros opcionales<\/p>\n<h2><span style=\"font-size: 14pt;\">\u00bfPor qu\u00e9 elegirnos?<\/span><\/h2>\n<p>Como <strong>proveedor<\/strong> fiable <strong>de polvo de oxinitruro de<\/strong> aluminio, nos comprometemos a suministrar productos de alta calidad que cumplan las normas industriales m\u00e1s estrictas. Nuestro polvo de oxinitruro de aluminio presenta una alta pureza, una distribuci\u00f3n estable del tama\u00f1o de las part\u00edculas y excelentes propiedades \u00f3pticas y mec\u00e1nicas, lo que lo hace adecuado para aplicaciones exigentes. Ofrecemos precios competitivos, personalizaci\u00f3n flexible y entregas puntuales respaldadas por un soporte t\u00e9cnico profesional, lo que le garantiza que recibir\u00e1 materiales de calidad superior y un servicio fiable.<\/p>\n","protected":false},"excerpt":{"rendered":"<p><strong><span style=\"color: #3366ff;\"><a style=\"color: #3366ff;\" href=\"https:\/\/ulpmat.com\/es\/buscar\/?type=element&#038;keyword=Al%2CO%2CN\">Oxinitruro de aluminio<\/a><\/span><\/strong> Es un polvo cer\u00e1mico avanzado de alto rendimiento conocido por su excepcional resistencia mec\u00e1nica, su transparencia \u00f3ptica en el espectro visible al infrarrojo medio y su excelente estabilidad t\u00e9rmica y qu\u00edmica.<\/p>\n","protected":false},"featured_media":6817,"template":"","meta":{"_acf_changed":false},"product_brand":[132],"product_cat":[438],"product_tag":[333,1110],"class_list":{"0":"post-12461","1":"product","2":"type-product","3":"status-publish","4":"has-post-thumbnail","6":"product_brand-ulpmat","7":"product_cat-oxidos","8":"product_tag-materiales-opticos","9":"product_tag-oxinitruro-de-aluminio","11":"first","12":"instock","13":"shipping-taxable","14":"product-type-variable"},"acf":[],"_links":{"self":[{"href":"https:\/\/ulpmat.com\/es\/wp-json\/wp\/v2\/product\/12461","targetHints":{"allow":["GET"]}}],"collection":[{"href":"https:\/\/ulpmat.com\/es\/wp-json\/wp\/v2\/product"}],"about":[{"href":"https:\/\/ulpmat.com\/es\/wp-json\/wp\/v2\/types\/product"}],"wp:featuredmedia":[{"embeddable":true,"href":"https:\/\/ulpmat.com\/es\/wp-json\/wp\/v2\/media\/6817"}],"wp:attachment":[{"href":"https:\/\/ulpmat.com\/es\/wp-json\/wp\/v2\/media?parent=12461"}],"wp:term":[{"taxonomy":"product_brand","embeddable":true,"href":"https:\/\/ulpmat.com\/es\/wp-json\/wp\/v2\/product_brand?post=12461"},{"taxonomy":"product_cat","embeddable":true,"href":"https:\/\/ulpmat.com\/es\/wp-json\/wp\/v2\/product_cat?post=12461"},{"taxonomy":"product_tag","embeddable":true,"href":"https:\/\/ulpmat.com\/es\/wp-json\/wp\/v2\/product_tag?post=12461"}],"curies":[{"name":"wp","href":"https:\/\/api.w.org\/{rel}","templated":true}]}}