{"id":12434,"date":"2025-07-18T17:14:52","date_gmt":"2025-07-18T09:14:52","guid":{"rendered":"https:\/\/ulpmat.com\/product\/seleniuro-de-aluminio\/"},"modified":"2025-07-18T17:14:52","modified_gmt":"2025-07-18T09:14:52","slug":"seleniuro-de-aluminio","status":"publish","type":"product","link":"https:\/\/ulpmat.com\/es\/producto\/seleniuro-de-aluminio\/","title":{"rendered":"Seleniuro de aluminio"},"content":{"rendered":"<h2><span style=\"font-size: 14pt;\">Seleniuro de aluminio en polvo<\/span><\/h2>\n<p>El seleniuro de aluminio en polvo es un material cristalino fino de gran pureza que presenta una alta reactividad y excelentes propiedades t\u00e9rmicas, lo que lo hace muy adecuado para aplicaciones avanzadas de semiconductores y optoelectr\u00f3nica. Es un compuesto i\u00f3nico t\u00edpico que se hidroliza f\u00e1cilmente en presencia de humedad, produciendo el t\u00f3xico gas seleniuro de hidr\u00f3geno (H\u2082Se). La forma en polvo ofrece una superficie y una reactividad mejoradas, especialmente beneficiosas en reacciones qu\u00edmicas de precisi\u00f3n y procesos de fabricaci\u00f3n de pel\u00edculas finas.<\/p>\n<p>Nuestro polvo de Al\u2082Se\u2083 se produce con un nivel de pureza de \u226599,99%, lo que garantiza unos niveles extremadamente bajos de impurezas met\u00e1licas y no met\u00e1licas. Tambi\u00e9n ofrecemos un completo servicio posventa; no dude en ponerse en contacto con nosotros si tiene alguna pregunta.<\/p>\n<h2><span style=\"font-size: 14pt;\">Caracter\u00edsticas del producto:<\/span><\/h2>\n<p>Pureza: \u226599,99%<br \/>\nForma de polvo fino para una alta reactividad y \u00e1rea de superficie<br \/>\nAlto contenido en selenio con excelente control estequiom\u00e9trico<br \/>\nEstable en condiciones inertes y anhidras<br \/>\nOptimizado para semiconductores, \u00f3ptica IR y s\u00edntesis qu\u00edmica<\/p>\n<h2><span style=\"font-size: 14pt;\">Aplicaciones del <\/span><span style=\"font-size: 14pt;\">Seleniuro de aluminio <\/span><span style=\"font-size: 14pt;\">Polvo<\/span><\/h2>\n<p>Semiconductores: Act\u00faa como donante de selenio en el crecimiento epitaxial y en la fabricaci\u00f3n de semiconductores compuestos.<br \/>\n\u00d3ptica infrarroja: Se utiliza en materiales con capacidad de transmisi\u00f3n de infrarrojos.<br \/>\nDeposici\u00f3n de pel\u00edculas finas: Aplicado en t\u00e9cnicas de deposici\u00f3n f\u00edsica y qu\u00edmica de vapor (PVD, MOCVD) para la formaci\u00f3n de capas que contienen selenio.<br \/>\nS\u00edntesis qu\u00edmica especializada: Reactivo o precursor en sistemas avanzados de cer\u00e1mica y aleaciones en los que se requiere la incorporaci\u00f3n de selenio.<br \/>\nInvestigaci\u00f3n y desarrollo: Utilizado en laboratorios acad\u00e9micos e industriales para el desarrollo de nuevos materiales.<\/p>\n<h2><span style=\"font-size: 14pt;\">Informes<\/span><\/h2>\n<p>Todos los lotes de polvo de seleniuro de aluminio van acompa\u00f1ados de un Certificado de An\u00e1lisis (COA) y una Hoja de Datos de Seguridad del Material (MSDS). Tambi\u00e9n ofrecemos pruebas de terceros y especificaciones personalizadas a petici\u00f3n.<\/p>\n","protected":false},"excerpt":{"rendered":"<p>Seleniuro de aluminio en polvo El seleniuro de aluminio en polvo es un material cristalino fino de gran pureza que presenta una alta reactividad y excelentes propiedades t\u00e9rmicas, lo que lo hace muy adecuado para aplicaciones avanzadas de semiconductores y optoelectr\u00f3nica. Es un compuesto i\u00f3nico t\u00edpico que se hidroliza f\u00e1cilmente en presencia de humedad, produciendo [&hellip;]<\/p>\n","protected":false},"featured_media":5467,"template":"","meta":{"_acf_changed":false},"product_brand":[132],"product_cat":[678,1102],"product_tag":[1104,1103],"class_list":{"0":"post-12434","1":"product","2":"type-product","3":"status-publish","4":"has-post-thumbnail","6":"product_brand-ulpmat","7":"product_cat-materiales-calcogenuros","8":"product_cat-materiales-calcogenuros-es","9":"product_tag-materiales-calcogenuros","10":"product_tag-seleniuro-de-aluminio","12":"first","13":"instock","14":"shipping-taxable","15":"product-type-variable"},"acf":[],"_links":{"self":[{"href":"https:\/\/ulpmat.com\/es\/wp-json\/wp\/v2\/product\/12434","targetHints":{"allow":["GET"]}}],"collection":[{"href":"https:\/\/ulpmat.com\/es\/wp-json\/wp\/v2\/product"}],"about":[{"href":"https:\/\/ulpmat.com\/es\/wp-json\/wp\/v2\/types\/product"}],"wp:featuredmedia":[{"embeddable":true,"href":"https:\/\/ulpmat.com\/es\/wp-json\/wp\/v2\/media\/5467"}],"wp:attachment":[{"href":"https:\/\/ulpmat.com\/es\/wp-json\/wp\/v2\/media?parent=12434"}],"wp:term":[{"taxonomy":"product_brand","embeddable":true,"href":"https:\/\/ulpmat.com\/es\/wp-json\/wp\/v2\/product_brand?post=12434"},{"taxonomy":"product_cat","embeddable":true,"href":"https:\/\/ulpmat.com\/es\/wp-json\/wp\/v2\/product_cat?post=12434"},{"taxonomy":"product_tag","embeddable":true,"href":"https:\/\/ulpmat.com\/es\/wp-json\/wp\/v2\/product_tag?post=12434"}],"curies":[{"name":"wp","href":"https:\/\/api.w.org\/{rel}","templated":true}]}}