{"id":12427,"date":"2025-07-18T17:14:52","date_gmt":"2025-07-18T09:14:52","guid":{"rendered":"https:\/\/ulpmat.com\/product\/carburo-de-aluminio\/"},"modified":"2025-07-18T17:14:52","modified_gmt":"2025-07-18T09:14:52","slug":"carburo-de-aluminio","status":"publish","type":"product","link":"https:\/\/ulpmat.com\/es\/producto\/carburo-de-aluminio\/","title":{"rendered":"Carburo de aluminio"},"content":{"rendered":"<h2><span style=\"font-size: 14pt;\">Polvo de carburo de aluminio Descripci\u00f3n general<\/span><\/h2>\n<p><strong><span style=\"color: #3366ff;\"><a style=\"color: #3366ff;\" href=\"https:\/\/ulpmat.com\/es\/buscar\/?type=element&#038;keyword=Al%2CC\">Carburo de aluminio<\/a><\/span><\/strong> es un compuesto cristalino de color gris verdoso a amarillento compuesto de aluminio y carbono. Es conocido por su gran dureza, buena conductividad t\u00e9rmica y reactividad con el agua o la humedad, donde se descompone para producir gas metano.<\/p>\n<p>Nuestro polvo de carburo de aluminio tiene una morfolog\u00eda de part\u00edculas uniforme, una distribuci\u00f3n de tama\u00f1os ajustada y un bajo contenido de ox\u00edgeno. Est\u00e1 disponible en m\u00faltiples tama\u00f1os de part\u00edcula para satisfacer los requisitos de diversas aplicaciones industriales y de investigaci\u00f3n. Tambi\u00e9n ofrecemos un amplio servicio postventa <span style=\"color: #3366ff;\"><a style=\"color: #3366ff;\" href=\"https:\/\/ulpmat.com\/es\/contactanos\/\">ponerse en contacto con nosotros<\/a><\/span> si tiene alguna pregunta.<\/p>\n<h2><span style=\"font-size: 14pt;\">Aspectos destacados del producto:<\/span><\/h2>\n<p>Pureza: \u226599%<br \/>\nPolvo fino con una estrecha distribuci\u00f3n del tama\u00f1o de las part\u00edculas<br \/>\nElevada dureza y estabilidad t\u00e9rmica<br \/>\nReactivo en ambientes h\u00famedos (evoluci\u00f3n del CH\u2084)<br \/>\nAdecuado para el refuerzo de compuestos avanzados y aplicaciones cer\u00e1micas<\/p>\n<h2><span style=\"font-size: 14pt;\">Aplicaciones del polvo de carburo de aluminio<\/span><\/h2>\n<p>Compuestos de matriz met\u00e1lica (MMC): Fase de refuerzo en compuestos a base de aluminio para mejorar la rigidez, la resistencia al desgaste y las propiedades t\u00e9rmicas<br \/>\nMateriales cer\u00e1micos: Intermedio o aditivo en cer\u00e1micas de alto rendimiento y materiales a base de carburo<br \/>\nComponentes de alta temperatura: Utilizados en aplicaciones estructurales refractarias y de alta temperatura<br \/>\nInvestigaci\u00f3n y desarrollo: Utilizado en pulvimetalurgia y s\u00edntesis de compuestos para investigaci\u00f3n acad\u00e9mica e industrial<\/p>\n<h2><span style=\"font-size: 14pt;\">Informes<\/span><\/h2>\n<p>Todos los lotes de <strong>polvo de carburo de<\/strong> aluminio van acompa\u00f1ados de un Certificado de An\u00e1lisis (COA) y una Hoja de Datos de Seguridad del Material (MSDS). El an\u00e1lisis incluye la composici\u00f3n qu\u00edmica, la distribuci\u00f3n del tama\u00f1o de las part\u00edculas y el contenido de humedad\/ox\u00edgeno. Verificaci\u00f3n por terceros disponible previa solicitud.<\/p>\n","protected":false},"excerpt":{"rendered":"<p><strong><span style=\"color: #3366ff;\"><a style=\"color: #3366ff;\" href=\"https:\/\/ulpmat.com\/es\/buscar\/?type=element&#038;keyword=Al%2CC\">Carburo de aluminio<\/a><\/span><\/strong> es un compuesto cristalino de color gris verdoso a amarillento compuesto de aluminio y carbono. Es conocido por su gran dureza, buena conductividad t\u00e9rmica y reactividad con el agua o la humedad, donde se descompone para producir gas metano.<\/p>\n","protected":false},"featured_media":5473,"template":"","meta":{"_acf_changed":false},"product_brand":[132],"product_cat":[720],"product_tag":[1086],"class_list":{"0":"post-12427","1":"product","2":"type-product","3":"status-publish","4":"has-post-thumbnail","6":"product_brand-ulpmat","7":"product_cat-materiales-refractarios","8":"product_tag-carburo-de-aluminio","10":"first","11":"instock","12":"shipping-taxable","13":"product-type-variable"},"acf":[],"_links":{"self":[{"href":"https:\/\/ulpmat.com\/es\/wp-json\/wp\/v2\/product\/12427","targetHints":{"allow":["GET"]}}],"collection":[{"href":"https:\/\/ulpmat.com\/es\/wp-json\/wp\/v2\/product"}],"about":[{"href":"https:\/\/ulpmat.com\/es\/wp-json\/wp\/v2\/types\/product"}],"wp:featuredmedia":[{"embeddable":true,"href":"https:\/\/ulpmat.com\/es\/wp-json\/wp\/v2\/media\/5473"}],"wp:attachment":[{"href":"https:\/\/ulpmat.com\/es\/wp-json\/wp\/v2\/media?parent=12427"}],"wp:term":[{"taxonomy":"product_brand","embeddable":true,"href":"https:\/\/ulpmat.com\/es\/wp-json\/wp\/v2\/product_brand?post=12427"},{"taxonomy":"product_cat","embeddable":true,"href":"https:\/\/ulpmat.com\/es\/wp-json\/wp\/v2\/product_cat?post=12427"},{"taxonomy":"product_tag","embeddable":true,"href":"https:\/\/ulpmat.com\/es\/wp-json\/wp\/v2\/product_tag?post=12427"}],"curies":[{"name":"wp","href":"https:\/\/api.w.org\/{rel}","templated":true}]}}