{"id":12411,"date":"2025-07-18T17:14:53","date_gmt":"2025-07-18T09:14:53","guid":{"rendered":"https:\/\/ulpmat.com\/product\/nitruro-de-aluminio-5\/"},"modified":"2025-07-18T17:14:53","modified_gmt":"2025-07-18T09:14:53","slug":"nitruro-de-aluminio-5","status":"publish","type":"product","link":"https:\/\/ulpmat.com\/es\/producto\/nitruro-de-aluminio-5\/","title":{"rendered":"Nitruro de aluminio"},"content":{"rendered":"<h2><span style=\"font-size: 14pt;\">Nitruro de aluminio granulado Descripci\u00f3n general<\/span><\/h2>\n<p><strong><span style=\"color: #3366ff;\"><a style=\"color: #3366ff;\" href=\"https:\/\/ulpmat.com\/es\/buscar\/?type=element&#038;keyword=Al%2CN\">El nitruro de aluminio<\/a><\/span><\/strong> son un material cer\u00e1mico de alto rendimiento con una excelente conductividad t\u00e9rmica, una elevada resistividad el\u00e9ctrica y una extraordinaria estabilidad qu\u00edmica, lo que los hace ideales para su uso en rellenos conductores t\u00e9rmicos, materiales de envasado electr\u00f3nico y cer\u00e1micas avanzadas.<\/p>\n<p>Nuestros gr\u00e1nulos de AlN pueden personalizarse seg\u00fan los requisitos espec\u00edficos de procesamiento. Tanto para fines de investigaci\u00f3n como para aplicaciones industriales a gran escala, ofrecemos una calidad fiable y una asistencia t\u00e9cnica r\u00e1pida para ayudarle a alcanzar sus objetivos de aplicaci\u00f3n.<\/p>\n<h2><span style=\"font-size: 14pt;\">Productos destacados:<\/span><\/h2>\n<ul>\n<li data-start=\"121\" data-end=\"271\">\n<p data-start=\"123\" data-end=\"271\"><strong data-start=\"123\" data-end=\"212\">Gr\u00e1nulos de nitruro de aluminio de gran pureza para cer\u00e1mica avanzada y sustratos electr\u00f3nicos<\/strong> &#8211; Excelente conductividad t\u00e9rmica y estabilidad qu\u00edmica.<\/p>\n<\/li>\n<li data-start=\"272\" data-end=\"357\">\n<p data-start=\"274\" data-end=\"357\"><strong data-start=\"274\" data-end=\"298\">Tama\u00f1o uniforme de los gr\u00e1nulos<\/strong> &#8211; Garantiza un comportamiento predecible de sinterizaci\u00f3n y procesamiento.<\/p>\n<\/li>\n<li data-start=\"358\" data-end=\"476\">\n<p data-start=\"360\" data-end=\"476\"><strong data-start=\"360\" data-end=\"416\">Excelente resistencia t\u00e9rmica y mec\u00e1nica<\/strong> &#8211; Ideal para aplicaciones electr\u00f3nicas y de alta temperatura.<\/p>\n<\/li>\n<li data-start=\"477\" data-end=\"575\">\n<p data-start=\"479\" data-end=\"575\"><strong data-start=\"479\" data-end=\"503\">Bajo contenido en impurezas<\/strong> &#8211; Adecuado para componentes electr\u00f3nicos sensibles y de alto rendimiento.<\/p>\n<\/li>\n<li data-start=\"576\" data-end=\"668\">\n<p data-start=\"578\" data-end=\"668\"><strong data-start=\"578\" data-end=\"609\">Especificaciones personalizables<\/strong> &#8211; Disponible en varios tama\u00f1os, formas y grados de pureza.<\/p>\n<\/li>\n<li data-start=\"669\" data-end=\"752\">\n<p data-start=\"671\" data-end=\"752\"><strong data-start=\"671\" data-end=\"688\">Suministro mundial<\/strong>: entrega fiable en todo el mundo con documentaci\u00f3n completa para la exportaci\u00f3n.<\/p>\n<\/li>\n<\/ul>\n<h2><span style=\"font-size: 14pt;\">Aplicaciones de los gr\u00e1nulos de nitruro de aluminio<\/span><\/h2>\n<p>Sustratos cer\u00e1micos: Para electr\u00f3nica de alta potencia, m\u00f3dulos IGBT y capas disipadoras de calor<br \/>\nGesti\u00f3n t\u00e9rmica: Se utiliza en pastas conductoras t\u00e9rmicas, compuestos de encapsulado y componentes moldeados<br \/>\nMateriales compuestos: Relleno para resinas y pol\u00edmeros de alto rendimiento<br \/>\nCuerpos sinterizados: Utilizados en la sinterizaci\u00f3n sin presi\u00f3n o por prensado en caliente de cer\u00e1mica t\u00e9cnica<br \/>\nEmbalaje electr\u00f3nico: Ideal para aplicaciones de bajo diel\u00e9ctrico y alta temperatura en envases avanzados<\/p>\n<h2><span style=\"font-size: 14pt;\">Informes<\/span><\/h2>\n<p>Todos los lotes de gr\u00e1nulos de nitruro de aluminio (AlN) se entregan con un Certificado de An\u00e1lisis (COA) y una Hoja de Datos de Seguridad del Material (MSDS). Las pruebas est\u00e1ndar incluyen la distribuci\u00f3n del tama\u00f1o de las part\u00edculas, la pureza qu\u00edmica, el contenido de ox\u00edgeno y carbono, y la verificaci\u00f3n de fases mediante DRX. Si se solicita, se puede organizar una verificaci\u00f3n por terceros.<\/p>\n<h2><span style=\"font-size: 14pt;\">\u00bfPor qu\u00e9 elegirnos?<\/span><\/h2>\n<p>Como <strong data-start=\"179\" data-end=\"232\">proveedor de<\/strong> confianza <strong data-start=\"179\" data-end=\"232\">de gr\u00e1nulos de nitruro de aluminio<\/strong> para cer\u00e1micas avanzadas, sustratos electr\u00f3nicos y aplicaciones de alto rendimiento. Nuestros gr\u00e1nulos presentan <strong data-start=\"335\" data-end=\"420\">un tama\u00f1o uniforme, una conductividad t\u00e9rmica excelente y una resistencia mec\u00e1nica sobresaliente<\/strong>, lo que garantiza una sinterizaci\u00f3n y un procesamiento fiables. Con <strong data-start=\"471\" data-end=\"552\" data-is-only-node=\"\">un bajo contenido de impurezas, especificaciones personalizables y un estricto control de calidad<\/strong>, ofrecemos un rendimiento constante para industrias sensibles y de alta tecnolog\u00eda. Respaldados por <strong data-start=\"638\" data-end=\"688\">una log\u00edstica global y una completa documentaci\u00f3n de exportaci\u00f3n<\/strong>, somos su socio de confianza y su <strong data-start=\"723\" data-end=\"781\">proveedor preferido de gr\u00e1nulos de nitruro de aluminio en todo el mundo<\/strong>.<\/p>\n","protected":false},"excerpt":{"rendered":"<p>Nitruro de aluminio granulado Descripci\u00f3n general El nitruro de aluminio son un material cer\u00e1mico de alto rendimiento con una excelente conductividad t\u00e9rmica, una elevada resistividad el\u00e9ctrica y una extraordinaria estabilidad qu\u00edmica, lo que los hace ideales para su uso en rellenos conductores t\u00e9rmicos, materiales de envasado electr\u00f3nico y cer\u00e1micas avanzadas. Nuestros gr\u00e1nulos de AlN pueden [&hellip;]<\/p>\n","protected":false},"featured_media":5485,"template":"","meta":{"_acf_changed":false},"product_brand":[132],"product_cat":[340],"product_tag":[1079],"class_list":{"0":"post-12411","1":"product","2":"type-product","3":"status-publish","4":"has-post-thumbnail","6":"product_brand-ulpmat","7":"product_cat-materiales-de-evaporacion","8":"product_tag-nitruro-de-aluminio","10":"first","11":"instock","12":"shipping-taxable","13":"product-type-variable"},"acf":[],"_links":{"self":[{"href":"https:\/\/ulpmat.com\/es\/wp-json\/wp\/v2\/product\/12411","targetHints":{"allow":["GET"]}}],"collection":[{"href":"https:\/\/ulpmat.com\/es\/wp-json\/wp\/v2\/product"}],"about":[{"href":"https:\/\/ulpmat.com\/es\/wp-json\/wp\/v2\/types\/product"}],"wp:featuredmedia":[{"embeddable":true,"href":"https:\/\/ulpmat.com\/es\/wp-json\/wp\/v2\/media\/5485"}],"wp:attachment":[{"href":"https:\/\/ulpmat.com\/es\/wp-json\/wp\/v2\/media?parent=12411"}],"wp:term":[{"taxonomy":"product_brand","embeddable":true,"href":"https:\/\/ulpmat.com\/es\/wp-json\/wp\/v2\/product_brand?post=12411"},{"taxonomy":"product_cat","embeddable":true,"href":"https:\/\/ulpmat.com\/es\/wp-json\/wp\/v2\/product_cat?post=12411"},{"taxonomy":"product_tag","embeddable":true,"href":"https:\/\/ulpmat.com\/es\/wp-json\/wp\/v2\/product_tag?post=12411"}],"curies":[{"name":"wp","href":"https:\/\/api.w.org\/{rel}","templated":true}]}}