{"id":12392,"date":"2025-07-18T17:14:53","date_gmt":"2025-07-18T09:14:53","guid":{"rendered":"https:\/\/ulpmat.com\/product\/nitruro-de-aluminio-3\/"},"modified":"2025-07-18T17:14:53","modified_gmt":"2025-07-18T09:14:53","slug":"nitruro-de-aluminio-3","status":"publish","type":"product","link":"https:\/\/ulpmat.com\/es\/producto\/nitruro-de-aluminio-3\/","title":{"rendered":"Nitruro de aluminio"},"content":{"rendered":"<h2><span style=\"font-size: 14pt;\">Visi\u00f3n general del nanopolvo de nitruro de aluminio<\/span><\/h2>\n<p><strong><span style=\"color: #3366ff;\"><a style=\"color: #3366ff;\" href=\"https:\/\/ulpmat.com\/es\/buscar\/?type=element&#038;keyword=Al%2CN\">El nitruro de aluminio<\/a><\/span><\/strong> es un material cer\u00e1mico ultrafino de gran pureza con una conductividad t\u00e9rmica excepcional, un elevado aislamiento el\u00e9ctrico y una excelente compatibilidad con sistemas de materiales avanzados. Con tama\u00f1os de part\u00edcula en el rango nanom\u00e9trico, ofrece una gran superficie espec\u00edfica y alta reactividad, lo que lo hace ideal para su uso en materiales de interfaz t\u00e9rmica de pr\u00f3xima generaci\u00f3n, sustratos electr\u00f3nicos y mejora de compuestos.<\/p>\n<p>Nuestro nanopolvo de AlN suele tener una pureza \u226599% y una distribuci\u00f3n uniforme de las part\u00edculas, un bajo contenido de ox\u00edgeno y una excelente dispersabilidad. Tambi\u00e9n ofrecemos un amplio servicio postventa <span style=\"color: #3366ff;\"><a style=\"color: #3366ff;\" href=\"https:\/\/ulpmat.com\/es\/contactanos\/\">ponerse en contacto con nosotros<\/a><\/span> si tiene alguna pregunta.<\/p>\n<h2><span style=\"font-size: 14pt;\">Caracter\u00edsticas del producto<\/span><\/h2>\n<p>Nanopolvo de nitruro de aluminio de alta pureza: \u226599%<br \/>\nTama\u00f1o de part\u00edcula: rangos personalizados disponibles<br \/>\nAlta superficie para una mayor reactividad<br \/>\nBaja constante diel\u00e9ctrica y alta resistividad<br \/>\nExcelente compatibilidad con pol\u00edmeros y cer\u00e1micas<\/p>\n<h2><span style=\"font-size: 14pt;\">Aplicaciones del nanopolvo de AlN<\/span><\/h2>\n<p>Materiales de interfaz t\u00e9rmica (TIM): Utilizados en grasas t\u00e9rmicas avanzadas, rellenos y adhesivos<br \/>\nCer\u00e1mica de alto rendimiento: mejora la densificaci\u00f3n y la resistencia mec\u00e1nica de las piezas sinterizadas<br \/>\nEmbalaje electr\u00f3nico: Adecuados para sustratos y m\u00f3dulos que requieren aislamiento t\u00e9rmico\/el\u00e9ctrico<br \/>\nPol\u00edmeros compuestos: Mejora la conductividad t\u00e9rmica de las resinas epoxi, de silicona y de poliuretano<br \/>\nRecubrimientos y pel\u00edculas: Aplicado en capas diel\u00e9ctricas, blindaje EMI y revestimientos de barrera t\u00e9rmica<\/p>\n<h2><span style=\"font-size: 14pt;\">Informes<\/span><\/h2>\n<p>Todos los lotes de nanopolvo de AlN se entregan con un Certificado de An\u00e1lisis (COA) y una Hoja de Datos de Seguridad del Material (MSDS). Las pruebas t\u00edpicas incluyen DRX (identificaci\u00f3n de fases), BET (\u00e1rea superficial), ICP-OES (contenido de impurezas) y SEM (morfolog\u00eda de part\u00edculas). Tambi\u00e9n se pueden solicitar servicios de pruebas a terceros.<\/p>\n<h2><span style=\"font-size: 14pt;\">\u00bfPor qu\u00e9 elegirnos?<\/span><\/h2>\n<p data-start=\"91\" data-end=\"528\">Como <strong data-start=\"116\" data-end=\"165\">proveedor fiable de nanopolvo de nitruro de aluminio<\/strong>, ofrecemos <strong data-start=\"176\" data-end=\"297\" data-is-only-node=\"\">AlN ultrafino de gran pureza con una conductividad t\u00e9rmica excepcional, un alto aislamiento el\u00e9ctrico y un bajo contenido de ox\u00edgeno<\/strong> para aplicaciones electr\u00f3nicas avanzadas y de gesti\u00f3n t\u00e9rmica. Nuestro <strong data-start=\"364\" data-end=\"450\">control preciso del tama\u00f1o de las part\u00edculas, nuestros grados personalizables y nuestra entrega global<\/strong> garantizan una calidad y un rendimiento constantes para sus proyectos m\u00e1s exigentes.<\/p>\n","protected":false},"excerpt":{"rendered":"<p>Visi\u00f3n general del nanopolvo de nitruro de aluminio El nitruro de aluminio es un material cer\u00e1mico ultrafino de gran pureza con una conductividad t\u00e9rmica excepcional, un elevado aislamiento el\u00e9ctrico y una excelente compatibilidad con sistemas de materiales avanzados. Con tama\u00f1os de part\u00edcula en el rango nanom\u00e9trico, ofrece una gran superficie espec\u00edfica y alta reactividad, lo [&hellip;]<\/p>\n","protected":false},"featured_media":5491,"template":"","meta":{"_acf_changed":false},"product_brand":[132],"product_cat":[720],"product_tag":[1079],"class_list":{"0":"post-12392","1":"product","2":"type-product","3":"status-publish","4":"has-post-thumbnail","6":"product_brand-ulpmat","7":"product_cat-materiales-refractarios","8":"product_tag-nitruro-de-aluminio","10":"first","11":"instock","12":"shipping-taxable","13":"product-type-variable"},"acf":[],"_links":{"self":[{"href":"https:\/\/ulpmat.com\/es\/wp-json\/wp\/v2\/product\/12392","targetHints":{"allow":["GET"]}}],"collection":[{"href":"https:\/\/ulpmat.com\/es\/wp-json\/wp\/v2\/product"}],"about":[{"href":"https:\/\/ulpmat.com\/es\/wp-json\/wp\/v2\/types\/product"}],"wp:featuredmedia":[{"embeddable":true,"href":"https:\/\/ulpmat.com\/es\/wp-json\/wp\/v2\/media\/5491"}],"wp:attachment":[{"href":"https:\/\/ulpmat.com\/es\/wp-json\/wp\/v2\/media?parent=12392"}],"wp:term":[{"taxonomy":"product_brand","embeddable":true,"href":"https:\/\/ulpmat.com\/es\/wp-json\/wp\/v2\/product_brand?post=12392"},{"taxonomy":"product_cat","embeddable":true,"href":"https:\/\/ulpmat.com\/es\/wp-json\/wp\/v2\/product_cat?post=12392"},{"taxonomy":"product_tag","embeddable":true,"href":"https:\/\/ulpmat.com\/es\/wp-json\/wp\/v2\/product_tag?post=12392"}],"curies":[{"name":"wp","href":"https:\/\/api.w.org\/{rel}","templated":true}]}}