{"id":12272,"date":"2025-07-18T17:14:55","date_gmt":"2025-07-18T09:14:55","guid":{"rendered":"https:\/\/ulpmat.com\/product\/acetato-de-lantano\/"},"modified":"2025-07-18T17:14:55","modified_gmt":"2025-07-18T09:14:55","slug":"acetato-de-lantano","status":"publish","type":"product","link":"https:\/\/ulpmat.com\/es\/producto\/acetato-de-lantano\/","title":{"rendered":"Acetato de lantano"},"content":{"rendered":"<h2><span style=\"font-size: 14pt;\">Visi\u00f3n general del acetato de lantano<\/span><\/h2>\n<p><strong><span style=\"color: #3366ff;\"><a style=\"color: #3366ff;\" href=\"https:\/\/ulpmat.com\/es\/buscar\/?type=name&#038;keyword=Lanthanum+Acetate\">Acetato de lantano<\/a><\/span><\/strong> en polvo es un compuesto de gran pureza a base de lantano que se utiliza habitualmente en aplicaciones de gama alta como la cat\u00e1lisis, la optoelectr\u00f3nica y los compuestos met\u00e1licos de tierras raras. Tiene una excelente estabilidad qu\u00edmica y buena conductividad el\u00e9ctrica, y se utiliza ampliamente en los campos de la electr\u00f3nica y la energ\u00eda. El polvo es un s\u00f3lido blanco o amarillo claro con gran estabilidad t\u00e9rmica y resistencia a la corrosi\u00f3n, adecuado para diversos campos industriales y de investigaci\u00f3n.<\/p>\n<p>Si tiene alguna pregunta sobre su uso, no dude en ponerse en contacto con nosotros <span style=\"color: #3366ff;\"><a style=\"color: #3366ff;\" href=\"https:\/\/ulpmat.com\/es\/contactanos\/\">ponerse en contacto con nosotros<\/a><\/span>.<\/p>\n<h2><span style=\"font-size: 14pt;\">Caracter\u00edsticas del producto<\/span><\/h2>\n<ul>\n<li>Acetato de lantano de alta pureza: \u226599,9%.<\/li>\n<li>Estabilidad t\u00e9rmica: Estable en condiciones normales de almacenamiento y procesamiento.<\/li>\n<li>Bajo contenido de impurezas: Garantiza una calidad constante para cer\u00e1micas, catalizadores y materiales de pel\u00edcula fina.<\/li>\n<li>Tama\u00f1o de part\u00edcula y envasado personalizables: Adaptado para satisfacer diferentes requisitos de s\u00edntesis, recubrimiento y laboratorio.<\/li>\n<\/ul>\n<h2><span style=\"font-size: 14pt;\">Aplicaciones del polvo de acetato de lantano<\/span><\/h2>\n<p>Cat\u00e1lisis: se utiliza en catalizadores petroqu\u00edmicos y de purificaci\u00f3n de gases de escape de autom\u00f3viles, con una elevada actividad catal\u00edtica.<br \/>\nOptoelectr\u00f3nica: como material optoelectr\u00f3nico de alta eficiencia, es adecuado para c\u00e9lulas solares, LED y fotovoltaica.<br \/>\nMateriales compuestos de metales de tierras raras: se utiliza para sintetizar materiales compuestos de metales de tierras raras para mejorar su conductividad, estabilidad t\u00e9rmica y propiedades mec\u00e1nicas.<br \/>\nComponentes electr\u00f3nicos: como material altamente conductor y estable, se utiliza ampliamente en la fabricaci\u00f3n de dispositivos electr\u00f3nicos de alta frecuencia.<\/p>\n<h2><span style=\"font-size: 14pt;\">Informes<\/span><\/h2>\n<p>Cada lote de productos se suministra con un certificado de an\u00e1lisis (COA), una hoja de datos de seguridad del material (MSDS) y otros informes de calidad pertinentes. Tambi\u00e9n ofrecemos servicios de pruebas a terceros para garantizar que los productos cumplen las normas internacionales y los requisitos de los clientes.<\/p>\n","protected":false},"excerpt":{"rendered":"<p>Visi\u00f3n general del acetato de lantano Acetato de lantano en polvo es un compuesto de gran pureza a base de lantano que se utiliza habitualmente en aplicaciones de gama alta como la cat\u00e1lisis, la optoelectr\u00f3nica y los compuestos met\u00e1licos de tierras raras. Tiene una excelente estabilidad qu\u00edmica y buena conductividad el\u00e9ctrica, y se utiliza ampliamente [&hellip;]<\/p>\n","protected":false},"featured_media":5527,"template":"","meta":{"_acf_changed":false},"product_brand":[132],"product_cat":[438],"product_tag":[447],"class_list":{"0":"post-12272","1":"product","2":"type-product","3":"status-publish","4":"has-post-thumbnail","6":"product_brand-ulpmat","7":"product_cat-oxidos","8":"product_tag-materiales-de-tierras-raras","10":"first","11":"instock","12":"shipping-taxable","13":"product-type-variable"},"acf":[],"_links":{"self":[{"href":"https:\/\/ulpmat.com\/es\/wp-json\/wp\/v2\/product\/12272","targetHints":{"allow":["GET"]}}],"collection":[{"href":"https:\/\/ulpmat.com\/es\/wp-json\/wp\/v2\/product"}],"about":[{"href":"https:\/\/ulpmat.com\/es\/wp-json\/wp\/v2\/types\/product"}],"wp:featuredmedia":[{"embeddable":true,"href":"https:\/\/ulpmat.com\/es\/wp-json\/wp\/v2\/media\/5527"}],"wp:attachment":[{"href":"https:\/\/ulpmat.com\/es\/wp-json\/wp\/v2\/media?parent=12272"}],"wp:term":[{"taxonomy":"product_brand","embeddable":true,"href":"https:\/\/ulpmat.com\/es\/wp-json\/wp\/v2\/product_brand?post=12272"},{"taxonomy":"product_cat","embeddable":true,"href":"https:\/\/ulpmat.com\/es\/wp-json\/wp\/v2\/product_cat?post=12272"},{"taxonomy":"product_tag","embeddable":true,"href":"https:\/\/ulpmat.com\/es\/wp-json\/wp\/v2\/product_tag?post=12272"}],"curies":[{"name":"wp","href":"https:\/\/api.w.org\/{rel}","templated":true}]}}