{"id":12222,"date":"2025-07-18T17:14:57","date_gmt":"2025-07-18T09:14:57","guid":{"rendered":"https:\/\/ulpmat.com\/product\/oxido-de-lantano-y-titanio\/"},"modified":"2025-07-18T17:14:57","modified_gmt":"2025-07-18T09:14:57","slug":"oxido-de-lantano-y-titanio","status":"publish","type":"product","link":"https:\/\/ulpmat.com\/es\/producto\/oxido-de-lantano-y-titanio\/","title":{"rendered":"\u00d3xido de lantano y titanio"},"content":{"rendered":"<h2><span style=\"font-size: 14pt;\">C\u00e1todos para sputtering de \u00f3xido de lantano y titanio Descripci\u00f3n general<\/span><\/h2>\n<p><strong><span style=\"color: #3366ff;\"><a style=\"color: #3366ff;\" href=\"https:\/\/ulpmat.com\/es\/buscar\/?type=element&#038;keyword=La%2CTi%2CO\">El c\u00e1todo para sputtering de \u00f3xido de lantano y titanio (LTO)<\/a><\/span><\/strong> es un material de alto rendimiento dise\u00f1ado para el proceso de deposici\u00f3n de pel\u00edculas finas. Tiene una estabilidad t\u00e9rmica extremadamente alta y excelentes propiedades f\u00edsicas y qu\u00edmicas. Se utiliza ampliamente en la deposici\u00f3n de pel\u00edculas finas en electr\u00f3nica, \u00f3ptica y entornos de alta temperatura. La alta densidad y la excelente estabilidad de este material garantizan una deposici\u00f3n uniforme de la pel\u00edcula fina y una excelente adherencia, y es adecuado para diversos campos de gama alta.<\/p>\n<p>Proporcionamos c\u00e1todos para sputtering de \u00f3xido de titanio lantano en varios tama\u00f1os y formas, incluyendo redondos, rectangulares, etc., y se pueden personalizar de acuerdo a las necesidades del cliente. Al mismo tiempo, proporcionamos un amplio soporte post-venta para asegurar que los usuarios no tengan preocupaciones durante el uso.<\/p>\n<h2><span style=\"font-size: 14pt;\">Productos destacados<\/span><\/h2>\n<p>LTO de alta pureza: 99,99<br \/>\nAlta densidad para garantizar una deposici\u00f3n uniforme de la pel\u00edcula fina<br \/>\nTama\u00f1o y forma personalizables<br \/>\nSe puede suministrar la uni\u00f3n al objetivo<\/p>\n<h2><span style=\"font-size: 14pt;\">Aplicaciones de los c\u00e1todos para sputtering de \u00f3xido de lantano y titanio<\/span><\/h2>\n<p>Semiconductores: Ampliamente utilizado en capas diel\u00e9ctricas, capas conductoras y capas de interconexi\u00f3n en el proceso de fabricaci\u00f3n de semiconductores. La gran estabilidad y adaptabilidad del La\u2084Ti\u2085O\u2081\u2082 hacen que se comporte muy bien en condiciones de alta temperatura y alta presi\u00f3n.<br \/>\nRevestimiento \u00f3ptico: se utiliza como capa reflectante \u00f3ptica, revestimiento \u00f3ptico y equipo \u00f3ptico, con alta reflectividad y estabilidad.<br \/>\nFotovoltaico: en la deposici\u00f3n de pel\u00edcula fina de c\u00e9lulas solares, proporciona alta reflectividad y estabilidad a largo plazo, mejorando el rendimiento de las c\u00e9lulas fotovoltaicas.<br \/>\nEntorno de alta temperatura: el material objetivo puede soportar un entorno de vac\u00edo de alta temperatura y se utiliza a menudo en reacciones qu\u00edmicas de alta temperatura y reacciones catal\u00edticas.<\/p>\n<h2><span style=\"font-size: 14pt;\">Informe<\/span><\/h2>\n<p>Proporcionamos un certificado de an\u00e1lisis (COA), una hoja de datos de seguridad del material (MSDS) y otros informes relevantes para cada lote de productos. Adem\u00e1s, tambi\u00e9n apoyamos las pruebas de terceros para mejorar la garant\u00eda de calidad.<\/p>\n<h2><span style=\"font-size: 14pt;\">\u00bfPor qu\u00e9 elegirnos?<\/span><\/h2>\n<p>Nuestros c\u00e1todos para sputtering de \u00f3xido de lantano y titanio tienen una excelente densidad, microestructura uniforme y un rendimiento fiable de deposici\u00f3n de pel\u00edcula fina. Como proveedor de confianza, garantizamos un estricto control de calidad, opciones de personalizaci\u00f3n, precios competitivos y una entrega global segura para apoyar tanto la investigaci\u00f3n como las aplicaciones industriales.<\/p>\n","protected":false},"excerpt":{"rendered":"<p>C\u00e1todos para sputtering de \u00f3xido de lantano y titanio Descripci\u00f3n general El c\u00e1todo para sputtering de \u00f3xido de lantano y titanio (LTO) es un material de alto rendimiento dise\u00f1ado para el proceso de deposici\u00f3n de pel\u00edculas finas. Tiene una estabilidad t\u00e9rmica extremadamente alta y excelentes propiedades f\u00edsicas y qu\u00edmicas. Se utiliza ampliamente en la deposici\u00f3n [&hellip;]<\/p>\n","protected":false},"featured_media":6877,"template":"","meta":{"_acf_changed":false},"product_brand":[132],"product_cat":[457],"product_tag":[1039,447,1037,1038],"class_list":{"0":"post-12222","1":"product","2":"type-product","3":"status-publish","4":"has-post-thumbnail","6":"product_brand-ulpmat","7":"product_cat-blanco-ceramico-para-sputtering","8":"product_tag-lto-es","9":"product_tag-materiales-de-tierras-raras","10":"product_tag-oxido-de-lantano-y-titanio","11":"product_tag-titanato-de-lantano","13":"first","14":"instock","15":"shipping-taxable","16":"product-type-variable"},"acf":[],"_links":{"self":[{"href":"https:\/\/ulpmat.com\/es\/wp-json\/wp\/v2\/product\/12222","targetHints":{"allow":["GET"]}}],"collection":[{"href":"https:\/\/ulpmat.com\/es\/wp-json\/wp\/v2\/product"}],"about":[{"href":"https:\/\/ulpmat.com\/es\/wp-json\/wp\/v2\/types\/product"}],"wp:featuredmedia":[{"embeddable":true,"href":"https:\/\/ulpmat.com\/es\/wp-json\/wp\/v2\/media\/6877"}],"wp:attachment":[{"href":"https:\/\/ulpmat.com\/es\/wp-json\/wp\/v2\/media?parent=12222"}],"wp:term":[{"taxonomy":"product_brand","embeddable":true,"href":"https:\/\/ulpmat.com\/es\/wp-json\/wp\/v2\/product_brand?post=12222"},{"taxonomy":"product_cat","embeddable":true,"href":"https:\/\/ulpmat.com\/es\/wp-json\/wp\/v2\/product_cat?post=12222"},{"taxonomy":"product_tag","embeddable":true,"href":"https:\/\/ulpmat.com\/es\/wp-json\/wp\/v2\/product_tag?post=12222"}],"curies":[{"name":"wp","href":"https:\/\/api.w.org\/{rel}","templated":true}]}}