{"id":12211,"date":"2025-07-18T17:14:57","date_gmt":"2025-07-18T09:14:57","guid":{"rendered":"https:\/\/ulpmat.com\/product\/oxido-de-lantano-y-aluminio-2\/"},"modified":"2025-07-18T17:14:57","modified_gmt":"2025-07-18T09:14:57","slug":"oxido-de-lantano-y-aluminio-2","status":"publish","type":"product","link":"https:\/\/ulpmat.com\/es\/producto\/oxido-de-lantano-y-aluminio-2\/","title":{"rendered":"\u00d3xido de lantano y aluminio"},"content":{"rendered":"<h2><span style=\"font-size: 14pt;\">\u00d3xido de lantano y aluminio en polvo Descripci\u00f3n general<\/span><\/h2>\n<p><strong><span style=\"color: #3366ff;\"><a style=\"color: #3366ff;\" href=\"https:\/\/ulpmat.com\/es\/buscar\/?type=element&#038;keyword=La%2CAl%2CO\">El polvo de \u00f3xido de aluminio y lantano (LaAlO3)<\/a><\/span><\/strong> es un material de alto rendimiento dise\u00f1ado para procesos de deposici\u00f3n de pel\u00edculas finas con una excelente estabilidad qu\u00edmica, propiedades diel\u00e9ctricas y estabilidad t\u00e9rmica. Con una pureza de hasta el 99,9%, garantiza una formaci\u00f3n de pel\u00edcula uniforme, una fuerte adherencia y un contenido de impurezas extremadamente bajo. El polvo de \u00f3xido de lantano y aluminio se utiliza ampliamente en muchos campos, como los semiconductores, los revestimientos \u00f3pticos y los entornos de alta temperatura.<\/p>\n<p>Ofrecemos polvo de \u00f3xido de aluminio lantano de alta pureza en varias formas y tama\u00f1os, y podemos ofrecer servicios personalizados de acuerdo a las necesidades espec\u00edficas del cliente. Tambi\u00e9n ofrecemos un completo servicio postventa. Si tiene alguna duda sobre su uso, no dude en <span style=\"color: #3366ff;\"><a style=\"color: #3366ff;\" href=\"https:\/\/ulpmat.com\/es\/contactanos\/\">ponerse en contacto con nosotros<\/a><\/span>.<\/p>\n<h2><span style=\"font-size: 14pt;\">Caracter\u00edsticas del producto<\/span><\/h2>\n<p>Pureza: 99,9<br \/>\nAlta densidad para garantizar una deposici\u00f3n uniforme de la pel\u00edcula<br \/>\nTama\u00f1o y forma personalizables<br \/>\nEnvasado personalizable<\/p>\n<h2><span style=\"font-size: 14pt;\">Aplicaciones del polvo de \u00f3xido de lantano y aluminio<\/span><\/h2>\n<p>Semiconductor: Debido a su excelente constante diel\u00e9ctrica, se utiliza ampliamente como material aislante y diel\u00e9ctrico en dispositivos microelectr\u00f3nicos.<br \/>\nRecubrimiento \u00f3ptico: Se utiliza para la deposici\u00f3n de pel\u00edculas finas sobre lentes \u00f3pticas, espejos y otros componentes \u00f3pticos, proporcionando excelentes propiedades \u00f3pticas.<br \/>\nAplicaciones a altas temperaturas: En entornos de alta temperatura, el polvo de LaAlO3 se utiliza ampliamente en pilas de combustible de \u00f3xido s\u00f3lido (SOFC) y componentes electr\u00f3nicos de alta temperatura como material de alta constante diel\u00e9ctrica.<br \/>\nEnerg\u00eda: Como componente clave de materiales catal\u00edticos, sensores y sistemas de almacenamiento de energ\u00eda, es adecuado para la deposici\u00f3n de pel\u00edculas finas en el campo de la energ\u00eda.<\/p>\n<h2><span style=\"font-size: 14pt;\">Informes<\/span><\/h2>\n<p>Proporcionamos certificados de an\u00e1lisis (COA), hojas de datos de seguridad de materiales (MSDS) y otros informes relevantes para cada lote de productos. Adem\u00e1s, tambi\u00e9n apoyamos las pruebas de terceros para mejorar la garant\u00eda de calidad.<\/p>\n","protected":false},"excerpt":{"rendered":"<p>\u00d3xido de lantano y aluminio en polvo Descripci\u00f3n general El polvo de \u00f3xido de aluminio y lantano (LaAlO3) es un material de alto rendimiento dise\u00f1ado para procesos de deposici\u00f3n de pel\u00edculas finas con una excelente estabilidad qu\u00edmica, propiedades diel\u00e9ctricas y estabilidad t\u00e9rmica. Con una pureza de hasta el 99,9%, garantiza una formaci\u00f3n de pel\u00edcula uniforme, [&hellip;]<\/p>\n","protected":false},"featured_media":5545,"template":"","meta":{"_acf_changed":false},"product_brand":[132],"product_cat":[945,331,946],"product_tag":[1020,1021,447,1019],"class_list":{"0":"post-12211","1":"product","2":"type-product","3":"status-publish","4":"has-post-thumbnail","6":"product_brand-ulpmat","7":"product_cat-materiales-de-dopaje-para-baterias","8":"product_cat-materiales-de-tierras-raras","9":"product_cat-materiales-para-baterias","10":"product_tag-aluminato-de-lantano","11":"product_tag-lao-es","12":"product_tag-materiales-de-tierras-raras","13":"product_tag-oxido-de-lantano-y-aluminio","15":"first","16":"instock","17":"shipping-taxable","18":"product-type-variable"},"acf":[],"_links":{"self":[{"href":"https:\/\/ulpmat.com\/es\/wp-json\/wp\/v2\/product\/12211","targetHints":{"allow":["GET"]}}],"collection":[{"href":"https:\/\/ulpmat.com\/es\/wp-json\/wp\/v2\/product"}],"about":[{"href":"https:\/\/ulpmat.com\/es\/wp-json\/wp\/v2\/types\/product"}],"wp:featuredmedia":[{"embeddable":true,"href":"https:\/\/ulpmat.com\/es\/wp-json\/wp\/v2\/media\/5545"}],"wp:attachment":[{"href":"https:\/\/ulpmat.com\/es\/wp-json\/wp\/v2\/media?parent=12211"}],"wp:term":[{"taxonomy":"product_brand","embeddable":true,"href":"https:\/\/ulpmat.com\/es\/wp-json\/wp\/v2\/product_brand?post=12211"},{"taxonomy":"product_cat","embeddable":true,"href":"https:\/\/ulpmat.com\/es\/wp-json\/wp\/v2\/product_cat?post=12211"},{"taxonomy":"product_tag","embeddable":true,"href":"https:\/\/ulpmat.com\/es\/wp-json\/wp\/v2\/product_tag?post=12211"}],"curies":[{"name":"wp","href":"https:\/\/api.w.org\/{rel}","templated":true}]}}