{"id":12102,"date":"2025-07-18T17:14:59","date_gmt":"2025-07-18T09:14:59","guid":{"rendered":"https:\/\/ulpmat.com\/product\/cloruro-de-lantano-heptahidrato\/"},"modified":"2025-07-18T17:14:59","modified_gmt":"2025-07-18T09:14:59","slug":"cloruro-de-lantano-heptahidrato","status":"publish","type":"product","link":"https:\/\/ulpmat.com\/es\/producto\/cloruro-de-lantano-heptahidrato\/","title":{"rendered":"Cloruro de Lantano Heptahidrato"},"content":{"rendered":"<h2><span style=\"font-size: 14pt;\">Cloruro de lantano heptahidratado en polvo Descripci\u00f3n general<\/span><\/h2>\n<p><strong><span style=\"color: #3366ff;\"><a style=\"color: #3366ff;\" href=\"https:\/\/ulpmat.com\/es\/buscar\/?type=element&#038;keyword=La%2CCl\">El cloruro de lantano<\/a><\/span><\/strong> heptahidrato en polvo es una materia prima qu\u00edmica de alto rendimiento dise\u00f1ada para la extracci\u00f3n de elementos de tierras raras, la s\u00edntesis de catalizadores y otras aplicaciones de materiales de gama alta. Con una pureza extremadamente alta y una buena solubilidad, se utiliza ampliamente en la extracci\u00f3n de tierras raras, la preparaci\u00f3n de catalizadores, materiales \u00f3pticos y cer\u00e1mica electr\u00f3nica.<\/p>\n<p>Suministramos polvo de cloruro de lantano heptahidratado de gran pureza y podemos ofrecer servicios personalizados seg\u00fan sus necesidades espec\u00edficas. Nuestro equipo de profesionales tambi\u00e9n le ofrece un completo servicio posventa para garantizar que cualquier problema que encuentre durante su uso pueda resolverse a tiempo.<\/p>\n<h2><span style=\"font-size: 14pt;\">Caracter\u00edsticas del producto<\/span><\/h2>\n<p>Pureza: 99,99<br \/>\nTama\u00f1o de part\u00edcula personalizable: cumple diferentes requisitos de proceso.<br \/>\nEmbalaje personalizable<br \/>\nAdecuado para extracci\u00f3n de tierras raras, s\u00edntesis de catalizadores, materiales \u00f3pticos y cer\u00e1mica electr\u00f3nica<\/p>\n<h2><span style=\"font-size: 14pt;\">Aplicaciones del polvo de cloruro de lantano heptahidratado<\/span><\/h2>\n<p>Extracci\u00f3n de tierras raras: como intermediario importante, se utiliza para la extracci\u00f3n y separaci\u00f3n de metales de tierras raras.<br \/>\nS\u00edntesis de catalizadores: se utiliza como precursor para la s\u00edntesis de catalizadores, ampliamente utilizados en petroqu\u00edmica, control de emisiones de autom\u00f3viles y otros campos.<br \/>\nMateriales \u00f3pticos: como precursor del vidrio \u00f3ptico y los materiales l\u00e1ser, tiene una gran pureza y pocas impurezas, por lo que es adecuado para la producci\u00f3n de componentes \u00f3pticos de gama alta.<br \/>\nCer\u00e1mica electr\u00f3nica: se utiliza para fabricar componentes electr\u00f3nicos como condensadores, inductores y transformadores, etc.<br \/>\nTratamiento de aguas: ampliamente utilizado en las industrias de tratamiento de aguas y tratamiento de aguas residuales como floculante en los procesos de tratamiento de aguas.<\/p>\n<h2><span style=\"font-size: 14pt;\">Informes<\/span><\/h2>\n<p>Proporcionamos certificados de an\u00e1lisis (COA), hojas de datos de seguridad de materiales (MSDS) y otros informes relevantes para cada env\u00edo. Adem\u00e1s, tambi\u00e9n apoyamos las pruebas de terceros para mejorar la garant\u00eda de calidad.<\/p>\n<h2><span style=\"font-size: 14pt;\">\u00bfPor qu\u00e9 elegirnos?<\/span><\/h2>\n<p>Como proveedor de confianza de <strong>polvo de hidrato de cloruro de lantano de gran pureza<\/strong>, ofrecemos una pureza superior, una calidad constante, un tama\u00f1o de part\u00edcula controlado y un suministro fiable, respaldado por un soporte t\u00e9cnico profesional para satisfacer sus necesidades industriales y de investigaci\u00f3n.<\/p>\n","protected":false},"excerpt":{"rendered":"<p>Cloruro de lantano heptahidratado en polvo Descripci\u00f3n general El cloruro de lantano heptahidrato en polvo es una materia prima qu\u00edmica de alto rendimiento dise\u00f1ada para la extracci\u00f3n de elementos de tierras raras, la s\u00edntesis de catalizadores y otras aplicaciones de materiales de gama alta. Con una pureza extremadamente alta y una buena solubilidad, se utiliza [&hellip;]<\/p>\n","protected":false},"featured_media":5575,"template":"","meta":{"_acf_changed":false},"product_brand":[132],"product_cat":[331,330],"product_tag":[447],"class_list":{"0":"post-12102","1":"product","2":"type-product","3":"status-publish","4":"has-post-thumbnail","6":"product_brand-ulpmat","7":"product_cat-materiales-de-tierras-raras","8":"product_cat-materiales-halogenados","9":"product_tag-materiales-de-tierras-raras","11":"first","12":"instock","13":"shipping-taxable","14":"product-type-variable"},"acf":[],"_links":{"self":[{"href":"https:\/\/ulpmat.com\/es\/wp-json\/wp\/v2\/product\/12102","targetHints":{"allow":["GET"]}}],"collection":[{"href":"https:\/\/ulpmat.com\/es\/wp-json\/wp\/v2\/product"}],"about":[{"href":"https:\/\/ulpmat.com\/es\/wp-json\/wp\/v2\/types\/product"}],"wp:featuredmedia":[{"embeddable":true,"href":"https:\/\/ulpmat.com\/es\/wp-json\/wp\/v2\/media\/5575"}],"wp:attachment":[{"href":"https:\/\/ulpmat.com\/es\/wp-json\/wp\/v2\/media?parent=12102"}],"wp:term":[{"taxonomy":"product_brand","embeddable":true,"href":"https:\/\/ulpmat.com\/es\/wp-json\/wp\/v2\/product_brand?post=12102"},{"taxonomy":"product_cat","embeddable":true,"href":"https:\/\/ulpmat.com\/es\/wp-json\/wp\/v2\/product_cat?post=12102"},{"taxonomy":"product_tag","embeddable":true,"href":"https:\/\/ulpmat.com\/es\/wp-json\/wp\/v2\/product_tag?post=12102"}],"curies":[{"name":"wp","href":"https:\/\/api.w.org\/{rel}","templated":true}]}}