{"id":12083,"date":"2025-07-18T17:14:59","date_gmt":"2025-07-18T09:14:59","guid":{"rendered":"https:\/\/ulpmat.com\/product\/fluoruro-de-lantano-3\/"},"modified":"2025-07-18T17:14:59","modified_gmt":"2025-07-18T09:14:59","slug":"fluoruro-de-lantano-3","status":"publish","type":"product","link":"https:\/\/ulpmat.com\/es\/producto\/fluoruro-de-lantano-3\/","title":{"rendered":"Fluoruro de lantano"},"content":{"rendered":"<h2><span style=\"font-size: 14pt;\">Visi\u00f3n general de los gr\u00e1nulos de fluoruro de lantano<\/span><\/h2>\n<p><strong><span style=\"color: #3366ff;\"><a style=\"color: #3366ff;\" href=\"https:\/\/ulpmat.com\/es\/buscar\/?type=name&#038;keyword=laf3\">Los gr\u00e1nulos de fluoruro de lantano (LaF3)<\/a><\/span><\/strong> son un material de alto rendimiento dise\u00f1ado para aplicaciones \u00f3pticas, l\u00e1ser, electr\u00f3nicas y de alta temperatura. Con una pureza extremadamente alta y una excelente estructura cristalina, se utilizan ampliamente en la deposici\u00f3n de pel\u00edculas finas, revestimientos \u00f3pticos, sensores infrarrojos, l\u00e1seres y otros campos. Suministramos gr\u00e1nulos de fluoruro de lantano de alta calidad y podemos ofrecer servicios personalizados seg\u00fan las necesidades del cliente.<\/p>\n<p>Proporcionamos gr\u00e1nulos de fluoruro de lantano con diversos tama\u00f1os y formas de part\u00edculas, adecuados para una gran variedad de procesos de precisi\u00f3n, y garantizamos la estabilidad y eficacia del producto. Nuestro equipo de asistencia posventa est\u00e1 siempre disponible para responder a sus preguntas sobre productos y aplicaciones para garantizar su experiencia.<\/p>\n<h2><span style=\"font-size: 14pt;\">Productos destacados<\/span><\/h2>\n<p>Pureza: 99,99<br \/>\nExcelente estructura cristalina: garantiza la estabilidad y uniformidad de las part\u00edculas<br \/>\nTama\u00f1o y forma de part\u00edcula personalizables: se adaptan a una variedad de requisitos de aplicaci\u00f3n diferentes<br \/>\nAdecuado para aplicaciones de revestimiento \u00f3ptico, tecnolog\u00eda l\u00e1ser y materiales de alta temperatura<br \/>\nEmbalaje personalizable<\/p>\n<h2><span style=\"font-size: 14pt;\">Aplicaciones de los gr\u00e1nulos de fluoruro de lantano<\/span><\/h2>\n<p>Revestimiento \u00f3ptico: Los gr\u00e1nulos de LaF3 se utilizan ampliamente en revestimientos y lentes para componentes \u00f3pticos infrarrojos con una excelente transmisi\u00f3n de la luz y un bajo \u00edndice de refracci\u00f3n.<\/p>\n<p>Medio de ganancia l\u00e1ser: En l\u00e1seres de estado s\u00f3lido y l\u00e1seres de fibra, las part\u00edculas de LaF\u2083 se utilizan como medios de ganancia y materiales para ventanas l\u00e1ser.<\/p>\n<p>Sensor de infrarrojos: los gr\u00e1nulos de fluoruro de lantano tienen una buena transmitancia de infrarrojos y son adecuados para aplicaciones de detecci\u00f3n de infrarrojos y sensores de infrarrojos.<\/p>\n<p>Materiales cer\u00e1micos de alta temperatura: Debido a su alto punto de fusi\u00f3n y resistencia al calor, los gr\u00e1nulos de fluoruro de lantano se utilizan ampliamente en la producci\u00f3n de cer\u00e1mica de alta temperatura y materiales el\u00e9ctricos.<\/p>\n<p>Deposici\u00f3n de pel\u00edculas finas: Como componente clave en revestimientos \u00f3pticos y materiales de pel\u00edcula fina, puede formar pel\u00edculas de alta densidad.<\/p>\n<h2><span style=\"font-size: 14pt;\">Informes<\/span><\/h2>\n<p>Proporcionamos certificados de an\u00e1lisis (COA), hojas de datos de seguridad de materiales (MSDS) y otros informes relevantes para cada lote de productos. Adem\u00e1s, tambi\u00e9n apoyamos las pruebas de terceros para mejorar la garant\u00eda de calidad.<\/p>\n","protected":false},"excerpt":{"rendered":"<p>Visi\u00f3n general de los gr\u00e1nulos de fluoruro de lantano Los gr\u00e1nulos de fluoruro de lantano (LaF3) son un material de alto rendimiento dise\u00f1ado para aplicaciones \u00f3pticas, l\u00e1ser, electr\u00f3nicas y de alta temperatura. Con una pureza extremadamente alta y una excelente estructura cristalina, se utilizan ampliamente en la deposici\u00f3n de pel\u00edculas finas, revestimientos \u00f3pticos, sensores infrarrojos, [&hellip;]<\/p>\n","protected":false},"featured_media":5587,"template":"","meta":{"_acf_changed":false},"product_brand":[132],"product_cat":[340],"product_tag":[447],"class_list":{"0":"post-12083","1":"product","2":"type-product","3":"status-publish","4":"has-post-thumbnail","6":"product_brand-ulpmat","7":"product_cat-materiales-de-evaporacion","8":"product_tag-materiales-de-tierras-raras","10":"first","11":"instock","12":"shipping-taxable","13":"product-type-variable"},"acf":[],"_links":{"self":[{"href":"https:\/\/ulpmat.com\/es\/wp-json\/wp\/v2\/product\/12083","targetHints":{"allow":["GET"]}}],"collection":[{"href":"https:\/\/ulpmat.com\/es\/wp-json\/wp\/v2\/product"}],"about":[{"href":"https:\/\/ulpmat.com\/es\/wp-json\/wp\/v2\/types\/product"}],"wp:featuredmedia":[{"embeddable":true,"href":"https:\/\/ulpmat.com\/es\/wp-json\/wp\/v2\/media\/5587"}],"wp:attachment":[{"href":"https:\/\/ulpmat.com\/es\/wp-json\/wp\/v2\/media?parent=12083"}],"wp:term":[{"taxonomy":"product_brand","embeddable":true,"href":"https:\/\/ulpmat.com\/es\/wp-json\/wp\/v2\/product_brand?post=12083"},{"taxonomy":"product_cat","embeddable":true,"href":"https:\/\/ulpmat.com\/es\/wp-json\/wp\/v2\/product_cat?post=12083"},{"taxonomy":"product_tag","embeddable":true,"href":"https:\/\/ulpmat.com\/es\/wp-json\/wp\/v2\/product_tag?post=12083"}],"curies":[{"name":"wp","href":"https:\/\/api.w.org\/{rel}","templated":true}]}}