{"id":12032,"date":"2025-07-18T17:15:00","date_gmt":"2025-07-18T09:15:00","guid":{"rendered":"https:\/\/ulpmat.com\/product\/oxido-de-lantano-y-hierro\/"},"modified":"2025-07-18T17:15:00","modified_gmt":"2025-07-18T09:15:00","slug":"oxido-de-lantano-y-hierro","status":"publish","type":"product","link":"https:\/\/ulpmat.com\/es\/producto\/oxido-de-lantano-y-hierro\/","title":{"rendered":"\u00d3xido de lantano y hierro"},"content":{"rendered":"<h2><span style=\"font-size: 14pt;\">C\u00e1todos para sputtering de \u00f3xido de lantano y hierro Descripci\u00f3n general<\/span><\/h2>\n<p><strong><span style=\"color: #3366ff;\"><a style=\"color: #3366ff;\" href=\"https:\/\/ulpmat.com\/es\/buscar\/?type=element&#038;keyword=La%2CFe%2CO\">\u00d3xido de hierro de lantano<\/a><\/span><\/strong> es un c\u00e1todo de \u00f3xido multifuncional con una estructura de perovskita, que se utiliza ampliamente en campos de la investigaci\u00f3n y la industria como la cat\u00e1lisis, la electrocat\u00e1lisis, la detecci\u00f3n de gases, la optoelectr\u00f3nica, la ferroelectricidad y las pel\u00edculas magn\u00e9ticas. Suministramos c\u00e1todos de \u00f3xido de lantano y hierro con una pureza del 99,9%, que se procesan mediante procesos de sinterizaci\u00f3n y densificaci\u00f3n de precisi\u00f3n para garantizar una excelente consistencia, densidad y estabilidad qu\u00edmica de la pel\u00edcula, a fin de satisfacer los requisitos de procesos complejos.<\/p>\n<p>Podemos suministrar c\u00e1todos de \u00f3xido de lantano y hierro de diversas formas y tama\u00f1os, y tambi\u00e9n podemos personalizarlos seg\u00fan los par\u00e1metros espec\u00edficos de su equipo y sus necesidades de investigaci\u00f3n. Al mismo tiempo, proporcionamos asistencia t\u00e9cnica completa y servicio posventa para ayudarle a maximizar el rendimiento de sus materiales.<\/p>\n<h2><span style=\"font-size: 14pt;\">Productos destacados<\/span><\/h2>\n<p>Pureza: 99,9%, bajo contenido de impurezas, excelente estabilidad<br \/>\nBlanco cer\u00e1mico de alta densidad, adecuado para procesos como sputtering magnetr\u00f3nico y deposici\u00f3n por l\u00e1ser pulsado (PLD)<br \/>\nAdmite especificaciones y par\u00e1metros de sinterizaci\u00f3n personalizados<br \/>\nServicio de uni\u00f3n de c\u00e1todos disponible<br \/>\nEstructura de perovskita, con excelente transporte de electrones y actividad redox<\/p>\n<h2><span style=\"font-size: 14pt;\">Aplicaciones del c\u00e1todo para sputtering de \u00f3xido de lantano y hierro<\/span><\/h2>\n<p>Sensores de gas y pel\u00edculas catal\u00edticas: LaFeO3 muestra una excelente respuesta y selectividad en la detecci\u00f3n de gases a alta temperatura y la monitorizaci\u00f3n medioambiental.<br \/>\nElectrocat\u00e1lisis y pilas de combustible: Como material cat\u00f3dico, muestra un buen rendimiento catal\u00edtico en la reducci\u00f3n de ox\u00edgeno y es adecuado para pilas de combustible de \u00f3xido s\u00f3lido (SOFC).<br \/>\nInvestigaci\u00f3n de materiales magn\u00e9ticos y multiferroicos: Puede utilizarse para preparar pel\u00edculas funcionales con propiedades antiferromagn\u00e9ticas o ferroel\u00e9ctricas.<br \/>\nOptoelectr\u00f3nica y sensores: Sus propiedades de absorci\u00f3n de luz y transporte de carga le confieren amplias perspectivas en fotocat\u00e1lisis y dispositivos optoelectr\u00f3nicos.<\/p>\n<h2><span style=\"font-size: 14pt;\">Informes<\/span><\/h2>\n<p>Proporcionamos certificados de an\u00e1lisis (COA), hojas de datos de seguridad de materiales (MSDS) y otros informes relevantes para cada lote de productos. Adem\u00e1s, tambi\u00e9n apoyamos las pruebas de terceros para mejorar la garant\u00eda de calidad.<\/p>\n<h2><span style=\"font-size: 14pt;\">\u00bfPor qu\u00e9 elegirnos?<\/span><\/h2>\n<p>Proporcionamos <strong>c\u00e1todos para sputtering de \u00f3xido de hierro lantano de alta pureza<\/strong> con excelente densidad, microestructura uniforme y rendimiento fiable en la deposici\u00f3n de pel\u00edcula fina. Como proveedor profesional, ofrecemos personalizaci\u00f3n, estricto control de calidad, precios competitivos y entrega global segura para garantizar resultados estables para su investigaci\u00f3n y aplicaciones industriales.<\/p>\n","protected":false},"excerpt":{"rendered":"<p>C\u00e1todos para sputtering de \u00f3xido de lantano y hierro Descripci\u00f3n general \u00d3xido de hierro de lantano es un c\u00e1todo de \u00f3xido multifuncional con una estructura de perovskita, que se utiliza ampliamente en campos de la investigaci\u00f3n y la industria como la cat\u00e1lisis, la electrocat\u00e1lisis, la detecci\u00f3n de gases, la optoelectr\u00f3nica, la ferroelectricidad y las pel\u00edculas [&hellip;]<\/p>\n","protected":false},"featured_media":5599,"template":"","meta":{"_acf_changed":false},"product_brand":[132],"product_cat":[457],"product_tag":[447],"class_list":{"0":"post-12032","1":"product","2":"type-product","3":"status-publish","4":"has-post-thumbnail","6":"product_brand-ulpmat","7":"product_cat-blanco-ceramico-para-sputtering","8":"product_tag-materiales-de-tierras-raras","10":"first","11":"instock","12":"shipping-taxable","13":"product-type-variable"},"acf":[],"_links":{"self":[{"href":"https:\/\/ulpmat.com\/es\/wp-json\/wp\/v2\/product\/12032","targetHints":{"allow":["GET"]}}],"collection":[{"href":"https:\/\/ulpmat.com\/es\/wp-json\/wp\/v2\/product"}],"about":[{"href":"https:\/\/ulpmat.com\/es\/wp-json\/wp\/v2\/types\/product"}],"wp:featuredmedia":[{"embeddable":true,"href":"https:\/\/ulpmat.com\/es\/wp-json\/wp\/v2\/media\/5599"}],"wp:attachment":[{"href":"https:\/\/ulpmat.com\/es\/wp-json\/wp\/v2\/media?parent=12032"}],"wp:term":[{"taxonomy":"product_brand","embeddable":true,"href":"https:\/\/ulpmat.com\/es\/wp-json\/wp\/v2\/product_brand?post=12032"},{"taxonomy":"product_cat","embeddable":true,"href":"https:\/\/ulpmat.com\/es\/wp-json\/wp\/v2\/product_cat?post=12032"},{"taxonomy":"product_tag","embeddable":true,"href":"https:\/\/ulpmat.com\/es\/wp-json\/wp\/v2\/product_tag?post=12032"}],"curies":[{"name":"wp","href":"https:\/\/api.w.org\/{rel}","templated":true}]}}