{"id":11995,"date":"2025-07-18T17:15:01","date_gmt":"2025-07-18T09:15:01","guid":{"rendered":"https:\/\/ulpmat.com\/product\/aleacion-de-lantano-y-niquel-2\/"},"modified":"2025-07-18T17:15:01","modified_gmt":"2025-07-18T09:15:01","slug":"aleacion-de-lantano-y-niquel-2","status":"publish","type":"product","link":"https:\/\/ulpmat.com\/es\/producto\/aleacion-de-lantano-y-niquel-2\/","title":{"rendered":"Aleaci\u00f3n de lantano y n\u00edquel"},"content":{"rendered":"<h2><span style=\"font-size: 14pt;\">Visi\u00f3n general de la aleaci\u00f3n de lantano y n\u00edquel<\/span><\/h2>\n<p><strong><span style=\"color: #3366ff;\"><a style=\"color: #3366ff;\" href=\"https:\/\/ulpmat.com\/es\/buscar\/?type=element&#038;keyword=La%2CNi\">La aleaci\u00f3n de lantano y n\u00edquel (LaNi5)<\/a><\/span><\/strong> son materiales de aleaci\u00f3n de alto rendimiento dise\u00f1ados para el almacenamiento de hidr\u00f3geno y materiales funcionales. Con una composici\u00f3n pura, una estructura estable, una excelente capacidad de almacenamiento de hidr\u00f3geno y una buena estabilidad qu\u00edmica, se utilizan ampliamente en muchos campos de alta gama, como la energ\u00eda, la cat\u00e1lisis y la preparaci\u00f3n de aleaciones.<\/p>\n<p>Proporcionamos gr\u00e1nulos de aleaci\u00f3n de lantano y n\u00edquel de alta calidad, y de tama\u00f1o personalizado seg\u00fan las necesidades del cliente. Nuestros productos se controlan estrictamente para garantizar un rendimiento estable y fiable del material. Al mismo tiempo, ofrecemos un completo servicio de asistencia t\u00e9cnica posventa para ayudar a los clientes a resolver cualquier problema que se les presente durante el uso.<\/p>\n<h2><span style=\"font-size: 14pt;\">Productos destacados<\/span><\/h2>\n<p>El tama\u00f1o se puede personalizar seg\u00fan los requisitos del cliente<br \/>\nAdecuado para materiales de almacenamiento de hidr\u00f3geno, catalizadores y preparaci\u00f3n de aleaciones<br \/>\nEmbalaje personalizable<\/p>\n<h2><span style=\"font-size: 14pt;\">Aplicaciones de los gr\u00e1nulos de aleaci\u00f3n de lantano y n\u00edquel<\/span><\/h2>\n<p>Materiales de almacenamiento de hidr\u00f3geno: Debido a sus excelentes propiedades de absorci\u00f3n y desorci\u00f3n de hidr\u00f3geno, se utiliza ampliamente en sistemas de almacenamiento de hidr\u00f3geno de hidruro met\u00e1lico.<br \/>\nPortador de catalizador: Proporciona buena actividad y estabilidad en reacciones catal\u00edticas.<br \/>\nFabricaci\u00f3n de aleaciones: Como materia prima clave para la preparaci\u00f3n de aleaciones funcionales, satisface diferentes requisitos de aplicaci\u00f3n.<\/p>\n<h2><span style=\"font-size: 14pt;\">Informes<\/span><\/h2>\n<p>Proporcionamos certificados de an\u00e1lisis (COA) detallados, hojas de datos de seguridad de materiales (MSDS) e informes t\u00e9cnicos relacionados para cada lote de productos. Tambi\u00e9n apoyamos las pruebas de terceros para garantizar que la calidad de los productos cumple las normas m\u00e1s estrictas.<\/p>\n<h2><span style=\"font-size: 14pt;\">\u00bfPor qu\u00e9 elegirnos?<\/span><\/h2>\n<p>Como proveedor de confianza de aleaci\u00f3n de n\u00edquel lantano (LaNi5) de alta calidad, ofrecemos un excelente rendimiento de almacenamiento de hidr\u00f3geno, una composici\u00f3n estable, una calidad constante y un suministro fiable, respaldados por un soporte t\u00e9cnico profesional para satisfacer tanto las aplicaciones de investigaci\u00f3n como las de energ\u00eda industrial.<\/p>\n","protected":false},"excerpt":{"rendered":"<p>Visi\u00f3n general de la aleaci\u00f3n de lantano y n\u00edquel La aleaci\u00f3n de lantano y n\u00edquel (LaNi5) son materiales de aleaci\u00f3n de alto rendimiento dise\u00f1ados para el almacenamiento de hidr\u00f3geno y materiales funcionales. Con una composici\u00f3n pura, una estructura estable, una excelente capacidad de almacenamiento de hidr\u00f3geno y una buena estabilidad qu\u00edmica, se utilizan ampliamente en [&hellip;]<\/p>\n","protected":false},"featured_media":5611,"template":"","meta":{"_acf_changed":false},"product_brand":[132],"product_cat":[340],"product_tag":[447],"class_list":{"0":"post-11995","1":"product","2":"type-product","3":"status-publish","4":"has-post-thumbnail","6":"product_brand-ulpmat","7":"product_cat-materiales-de-evaporacion","8":"product_tag-materiales-de-tierras-raras","10":"first","11":"instock","12":"shipping-taxable","13":"product-type-variable"},"acf":[],"_links":{"self":[{"href":"https:\/\/ulpmat.com\/es\/wp-json\/wp\/v2\/product\/11995","targetHints":{"allow":["GET"]}}],"collection":[{"href":"https:\/\/ulpmat.com\/es\/wp-json\/wp\/v2\/product"}],"about":[{"href":"https:\/\/ulpmat.com\/es\/wp-json\/wp\/v2\/types\/product"}],"wp:featuredmedia":[{"embeddable":true,"href":"https:\/\/ulpmat.com\/es\/wp-json\/wp\/v2\/media\/5611"}],"wp:attachment":[{"href":"https:\/\/ulpmat.com\/es\/wp-json\/wp\/v2\/media?parent=11995"}],"wp:term":[{"taxonomy":"product_brand","embeddable":true,"href":"https:\/\/ulpmat.com\/es\/wp-json\/wp\/v2\/product_brand?post=11995"},{"taxonomy":"product_cat","embeddable":true,"href":"https:\/\/ulpmat.com\/es\/wp-json\/wp\/v2\/product_cat?post=11995"},{"taxonomy":"product_tag","embeddable":true,"href":"https:\/\/ulpmat.com\/es\/wp-json\/wp\/v2\/product_tag?post=11995"}],"curies":[{"name":"wp","href":"https:\/\/api.w.org\/{rel}","templated":true}]}}